{"id":3159,"date":"2020-03-30T09:39:43","date_gmt":"2020-03-30T12:39:43","guid":{"rendered":"https:\/\/projeto.online\/protec\/?post_type=product&#038;p=3159"},"modified":"2026-02-13T12:15:43","modified_gmt":"2026-02-13T15:15:43","slug":"kit-para-ambulancia","status":"publish","type":"product","link":"https:\/\/www.protec.com.br\/es\/producto\/kit-para-ambulancia\/","title":{"rendered":"KIT PARA AMBULANCIA CON PANEL DE ALUMINIO DE 3 SALIDAS"},"content":{"rendered":"<p>Kit Compuesto por los siguientes elementos:<\/p>\n<ul>\n<li>regla de 3 puntos para ox\u00edgeno;<\/li>\n<li>01 V\u00e1lvula reguladora de presi\u00f3n para botella con 01 salida para ox\u00edgeno;<\/li>\n<li>01 Extensi\u00f3n en nylon trenzado de 03 metros;<\/li>\n<li>02 caudal\u00edmetros STD para ox\u00edgeno;<\/li>\n<li>01 Micronebulizador compuesto por un envase de medicamento de 15 ml, extensi\u00f3n de pl\u00e1stico y m\u00e1scara de inhalaci\u00f3n;<\/li>\n<li>01 Humidificador con botella de pl\u00e1stico, cable de extensi\u00f3n y m\u00e1scara de ox\u00edgeno;<\/li>\n<li>01 Aspirador de ox\u00edgeno Venturi.<\/li>\n<\/ul>","protected":false},"excerpt":{"rendered":"<p>Indicado para asistir en pequenos veh\u00edculos de rescate, ambulancias y camillas de transporte.<\/p>\n<p><strong>RMS:<\/strong> 80435140048<\/p>","protected":false},"featured_media":28601,"template":"","meta":{"_acf_changed":false},"product_brand":[],"product_cat":[290,28],"product_tag":[],"class_list":{"0":"post-3159","1":"product","2":"type-product","3":"status-publish","4":"has-post-thumbnail","6":"product_cat-kit-para-ambulancia","7":"product_cat-menu-resgate","9":"first","10":"instock","11":"virtual","12":"taxable","13":"purchasable","14":"product-type-simple"},"acf":[],"_links":{"self":[{"href":"https:\/\/www.protec.com.br\/es\/wp-json\/wp\/v2\/product\/3159","targetHints":{"allow":["GET"]}}],"collection":[{"href":"https:\/\/www.protec.com.br\/es\/wp-json\/wp\/v2\/product"}],"about":[{"href":"https:\/\/www.protec.com.br\/es\/wp-json\/wp\/v2\/types\/product"}],"version-history":[{"count":1,"href":"https:\/\/www.protec.com.br\/es\/wp-json\/wp\/v2\/product\/3159\/revisions"}],"predecessor-version":[{"id":43373,"href":"https:\/\/www.protec.com.br\/es\/wp-json\/wp\/v2\/product\/3159\/revisions\/43373"}],"wp:featuredmedia":[{"embeddable":true,"href":"https:\/\/www.protec.com.br\/es\/wp-json\/wp\/v2\/media\/28601"}],"wp:attachment":[{"href":"https:\/\/www.protec.com.br\/es\/wp-json\/wp\/v2\/media?parent=3159"}],"wp:term":[{"taxonomy":"product_brand","embeddable":true,"href":"https:\/\/www.protec.com.br\/es\/wp-json\/wp\/v2\/product_brand?post=3159"},{"taxonomy":"product_cat","embeddable":true,"href":"https:\/\/www.protec.com.br\/es\/wp-json\/wp\/v2\/product_cat?post=3159"},{"taxonomy":"product_tag","embeddable":true,"href":"https:\/\/www.protec.com.br\/es\/wp-json\/wp\/v2\/product_tag?post=3159"}],"curies":[{"name":"wp","href":"https:\/\/api.w.org\/{rel}","templated":true}]}}