{"id":31558,"date":"2024-07-18T10:29:57","date_gmt":"2024-07-18T13:29:57","guid":{"rendered":"https:\/\/beta.alcinfotech.com.br\/?post_type=product&#038;p=31558"},"modified":"2026-02-12T09:42:33","modified_gmt":"2026-02-12T12:42:33","slug":"tomada-dupla-com-valvula-vacuo","status":"publish","type":"product","link":"https:\/\/www.protec.com.br\/es\/producto\/tomada-dupla-com-valvula-vacuo\/","title":{"rendered":"TOMADA DUPLA COM V\u00c1LVULA V\u00c1CUO"},"content":{"rendered":"<p>As tomadas duplas e triplas tem como fun\u00e7\u00e3o principal multiplicar os pontos de gases medicinais dando maior autonomia em locais onde os pontos de gases medicinais s\u00e3o escassos.<\/p>\n<p>As Tomadas Duplas e triplas da marca Protec possuem v\u00e1lvula de impacto para bloqueio do g\u00e1s medicinal quando o bico auxiliar n\u00e3o esta em uso. Indicada para uso nos pontos de gases medicinais, reguladores de press\u00e3o (V\u00e1lvulas de cilindros, v\u00e1lvulas reguladoras de press\u00e3o), neste caso a sa\u00edda ser\u00e1 igual \u00e0 press\u00e3o ajustada na v\u00e1lvula redutora de press\u00e3o.<\/p>\n<p>&nbsp;<\/p>\n<p><strong>RMS:<\/strong> 80435149004<\/p>","protected":false},"excerpt":{"rendered":"<p>As tomadas duplas e triplas tem como fun\u00e7\u00e3o principal multiplicar os pontos de gases medicinais dando maior autonomia em locais onde os pontos de gases medicinais s\u00e3o escassos.<\/p>\n<p>As Tomadas Duplas e triplas da marca Protec possuem v\u00e1lvula de impacto para bloqueio do g\u00e1s medicinal quando o bico auxiliar n\u00e3o esta em uso. Indicada para uso nos pontos de gases medicinais, reguladores de press\u00e3o (V\u00e1lvulas de cilindros, v\u00e1lvulas reguladoras de press\u00e3o), neste caso a sa\u00edda ser\u00e1 igual \u00e0 press\u00e3o ajustada na v\u00e1lvula redutora de press\u00e3o.<\/p>\n<p>&nbsp;<\/p>\n<p><strong>RMS:<\/strong> 80435149004<\/p>","protected":false},"featured_media":32209,"template":"","meta":{"_acf_changed":false},"product_brand":[],"product_cat":[24,267],"product_tag":[511,512],"class_list":{"0":"post-31558","1":"product","2":"type-product","3":"status-publish","4":"has-post-thumbnail","6":"product_cat-menu-gasoterapia","7":"product_cat-tomadas-duplas-e-triplas","8":"product_tag-tomada-dupla","9":"product_tag-vacuo","11":"first","12":"instock","13":"taxable","14":"shipping-taxable","15":"purchasable","16":"product-type-simple"},"acf":[],"_links":{"self":[{"href":"https:\/\/www.protec.com.br\/es\/wp-json\/wp\/v2\/product\/31558","targetHints":{"allow":["GET"]}}],"collection":[{"href":"https:\/\/www.protec.com.br\/es\/wp-json\/wp\/v2\/product"}],"about":[{"href":"https:\/\/www.protec.com.br\/es\/wp-json\/wp\/v2\/types\/product"}],"version-history":[{"count":1,"href":"https:\/\/www.protec.com.br\/es\/wp-json\/wp\/v2\/product\/31558\/revisions"}],"predecessor-version":[{"id":42715,"href":"https:\/\/www.protec.com.br\/es\/wp-json\/wp\/v2\/product\/31558\/revisions\/42715"}],"wp:featuredmedia":[{"embeddable":true,"href":"https:\/\/www.protec.com.br\/es\/wp-json\/wp\/v2\/media\/32209"}],"wp:attachment":[{"href":"https:\/\/www.protec.com.br\/es\/wp-json\/wp\/v2\/media?parent=31558"}],"wp:term":[{"taxonomy":"product_brand","embeddable":true,"href":"https:\/\/www.protec.com.br\/es\/wp-json\/wp\/v2\/product_brand?post=31558"},{"taxonomy":"product_cat","embeddable":true,"href":"https:\/\/www.protec.com.br\/es\/wp-json\/wp\/v2\/product_cat?post=31558"},{"taxonomy":"product_tag","embeddable":true,"href":"https:\/\/www.protec.com.br\/es\/wp-json\/wp\/v2\/product_tag?post=31558"}],"curies":[{"name":"wp","href":"https:\/\/api.w.org\/{rel}","templated":true}]}}