{"id":31554,"date":"2024-07-18T10:10:02","date_gmt":"2024-07-18T13:10:02","guid":{"rendered":"https:\/\/beta.alcinfotech.com.br\/?post_type=product&#038;p=31554"},"modified":"2026-02-08T11:54:29","modified_gmt":"2026-02-08T14:54:29","slug":"posto-parede-interno-nitrogenio","status":"publish","type":"product","link":"https:\/\/www.protec.com.br\/es\/producto\/posto-parede-interno-nitrogenio\/","title":{"rendered":"POSTO PAREDE INTERNO NITROG\u00caNIO"},"content":{"rendered":"<p>Os Postos Parede para Rede de Gases seguem um rigoroso crit\u00e9rio de fabrica\u00e7\u00e3o, possuem Canopla para acabamento externo com indica\u00e7\u00e3o do tipo de g\u00e1s, suas v\u00e1lvulas medicinais seguem os padr\u00f5es ABNT e possuem v\u00e1lvula de impacto para estanqueidade do g\u00e1s.<\/p>\n<p>O posto de parede \u00e9 fundamental nas unidades de atendimentos para que os equipamentos de gasoterapia sejam conectados, assim como os equipamentos de suporte \u00e1 vida \u201crespiradores pulmonares\u201d.<\/p>\n<p>Os postos\u00a0 parede para rede de gases est\u00e3o dispon\u00edveis em quatro op\u00e7\u00f5es de gases medicinais: Ar Comprimido, Oxig\u00eanio, Nitrog\u00eanio, \u00d3xido Nitroso e V\u00e1cuo<\/p>\n<ul>\n<li><strong>Posto parede para Rede de Gases Interno<\/strong> quando as tubula\u00e7\u00f5es de gases medicinais est\u00e3o embutidas na parede do hospital<\/li>\n<li><strong>Posto Parede para Rede de Gases Externo<\/strong> quando a tubula\u00e7\u00e3o de gases medicinais \u00e9 vis\u00edvel e percorrem a parede pelo lado externo da parede.<\/li>\n<\/ul>\n<p><strong>RMS:<\/strong> 80435149002<\/p>","protected":false},"excerpt":{"rendered":"<p>Os Postos Parede para Rede de Gases seguem um rigoroso crit\u00e9rio de fabrica\u00e7\u00e3o, possuem Canopla para acabamento externo com indica\u00e7\u00e3o do tipo de g\u00e1s, suas v\u00e1lvulas medicinais seguem os padr\u00f5es ABNT e possuem v\u00e1lvula de impacto para estanqueidade do g\u00e1s.<\/p>\n<p>O posto de parede \u00e9 fundamental nas unidades de atendimentos para que os equipamentos de gasoterapia sejam conectados, assim como os equipamentos de suporte \u00e1 vida \u201crespiradores pulmonares\u201d.<\/p>\n<p>Os postos\u00a0 parede para rede de gases est\u00e3o dispon\u00edveis em quatro op\u00e7\u00f5es de gases medicinais: Ar Comprimido, Oxig\u00eanio, Nitrog\u00eanio, \u00d3xido Nitroso e V\u00e1cuo<\/p>\n<ul>\n<li><strong>Posto parede para Rede de Gases Interno<\/strong> quando as tubula\u00e7\u00f5es de gases medicinais est\u00e3o embutidas na parede do hospital<\/li>\n<li><strong>Posto Parede para Rede de Gases Externo<\/strong> quando a tubula\u00e7\u00e3o de gases medicinais \u00e9 vis\u00edvel e percorrem a parede pelo lado externo da parede.<\/li>\n<\/ul>\n<p><strong>RMS:<\/strong> 80435149002<\/p>","protected":false},"featured_media":0,"template":"","meta":{"_acf_changed":false},"product_brand":[],"product_cat":[24,266],"product_tag":[516,515,513],"class_list":{"0":"post-31554","1":"product","2":"type-product","3":"status-publish","5":"product_cat-menu-gasoterapia","6":"product_cat-posto-parede","7":"product_tag-interno","8":"product_tag-nitrogenio","9":"product_tag-posto-parede","11":"first","12":"instock","13":"taxable","14":"shipping-taxable","15":"purchasable","16":"product-type-simple"},"acf":[],"_links":{"self":[{"href":"https:\/\/www.protec.com.br\/es\/wp-json\/wp\/v2\/product\/31554","targetHints":{"allow":["GET"]}}],"collection":[{"href":"https:\/\/www.protec.com.br\/es\/wp-json\/wp\/v2\/product"}],"about":[{"href":"https:\/\/www.protec.com.br\/es\/wp-json\/wp\/v2\/types\/product"}],"version-history":[{"count":1,"href":"https:\/\/www.protec.com.br\/es\/wp-json\/wp\/v2\/product\/31554\/revisions"}],"predecessor-version":[{"id":42746,"href":"https:\/\/www.protec.com.br\/es\/wp-json\/wp\/v2\/product\/31554\/revisions\/42746"}],"wp:attachment":[{"href":"https:\/\/www.protec.com.br\/es\/wp-json\/wp\/v2\/media?parent=31554"}],"wp:term":[{"taxonomy":"product_brand","embeddable":true,"href":"https:\/\/www.protec.com.br\/es\/wp-json\/wp\/v2\/product_brand?post=31554"},{"taxonomy":"product_cat","embeddable":true,"href":"https:\/\/www.protec.com.br\/es\/wp-json\/wp\/v2\/product_cat?post=31554"},{"taxonomy":"product_tag","embeddable":true,"href":"https:\/\/www.protec.com.br\/es\/wp-json\/wp\/v2\/product_tag?post=31554"}],"curies":[{"name":"wp","href":"https:\/\/api.w.org\/{rel}","templated":true}]}}