{"id":31546,"date":"2024-07-18T09:20:52","date_gmt":"2024-07-18T12:20:52","guid":{"rendered":"https:\/\/beta.alcinfotech.com.br\/?post_type=product&#038;p=31546"},"modified":"2026-02-13T14:49:44","modified_gmt":"2026-02-13T17:49:44","slug":"fluxometro-0-15-lpm-femea-nitrogenio","status":"publish","type":"product","link":"https:\/\/www.protec.com.br\/es\/producto\/fluxometro-0-15-lpm-femea-nitrogenio\/","title":{"rendered":"FLUX\u00d4METRO 0-15 LPM F\u00caMEA PARA NITROG\u00caNIO"},"content":{"rendered":"<p>Os flux\u00f4metros s\u00e3o desenvolvidos para controlar a quantidade exata de Oxig\u00eanio atrav\u00e9s de uma escala onde \u00e9 poss\u00edvel regular a vaz\u00e3o do g\u00e1s utilizado em litros por minuto. Os Flux\u00f4metros fabricados pela Protec oferecem alta precis\u00e3o e indiscut\u00edvel qualidade.<\/p>\n<p>Normalmente s\u00e3o utilizados em hospitais, ambul\u00e2ncias e clinicas para fornecimento de fluxo constante de gases medicinais para tratamento de pacientes.<\/p>\n<p><strong>RMS:<\/strong> 80435140028<\/p>","protected":false},"excerpt":{"rendered":"<p>Os flux\u00f4metros s\u00e3o desenvolvidos para controlar a quantidade exata de Oxig\u00eanio atrav\u00e9s de uma escala onde \u00e9 poss\u00edvel regular a vaz\u00e3o do g\u00e1s utilizado em litros por minuto. Os Flux\u00f4metros fabricados pela Protec oferecem alta precis\u00e3o e indiscut\u00edvel qualidade.<\/p>\n<p>Normalmente s\u00e3o utilizados em hospitais, ambul\u00e2ncias e clinicas para fornecimento de fluxo constante de gases medicinais para tratamento de pacientes.<\/p>\n<p><strong>RMS:<\/strong> 80435140028<\/p>","protected":false},"featured_media":0,"template":"","meta":{"_acf_changed":false},"product_brand":[],"product_cat":[249,24],"product_tag":[137,515],"class_list":{"0":"post-31546","1":"product","2":"type-product","3":"status-publish","5":"product_cat-fluxometros","6":"product_cat-menu-gasoterapia","7":"product_tag-fluxometro","8":"product_tag-nitrogenio","10":"first","11":"instock","12":"taxable","13":"shipping-taxable","14":"purchasable","15":"product-type-simple"},"acf":[],"_links":{"self":[{"href":"https:\/\/www.protec.com.br\/es\/wp-json\/wp\/v2\/product\/31546","targetHints":{"allow":["GET"]}}],"collection":[{"href":"https:\/\/www.protec.com.br\/es\/wp-json\/wp\/v2\/product"}],"about":[{"href":"https:\/\/www.protec.com.br\/es\/wp-json\/wp\/v2\/types\/product"}],"version-history":[{"count":1,"href":"https:\/\/www.protec.com.br\/es\/wp-json\/wp\/v2\/product\/31546\/revisions"}],"predecessor-version":[{"id":42011,"href":"https:\/\/www.protec.com.br\/es\/wp-json\/wp\/v2\/product\/31546\/revisions\/42011"}],"wp:attachment":[{"href":"https:\/\/www.protec.com.br\/es\/wp-json\/wp\/v2\/media?parent=31546"}],"wp:term":[{"taxonomy":"product_brand","embeddable":true,"href":"https:\/\/www.protec.com.br\/es\/wp-json\/wp\/v2\/product_brand?post=31546"},{"taxonomy":"product_cat","embeddable":true,"href":"https:\/\/www.protec.com.br\/es\/wp-json\/wp\/v2\/product_cat?post=31546"},{"taxonomy":"product_tag","embeddable":true,"href":"https:\/\/www.protec.com.br\/es\/wp-json\/wp\/v2\/product_tag?post=31546"}],"curies":[{"name":"wp","href":"https:\/\/api.w.org\/{rel}","templated":true}]}}