{"id":31494,"date":"2024-07-17T12:14:47","date_gmt":"2024-07-17T15:14:47","guid":{"rendered":"https:\/\/beta.alcinfotech.com.br\/?post_type=product&#038;p=31494"},"modified":"2026-02-13T15:07:40","modified_gmt":"2026-02-13T18:07:40","slug":"traqueia-silicone-neonatal-10x22x400","status":"publish","type":"product","link":"https:\/\/www.protec.com.br\/es\/producto\/traqueia-silicone-neonatal-10x22x400\/","title":{"rendered":"TRAQUEIA EM SILICONE NEONATAL 10X22X400MM DRAGER"},"content":{"rendered":"<p>Traqueia confeccionada em silicone transl\u00facido, autoclav\u00e1vel a 134\u00b0 e com certificado de biocompatibilidade ISO 10.993. Possui superf\u00edcie externa em elipse e superf\u00edcie interna lisa para evitar ac\u00famulo de res\u00edduos e umidade. Indicada para composi\u00e7\u00e3o de circuitos respirat\u00f3rios e de anestesia.<\/p>\n<p>Traqueia compat\u00edvel com equipamentos Drager.<\/p>\n<p><strong>RMS:<\/strong> 80435140008<\/p>","protected":false},"excerpt":{"rendered":"<p>Traqueia confeccionada em silicone transl\u00facido, autoclav\u00e1vel a 134\u00b0 e com certificado de biocompatibilidade ISO 10.993. Possui superf\u00edcie externa em elipse e superf\u00edcie interna lisa para evitar ac\u00famulo de res\u00edduos e umidade. Indicada para composi\u00e7\u00e3o de circuitos respirat\u00f3rios e de anestesia.<\/p>\n<p>Traqueia compat\u00edvel com equipamentos Drager.<\/p>\n<p><strong>RMS:<\/strong> 80435140008<\/p>","protected":false},"featured_media":32904,"template":"","meta":{"_acf_changed":false},"product_brand":[],"product_cat":[21,289],"product_tag":[],"class_list":{"0":"post-31494","1":"product","2":"type-product","3":"status-publish","4":"has-post-thumbnail","6":"product_cat-menu-anestesia","7":"product_cat-traqueia-em-silicone","9":"first","10":"instock","11":"taxable","12":"shipping-taxable","13":"purchasable","14":"product-type-simple"},"acf":[],"_links":{"self":[{"href":"https:\/\/www.protec.com.br\/es\/wp-json\/wp\/v2\/product\/31494","targetHints":{"allow":["GET"]}}],"collection":[{"href":"https:\/\/www.protec.com.br\/es\/wp-json\/wp\/v2\/product"}],"about":[{"href":"https:\/\/www.protec.com.br\/es\/wp-json\/wp\/v2\/types\/product"}],"version-history":[{"count":1,"href":"https:\/\/www.protec.com.br\/es\/wp-json\/wp\/v2\/product\/31494\/revisions"}],"predecessor-version":[{"id":42680,"href":"https:\/\/www.protec.com.br\/es\/wp-json\/wp\/v2\/product\/31494\/revisions\/42680"}],"wp:featuredmedia":[{"embeddable":true,"href":"https:\/\/www.protec.com.br\/es\/wp-json\/wp\/v2\/media\/32904"}],"wp:attachment":[{"href":"https:\/\/www.protec.com.br\/es\/wp-json\/wp\/v2\/media?parent=31494"}],"wp:term":[{"taxonomy":"product_brand","embeddable":true,"href":"https:\/\/www.protec.com.br\/es\/wp-json\/wp\/v2\/product_brand?post=31494"},{"taxonomy":"product_cat","embeddable":true,"href":"https:\/\/www.protec.com.br\/es\/wp-json\/wp\/v2\/product_cat?post=31494"},{"taxonomy":"product_tag","embeddable":true,"href":"https:\/\/www.protec.com.br\/es\/wp-json\/wp\/v2\/product_tag?post=31494"}],"curies":[{"name":"wp","href":"https:\/\/api.w.org\/{rel}","templated":true}]}}