{"id":31484,"date":"2024-07-17T10:47:19","date_gmt":"2024-07-17T13:47:19","guid":{"rendered":"https:\/\/beta.alcinfotech.com.br\/?post_type=product&#038;p=31484"},"modified":"2026-02-16T09:47:52","modified_gmt":"2026-02-16T12:47:52","slug":"traqueia-em-silicone-adulto-6930","status":"publish","type":"product","link":"https:\/\/www.protec.com.br\/es\/producto\/traqueia-em-silicone-adulto-6930\/","title":{"rendered":"TRAQUEIA EM SILICONE ADULTO 22X350MM DRAGER"},"content":{"rendered":"<div class=\"hide-scrollbar markdown prose relative w-full max-w-none overflow-x-scroll break-words text-base leading-7 first:mt-0 prose-headings:first:mt-0 prose-strong:font-bold prose-thead:font-bold light:text-[#3E4247] dark:text-[#EBEBEB] prose-headings:light:text-[#3E4247]\">\n<div>\n<div>\n<h1 class=\"mb-3 mt-4 text-[2rem]\/[2.75rem] font-bold\"><strong>Traqueia em Silicone Adulto Certificada ISO 10.933 \u2013 Seguran\u00e7a e Qualidade<\/strong><\/h1>\n<\/div>\n<\/div>\n<\/div>\n<div class=\"hide-scrollbar markdown prose relative w-full max-w-none overflow-x-scroll break-words text-base leading-7 first:mt-0 prose-headings:first:mt-0 prose-strong:font-bold prose-thead:font-bold light:text-[#3E4247] dark:text-[#EBEBEB] prose-headings:light:text-[#3E4247]\">\n<p class=\"mb-2 mt-4 text-[1.5rem]\/[2.25rem] font-bold\">A traqueia em silicone adulto \u00e9 um dos componentes mais importantes para a composi\u00e7\u00e3o de circuitos respirat\u00f3rios e anest\u00e9sicos. Em um campo onde a seguran\u00e7a do paciente \u00e9 prioridade, a escolha de materiais biocompat\u00edveis e rigorosamente testados faz toda a diferen\u00e7a. Nosso produto foi desenvolvido para atender os mais altos padr\u00f5es de qualidade, com compatibilidade garantida com equipamentos DRAGER e certifica\u00e7\u00e3o ISO 10.933. Saiba como esta solu\u00e7\u00e3o avan\u00e7ada pode contribuir para maior seguran\u00e7a e efici\u00eancia na sua pr\u00e1tica m\u00e9dica.<\/p>\n<p class=\"mb-2 mt-4 text-[1.5rem]\/[2.25rem] font-bold\"><strong>Silicone de Grau M\u00e9dico e Biocompat\u00edvel<\/strong><\/p>\n<\/div>\n<div class=\"hide-scrollbar markdown prose relative w-full max-w-none overflow-x-scroll break-words text-base leading-7 first:mt-0 prose-headings:first:mt-0 prose-strong:font-bold prose-thead:font-bold light:text-[#3E4247] dark:text-[#EBEBEB] prose-headings:light:text-[#3E4247]\">\n<p class=\"mb-2 mt-4 text-[1.25rem]\/[2rem] font-bold\">A traqueia em silicone adulto \u00e9 confeccionada com silicone de grau m\u00e9dico, um material amplamente reconhecido pela sua biocompatibilidade e baixa reatividade. O silicone transl\u00facido utilizado \u00e9 completamente isento de impurezas, metais pesados e quaisquer subst\u00e2ncias que poderiam comprometer a sa\u00fade do paciente, garantindo alta toler\u00e2ncia mesmo em procedimentos prolongados.<\/p>\n<\/div>\n<div class=\"hide-scrollbar markdown prose relative w-full max-w-none overflow-x-scroll break-words text-base leading-7 first:mt-0 prose-headings:first:mt-0 prose-strong:font-bold prose-thead:font-bold light:text-[#3E4247] dark:text-[#EBEBEB] prose-headings:light:text-[#3E4247]\">\n<div><strong>Certifica\u00e7\u00e3o ISO 10.933<\/strong><\/div>\n<\/div>\n<div class=\"hide-scrollbar markdown prose relative w-full max-w-none overflow-x-scroll break-words text-base leading-7 first:mt-0 prose-headings:first:mt-0 prose-strong:font-bold prose-thead:font-bold light:text-[#3E4247] dark:text-[#EBEBEB] prose-headings:light:text-[#3E4247]\">\n<div><\/div>\n<div>A certifica\u00e7\u00e3o ISO 10.933 \u00e9 a garantia de que o produto foi submetido a rigorosos processos de valida\u00e7\u00e3o e controle de qualidade. Essa norma internacional certifica que a traqueia possui compatibilidade biol\u00f3gica e cumpre os requisitos de seguran\u00e7a exigidos para dispositivos m\u00e9dicos, minimizando os riscos de rea\u00e7\u00f5es adversas.<\/div>\n<\/div>\n<div class=\"hide-scrollbar markdown prose relative w-full max-w-none overflow-x-scroll break-words text-base leading-7 first:mt-0 prose-headings:first:mt-0 prose-strong:font-bold prose-thead:font-bold light:text-[#3E4247] dark:text-[#EBEBEB] prose-headings:light:text-[#3E4247]\">\n<div>\n<div><\/div>\n<div>Al\u00e9m de seu material superior, a traqueia apresenta:<\/div>\n<\/div>\n<\/div>\n<div class=\"hide-scrollbar markdown prose relative w-full max-w-none overflow-x-scroll break-words text-base leading-7 first:mt-0 prose-headings:first:mt-0 prose-strong:font-bold prose-thead:font-bold light:text-[#3E4247] dark:text-[#EBEBEB] prose-headings:light:text-[#3E4247]\">\n<div>\n<div>\n<ul class=\"mb-2 mt-0\">\n<li class=\"my-[5px] first:mt-0 last:mb-0\" data-copy-text=\"true\"><strong>Superf\u00edcie Interna Lisa<\/strong>: Garante fluxo de ar otimizado, prevenindo o ac\u00famulo de res\u00edduos e umidade.<\/li>\n<li class=\"my-[5px] first:mt-0 last:mb-0\" data-copy-text=\"true\"><strong>Superf\u00edcie Externa em Elipse<\/strong>: Proporciona maior resist\u00eancia e flexibilidade, adaptando-se perfeitamente em circuitos respirat\u00f3rios de diferentes complexidades.<\/li>\n<li class=\"my-[5px] first:mt-0 last:mb-0\" data-copy-text=\"true\"><strong>Autoclav\u00e1vel a 134\u00b0C<\/strong>: Suporta processos rigorosos de esteriliza\u00e7\u00e3o, garantindo reaproveitamento seguro e efici\u00eancia operacional.<\/li>\n<\/ul>\n<\/div>\n<\/div>\n<\/div>\n<div class=\"hide-scrollbar markdown prose relative w-full max-w-none overflow-x-scroll break-words text-base leading-7 first:mt-0 prose-headings:first:mt-0 prose-strong:font-bold prose-thead:font-bold light:text-[#3E4247] dark:text-[#EBEBEB] prose-headings:light:text-[#3E4247]\">\n<div>\n<div>\n<h3 class=\"mb-2 mt-4 text-[1.25rem]\/[2rem] font-bold\"><strong>Compatibilidade com Equipamentos DRAGER<\/strong><\/h3>\n<\/div>\n<\/div>\n<\/div>\n<div class=\"hide-scrollbar markdown prose relative w-full max-w-none overflow-x-scroll break-words text-base leading-7 first:mt-0 prose-headings:first:mt-0 prose-strong:font-bold prose-thead:font-bold light:text-[#3E4247] dark:text-[#EBEBEB] prose-headings:light:text-[#3E4247]\">\n<div>A dimens\u00e3o e funcionalidade da traqueia s\u00e3o especialmente compat\u00edveis com equipamentos DRAGER, reconhecidos mundialmente em institui\u00e7\u00f5es m\u00e9dicas pela confiabilidade e alta tecnologia.<\/div>\n<\/div>\n<div class=\"hide-scrollbar markdown prose relative w-full max-w-none overflow-x-scroll break-words text-base leading-7 first:mt-0 prose-headings:first:mt-0 prose-strong:font-bold prose-thead:font-bold light:text-[#3E4247] dark:text-[#EBEBEB] prose-headings:light:text-[#3E4247]\">\n<div>\n<div>\n<h2 class=\"mb-2 mt-4 text-[1.5rem]\/[2.25rem] font-bold\"><strong>Vantagens e Benef\u00edcios<\/strong><\/h2>\n<\/div>\n<\/div>\n<\/div>\n<div class=\"hide-scrollbar markdown prose relative w-full max-w-none overflow-x-scroll break-words text-base leading-7 first:mt-0 prose-headings:first:mt-0 prose-strong:font-bold prose-thead:font-bold light:text-[#3E4247] dark:text-[#EBEBEB] prose-headings:light:text-[#3E4247]\">\n<div>\n<div>\n<ol class=\"mb-2 mt-0\">\n<li class=\"my-[5px] first:mt-0 last:mb-0\" data-copy-text=\"true\">\n<p class=\"mb-3 mt-0\" data-copy-text=\"true\"><strong>Flexibilidade e Durabilidade<\/strong>\u00a0Gra\u00e7as ao silicone de alta qualidade, a traqueia oferece excelente resist\u00eancia ao uso cont\u00ednuo, preservando sua integridade mesmo em condi\u00e7\u00f5es extremas.<\/p>\n<\/li>\n<li class=\"my-[5px] first:mt-0 last:mb-0\" data-copy-text=\"true\">\n<p class=\"mb-3 mt-0\" data-copy-text=\"true\"><strong>Redu\u00e7\u00e3o de Riscos<\/strong>\u00a0A biocompatibilidade e a aus\u00eancia de subst\u00e2ncias nocivas reduzem a probabilidade de rea\u00e7\u00f5es adversas ou complica\u00e7\u00f5es durante os processos m\u00e9dicos. Isso \u00e9 essencial em ambientes cl\u00ednicos onde cada detalhe impacta diretamente a seguran\u00e7a dos pacientes.<\/p>\n<\/li>\n<li class=\"my-[5px] first:mt-0 last:mb-0\" data-copy-text=\"true\">\n<p class=\"mb-3 mt-0\" data-copy-text=\"true\"><strong>Custo-Benef\u00edcio<\/strong>\u00a0A possibilidade de reesteriliza\u00e7\u00e3o aumenta a vida \u00fatil do produto e proporciona um custo-benef\u00edcio que atende tanto \u00e0s necessidades de seguran\u00e7a quanto \u00e0s exig\u00eancias financeiras de cl\u00ednicas e hospitais.<\/p>\n<\/li>\n<li class=\"my-[5px] first:mt-0 last:mb-0\" data-copy-text=\"true\">\n<p class=\"mb-3 mt-0\" data-copy-text=\"true\"><strong>Confian\u00e7a Profissional<\/strong>\u00a0Com certifica\u00e7\u00e3o ISO e compatibilidade com equipamentos amplamente utilizados, este produto proporciona maior tranquilidade para os profissionais de sa\u00fade durante procedimentos cr\u00edticos.<\/p>\n<\/li>\n<\/ol>\n<\/div>\n<\/div>\n<\/div>\n<div class=\"hide-scrollbar markdown prose relative w-full max-w-none overflow-x-scroll break-words text-base leading-7 first:mt-0 prose-headings:first:mt-0 prose-strong:font-bold prose-thead:font-bold light:text-[#3E4247] dark:text-[#EBEBEB] prose-headings:light:text-[#3E4247]\">\n<div>\n<div>\n<h2 class=\"mb-2 mt-4 text-[1.5rem]\/[2.25rem] font-bold\"><strong>Aplica\u00e7\u00e3o e Uso<\/strong><\/h2>\n<\/div>\n<\/div>\n<\/div>\n<div class=\"hide-scrollbar markdown prose relative w-full max-w-none overflow-x-scroll break-words text-base leading-7 first:mt-0 prose-headings:first:mt-0 prose-strong:font-bold prose-thead:font-bold light:text-[#3E4247] dark:text-[#EBEBEB] prose-headings:light:text-[#3E4247]\">\n<div>A traqueia em silicone adulto \u00e9 amplamente utilizada em:<\/div>\n<\/div>\n<div class=\"hide-scrollbar markdown prose relative w-full max-w-none overflow-x-scroll break-words text-base leading-7 first:mt-0 prose-headings:first:mt-0 prose-strong:font-bold prose-thead:font-bold light:text-[#3E4247] dark:text-[#EBEBEB] prose-headings:light:text-[#3E4247]\">\n<div>\n<div>\n<ul class=\"mb-2 mt-0\">\n<li class=\"my-[5px] first:mt-0 last:mb-0\" data-copy-text=\"true\"><strong>Circuitos respirat\u00f3rios<\/strong>: Garantindo ventila\u00e7\u00e3o segura e eficaz em pacientes adultos em UTI ou durante anestesias.<\/li>\n<li class=\"my-[5px] first:mt-0 last:mb-0\" data-copy-text=\"true\"><strong>Procedimentos anest\u00e9sicos<\/strong>: Sua estrutura previne obstru\u00e7\u00f5es e garante a condu\u00e7\u00e3o est\u00e1vel de gases anest\u00e9sicos.<\/li>\n<li class=\"my-[5px] first:mt-0 last:mb-0\" data-copy-text=\"true\"><strong>Processos m\u00e9dicos prolongados<\/strong>: Ideal para aplica\u00e7\u00f5es onde o conforto e a seguran\u00e7a do paciente s\u00e3o indispens\u00e1veis.<\/li>\n<\/ul>\n<\/div>\n<\/div>\n<\/div>\n<div class=\"hide-scrollbar markdown prose relative w-full max-w-none overflow-x-scroll break-words text-base leading-7 first:mt-0 prose-headings:first:mt-0 prose-strong:font-bold prose-thead:font-bold light:text-[#3E4247] dark:text-[#EBEBEB] prose-headings:light:text-[#3E4247]\">\n<div>\n<div>\n<p class=\"mb-3 mt-0\" data-copy-text=\"true\">O uso de produtos certificados \u00e9 essencial para a efic\u00e1cia do procedimento e para a preserva\u00e7\u00e3o da sa\u00fade e seguran\u00e7a dos pacientes. Nossa traqueia \u00e9 uma escolha segura e confi\u00e1vel, atendendo \u00e0s demandas de profissionais e institui\u00e7\u00f5es de sa\u00fade mais exigentes.<\/p>\n<\/div>\n<\/div>\n<\/div>\n<div class=\"hide-scrollbar markdown prose relative w-full max-w-none overflow-x-scroll break-words text-base leading-7 first:mt-0 prose-headings:first:mt-0 prose-strong:font-bold prose-thead:font-bold light:text-[#3E4247] dark:text-[#EBEBEB] prose-headings:light:text-[#3E4247]\">\n<div>\n<div>\n<h2 class=\"mb-2 mt-4 text-[1.5rem]\/[2.25rem] font-bold\"><strong>Garantia de Qualidade e Certifica\u00e7\u00f5es<\/strong><\/h2>\n<\/div>\n<\/div>\n<\/div>\n<div class=\"hide-scrollbar markdown prose relative w-full max-w-none overflow-x-scroll break-words text-base leading-7 first:mt-0 prose-headings:first:mt-0 prose-strong:font-bold prose-thead:font-bold light:text-[#3E4247] dark:text-[#EBEBEB] prose-headings:light:text-[#3E4247]\">\n<div>\n<div>\n<p class=\"mb-3 mt-0\" data-copy-text=\"true\">Uma das maiores garantias de qualidade do produto \u00e9 sua conformidade com a norma ISO 10.933. Essa certifica\u00e7\u00e3o internacional assegura que a traqueia passa por testes rigorosos de biocompatibilidade e durabilidade. Al\u00e9m disso:<\/p>\n<\/div>\n<\/div>\n<\/div>\n<div class=\"hide-scrollbar markdown prose relative w-full max-w-none overflow-x-scroll break-words text-base leading-7 first:mt-0 prose-headings:first:mt-0 prose-strong:font-bold prose-thead:font-bold light:text-[#3E4247] dark:text-[#EBEBEB] prose-headings:light:text-[#3E4247]\">\n<div>\n<div>\n<ul class=\"mb-2 mt-0\">\n<li class=\"my-[5px] first:mt-0 last:mb-0\" data-copy-text=\"true\">Cada lote \u00e9 submetido a controle de qualidade para eliminar qualquer possibilidade de defeitos ou inconsist\u00eancias.<\/li>\n<li class=\"my-[5px] first:mt-0 last:mb-0\" data-copy-text=\"true\">O produto suporta protocolos avan\u00e7ados de esteriliza\u00e7\u00e3o sem perda de performance.<\/li>\n<\/ul>\n<p>A\u00a0<strong>traqueia em silicone adulto certificada ISO 10.933<\/strong>\u00a0\u00e9 uma escolha diferenciada para cl\u00ednicas, hospitais e profissionais de sa\u00fade que buscam excel\u00eancia em seus materiais m\u00e9dicos. Desde sua capacidade de biocompatibilidade superior at\u00e9 sua compatibilidade com equipamentos DRAGER, este produto foi desenvolvido para oferecer seguran\u00e7a, efici\u00eancia e durabilidade.<\/p>\n<\/div>\n<\/div>\n<\/div>\n<div class=\"hide-scrollbar markdown prose relative w-full max-w-none overflow-x-scroll break-words text-base leading-7 first:mt-0 prose-headings:first:mt-0 prose-strong:font-bold prose-thead:font-bold light:text-[#3E4247] dark:text-[#EBEBEB] prose-headings:light:text-[#3E4247]\">\n<div>\n<div>\n<p class=\"mb-3 mt-0\" data-copy-text=\"true\">Se voc\u00ea valoriza a combina\u00e7\u00e3o de qualidade, certifica\u00e7\u00e3o e desempenho, nossa traqueia em silicone \u00e9 a solu\u00e7\u00e3o ideal para atender \u00e0s necessidades dos mais diversos procedimentos m\u00e9dicos. Confie na excel\u00eancia de um produto certificado que agrega valor \u00e0 pr\u00e1tica m\u00e9dica e coloca a seguran\u00e7a do paciente em primeiro lugar.<\/p>\n<p data-copy-text=\"true\">Voc\u00ea sabe montar corretamente um circuito de ventila\u00e7\u00e3o mec\u00e2nica?\u00a0<a href=\"https:\/\/www.youtube.com\/shorts\/qctU8ydRZmM\" target=\"_blank\" rel=\"noopener\">Clique aqui<\/a><\/p>\n<p data-copy-text=\"true\"><a href=\"https:\/\/www.protec.com.br\/categoria-produto\/menu-anestesia\/traqueia-em-silicone-adulto\/\">Clique aqui<\/a>\u00a0e conhe\u00e7a a linha completa de traqueias em silicone da Protec<\/p>\n<\/div>\n<\/div>\n<\/div>\n","protected":false},"excerpt":{"rendered":"<p>Traqueia em silicone transl\u00facido, autoclav\u00e1vel a 134\u00b0, com certificado ISO 10.993. Ideal para circuitos respirat\u00f3rios e anestesia. Traqueia compat\u00edvel com equipamentos Drager.<\/p>","protected":false},"featured_media":32892,"template":"","meta":{"_acf_changed":false},"product_brand":[],"product_cat":[21,288,352],"product_tag":[122],"class_list":{"0":"post-31484","1":"product","2":"type-product","3":"status-publish","4":"has-post-thumbnail","6":"product_cat-menu-anestesia","7":"product_cat-traqueia-em-silicone-adulto","8":"product_cat-traqueias","9":"product_tag-traqueia","11":"first","12":"instock","13":"taxable","14":"shipping-taxable","15":"purchasable","16":"product-type-simple"},"acf":[],"_links":{"self":[{"href":"https:\/\/www.protec.com.br\/es\/wp-json\/wp\/v2\/product\/31484","targetHints":{"allow":["GET"]}}],"collection":[{"href":"https:\/\/www.protec.com.br\/es\/wp-json\/wp\/v2\/product"}],"about":[{"href":"https:\/\/www.protec.com.br\/es\/wp-json\/wp\/v2\/types\/product"}],"version-history":[{"count":3,"href":"https:\/\/www.protec.com.br\/es\/wp-json\/wp\/v2\/product\/31484\/revisions"}],"predecessor-version":[{"id":40160,"href":"https:\/\/www.protec.com.br\/es\/wp-json\/wp\/v2\/product\/31484\/revisions\/40160"}],"wp:featuredmedia":[{"embeddable":true,"href":"https:\/\/www.protec.com.br\/es\/wp-json\/wp\/v2\/media\/32892"}],"wp:attachment":[{"href":"https:\/\/www.protec.com.br\/es\/wp-json\/wp\/v2\/media?parent=31484"}],"wp:term":[{"taxonomy":"product_brand","embeddable":true,"href":"https:\/\/www.protec.com.br\/es\/wp-json\/wp\/v2\/product_brand?post=31484"},{"taxonomy":"product_cat","embeddable":true,"href":"https:\/\/www.protec.com.br\/es\/wp-json\/wp\/v2\/product_cat?post=31484"},{"taxonomy":"product_tag","embeddable":true,"href":"https:\/\/www.protec.com.br\/es\/wp-json\/wp\/v2\/product_tag?post=31484"}],"curies":[{"name":"wp","href":"https:\/\/api.w.org\/{rel}","templated":true}]}}