{"id":31454,"date":"2024-07-16T17:11:49","date_gmt":"2024-07-16T20:11:49","guid":{"rendered":"https:\/\/beta.alcinfotech.com.br\/?post_type=product&#038;p=31454"},"modified":"2026-02-16T09:41:17","modified_gmt":"2026-02-16T12:41:17","slug":"conector-reto-psu-aut-134-15mx22mx15fx115f-lf","status":"publish","type":"product","link":"https:\/\/www.protec.com.br\/es\/producto\/conector-reto-psu-aut-134-15mx22mx15fx115f-lf\/","title":{"rendered":"CONECTOR RETO PSU LF 15MX22MX15FX11,5F AUTOCLAV\u00c1VEL 134\u00b0"},"content":{"rendered":"<p>O conector reto \u00e9 utilizado no circuito \u00e9 utilizado respirat\u00f3rio quando h\u00e1 necessidade de adapta\u00e7\u00e3o do circuito respirat\u00f3rio \u00e0 entrada de outros recursos.<\/p>\n<p><strong>CONECTOR RETO PSU LF 15MX22MX15FX11,5F AUTOCLAV\u00c1VEL 134\u00b0<\/strong><\/p>\n<p><strong>RMS: 80435140044 (PSU)<\/strong><\/p>","protected":false},"excerpt":{"rendered":"<p>O conector reto \u00e9 utilizado no circuito \u00e9 utilizado respirat\u00f3rio quando h\u00e1 necessidade de adapta\u00e7\u00e3o do circuito respirat\u00f3rio \u00e0 entrada de outros recursos.<\/p>\n<p><strong>CONECTOR RETO PSU LF 15MX22MX15FX11,5F AUTOCLAV\u00c1VEL 134\u00b0<\/strong><\/p>\n<p><strong>RMS: 80435140044 (PSU)<\/strong><\/p>","protected":false},"featured_media":31455,"template":"","meta":{"_acf_changed":false},"product_brand":[],"product_cat":[21,466],"product_tag":[],"class_list":{"0":"post-31454","1":"product","2":"type-product","3":"status-publish","4":"has-post-thumbnail","6":"product_cat-menu-anestesia","7":"product_cat-conectores-retos-luer-macho-luer-femea","9":"first","10":"instock","11":"taxable","12":"shipping-taxable","13":"purchasable","14":"product-type-simple"},"acf":[],"_links":{"self":[{"href":"https:\/\/www.protec.com.br\/es\/wp-json\/wp\/v2\/product\/31454","targetHints":{"allow":["GET"]}}],"collection":[{"href":"https:\/\/www.protec.com.br\/es\/wp-json\/wp\/v2\/product"}],"about":[{"href":"https:\/\/www.protec.com.br\/es\/wp-json\/wp\/v2\/types\/product"}],"version-history":[{"count":1,"href":"https:\/\/www.protec.com.br\/es\/wp-json\/wp\/v2\/product\/31454\/revisions"}],"predecessor-version":[{"id":41744,"href":"https:\/\/www.protec.com.br\/es\/wp-json\/wp\/v2\/product\/31454\/revisions\/41744"}],"wp:featuredmedia":[{"embeddable":true,"href":"https:\/\/www.protec.com.br\/es\/wp-json\/wp\/v2\/media\/31455"}],"wp:attachment":[{"href":"https:\/\/www.protec.com.br\/es\/wp-json\/wp\/v2\/media?parent=31454"}],"wp:term":[{"taxonomy":"product_brand","embeddable":true,"href":"https:\/\/www.protec.com.br\/es\/wp-json\/wp\/v2\/product_brand?post=31454"},{"taxonomy":"product_cat","embeddable":true,"href":"https:\/\/www.protec.com.br\/es\/wp-json\/wp\/v2\/product_cat?post=31454"},{"taxonomy":"product_tag","embeddable":true,"href":"https:\/\/www.protec.com.br\/es\/wp-json\/wp\/v2\/product_tag?post=31454"}],"curies":[{"name":"wp","href":"https:\/\/api.w.org\/{rel}","templated":true}]}}