{"id":31423,"date":"2024-07-16T15:00:48","date_gmt":"2024-07-16T18:00:48","guid":{"rendered":"https:\/\/beta.alcinfotech.com.br\/?post_type=product&#038;p=31423"},"modified":"2026-02-16T11:15:48","modified_gmt":"2026-02-16T14:15:48","slug":"conector-t-psu","status":"publish","type":"product","link":"https:\/\/www.protec.com.br\/es\/producto\/conector-t-psu\/","title":{"rendered":"CONECTOR T PSU 15FX15FX22M AUTOCLAV\u00c1VEL 134\u00b0"},"content":{"rendered":"<p>O conector\u00a0 em T \u00e9 utilizado no circuito respirat\u00f3rio de ventila\u00e7\u00e3o mec\u00e2nica, quando h\u00e1 necessidade de adapta\u00e7\u00e3o de outros recursos \u00e0 entrada das traqueias.<\/p>\n<p><strong>CONECTOR T PSU 15FX15FX22M AUTOCLAV\u00c1VEL 134\u00b0<\/strong><\/p>\n<p><strong>RMS: 80435140044 (PSU)<\/strong><\/p>","protected":false},"excerpt":{"rendered":"<p>O conector\u00a0 em T \u00e9 utilizado no circuito respirat\u00f3rio de ventila\u00e7\u00e3o mec\u00e2nica, quando h\u00e1 necessidade de adapta\u00e7\u00e3o de outros recursos \u00e0 entrada das traqueias.<\/p>\n<p><strong>CONECTOR T PSU 15FX15FX22M AUTOCLAV\u00c1VEL 134\u00b0<\/strong><\/p>\n<p><strong>RMS: 80435140044 (PSU)<\/strong><\/p>","protected":false},"featured_media":32505,"template":"","meta":{"_acf_changed":false},"product_brand":[],"product_cat":[21,278],"product_tag":[],"class_list":{"0":"post-31423","1":"product","2":"type-product","3":"status-publish","4":"has-post-thumbnail","6":"product_cat-menu-anestesia","7":"product_cat-conectores-t","9":"first","10":"instock","11":"taxable","12":"shipping-taxable","13":"purchasable","14":"product-type-simple"},"acf":[],"_links":{"self":[{"href":"https:\/\/www.protec.com.br\/es\/wp-json\/wp\/v2\/product\/31423","targetHints":{"allow":["GET"]}}],"collection":[{"href":"https:\/\/www.protec.com.br\/es\/wp-json\/wp\/v2\/product"}],"about":[{"href":"https:\/\/www.protec.com.br\/es\/wp-json\/wp\/v2\/types\/product"}],"version-history":[{"count":1,"href":"https:\/\/www.protec.com.br\/es\/wp-json\/wp\/v2\/product\/31423\/revisions"}],"predecessor-version":[{"id":41767,"href":"https:\/\/www.protec.com.br\/es\/wp-json\/wp\/v2\/product\/31423\/revisions\/41767"}],"wp:featuredmedia":[{"embeddable":true,"href":"https:\/\/www.protec.com.br\/es\/wp-json\/wp\/v2\/media\/32505"}],"wp:attachment":[{"href":"https:\/\/www.protec.com.br\/es\/wp-json\/wp\/v2\/media?parent=31423"}],"wp:term":[{"taxonomy":"product_brand","embeddable":true,"href":"https:\/\/www.protec.com.br\/es\/wp-json\/wp\/v2\/product_brand?post=31423"},{"taxonomy":"product_cat","embeddable":true,"href":"https:\/\/www.protec.com.br\/es\/wp-json\/wp\/v2\/product_cat?post=31423"},{"taxonomy":"product_tag","embeddable":true,"href":"https:\/\/www.protec.com.br\/es\/wp-json\/wp\/v2\/product_tag?post=31423"}],"curies":[{"name":"wp","href":"https:\/\/api.w.org\/{rel}","templated":true}]}}