{"id":31414,"date":"2024-07-16T13:03:12","date_gmt":"2024-07-16T16:03:12","guid":{"rendered":"https:\/\/beta.alcinfotech.com.br\/?post_type=product&#038;p=31414"},"modified":"2026-02-16T09:38:42","modified_gmt":"2026-02-16T12:38:42","slug":"conector-90-lf-psu-22mx15mx115f-aut-134","status":"publish","type":"product","link":"https:\/\/www.protec.com.br\/es\/producto\/conector-90-lf-psu-22mx15mx115f-aut-134\/","title":{"rendered":"CONECTOR 90\u00b0 LF PSU 22MX15MX15FX11,5F"},"content":{"rendered":"<p>O conector em 90\u00b0 tamb\u00e9m \u00e9 conhecido como conector cotovelo ou conector em &#8220;L&#8221;, realiza a liga\u00e7\u00e3o entre a c\u00e2nula de traqueostomia e o espa\u00e7o morto (cateter mount), para proporcionar mais conforto ao paciente.<\/p>\n<p><strong>CONECTOR 90\u00b0 LF PSU 22MX15MX15FX11,5F AUTOCLAV\u00c1VEL 134\u00b0<\/strong><\/p>\n<p><strong>RMS: 80435140044 (PSU)<\/strong><\/p>","protected":false},"excerpt":{"rendered":"<p>O conector em 90\u00b0 tamb\u00e9m \u00e9 conhecido como conector cotovelo ou conector em &#8220;L&#8221;, realiza a liga\u00e7\u00e3o entre a c\u00e2nula de traqueostomia e o espa\u00e7o morto (cateter mount), para proporcionar mais conforto ao paciente.<\/p>\n<p><strong>CONECTOR 90\u00b0 LF PSU 22MX15MX15FX11,5F AUTOCLAV\u00c1VEL 134\u00b0<\/strong><\/p>\n<p><strong>RMS: 80435140044 (PSU)<\/strong><\/p>","protected":false},"featured_media":31417,"template":"","meta":{"_acf_changed":false},"product_brand":[],"product_cat":[21,277],"product_tag":[],"class_list":{"0":"post-31414","1":"product","2":"type-product","3":"status-publish","4":"has-post-thumbnail","6":"product_cat-menu-anestesia","7":"product_cat-conectores-cotovelo","9":"first","10":"instock","11":"taxable","12":"shipping-taxable","13":"purchasable","14":"product-type-simple"},"acf":[],"_links":{"self":[{"href":"https:\/\/www.protec.com.br\/es\/wp-json\/wp\/v2\/product\/31414","targetHints":{"allow":["GET"]}}],"collection":[{"href":"https:\/\/www.protec.com.br\/es\/wp-json\/wp\/v2\/product"}],"about":[{"href":"https:\/\/www.protec.com.br\/es\/wp-json\/wp\/v2\/types\/product"}],"version-history":[{"count":3,"href":"https:\/\/www.protec.com.br\/es\/wp-json\/wp\/v2\/product\/31414\/revisions"}],"predecessor-version":[{"id":41760,"href":"https:\/\/www.protec.com.br\/es\/wp-json\/wp\/v2\/product\/31414\/revisions\/41760"}],"wp:featuredmedia":[{"embeddable":true,"href":"https:\/\/www.protec.com.br\/es\/wp-json\/wp\/v2\/media\/31417"}],"wp:attachment":[{"href":"https:\/\/www.protec.com.br\/es\/wp-json\/wp\/v2\/media?parent=31414"}],"wp:term":[{"taxonomy":"product_brand","embeddable":true,"href":"https:\/\/www.protec.com.br\/es\/wp-json\/wp\/v2\/product_brand?post=31414"},{"taxonomy":"product_cat","embeddable":true,"href":"https:\/\/www.protec.com.br\/es\/wp-json\/wp\/v2\/product_cat?post=31414"},{"taxonomy":"product_tag","embeddable":true,"href":"https:\/\/www.protec.com.br\/es\/wp-json\/wp\/v2\/product_tag?post=31414"}],"curies":[{"name":"wp","href":"https:\/\/api.w.org\/{rel}","templated":true}]}}