{"id":31382,"date":"2024-07-15T17:56:04","date_gmt":"2024-07-15T20:56:04","guid":{"rendered":"https:\/\/beta.alcinfotech.com.br\/?post_type=product&#038;p=31382"},"modified":"2026-02-13T15:55:02","modified_gmt":"2026-02-13T18:55:02","slug":"circuito-paciente-ventilacao-sil-ad-mg","status":"publish","type":"product","link":"https:\/\/www.protec.com.br\/es\/producto\/circuito-paciente-ventilacao-sil-ad-mg\/","title":{"rendered":"CIRCUITO PACIENTE VENTILA\u00c7\u00c3O SILICONE ADULTO MAGNAMED"},"content":{"rendered":"<p><span class=\"fontstyle0\">Los circuitos respiratorios de silicona fabricados por Protec cuentan con\ncertificado de biocompatibilidad (ISO 10993). Compuestos por conectores, trampa de \u00e1gua de condensaci\u00f3n, tubo proximal y tubo corrugado de silicona con parte exterior el\u00edptica y parte interior lisa. La estandarizaci\u00f3n de conexiones y accesorios asegura la total compatibilidad con los m\u00e1s diversos equipos existentes en el mercado.\n* Opcionalmente, se puede utilizar junto con la c\u00e1mara de humidificaci\u00f3n calentada<\/span><\/p>\n<p>&nbsp;<\/p>\n<p>Este produto \u00e9 compat\u00edvel com equipamentos <strong>MAGNAMED.<\/strong><\/p>\n<p><strong>RMS<\/strong>: 80435140055 (PRT)<\/p>","protected":false},"excerpt":{"rendered":"<p>Los circuitos para ventilaci\u00f3n y anestesia est\u00e1n indicados para procedimientos de ventilaci\u00f3n mec\u00e1nica y anestesia.<\/p>\n<p><strong>RMS<\/strong>: 80435140055 (PRT)<\/p>\n<p>&nbsp;<\/p>","protected":false},"featured_media":38972,"template":"","meta":{"_acf_changed":false},"product_brand":[],"product_cat":[21,274],"product_tag":[],"class_list":{"0":"post-31382","1":"product","2":"type-product","3":"status-publish","4":"has-post-thumbnail","6":"product_cat-menu-anestesia","7":"product_cat-circuito-para-ventilacao","9":"first","10":"instock","11":"taxable","12":"shipping-taxable","13":"purchasable","14":"product-type-simple"},"acf":[],"_links":{"self":[{"href":"https:\/\/www.protec.com.br\/es\/wp-json\/wp\/v2\/product\/31382","targetHints":{"allow":["GET"]}}],"collection":[{"href":"https:\/\/www.protec.com.br\/es\/wp-json\/wp\/v2\/product"}],"about":[{"href":"https:\/\/www.protec.com.br\/es\/wp-json\/wp\/v2\/types\/product"}],"version-history":[{"count":1,"href":"https:\/\/www.protec.com.br\/es\/wp-json\/wp\/v2\/product\/31382\/revisions"}],"predecessor-version":[{"id":43834,"href":"https:\/\/www.protec.com.br\/es\/wp-json\/wp\/v2\/product\/31382\/revisions\/43834"}],"wp:featuredmedia":[{"embeddable":true,"href":"https:\/\/www.protec.com.br\/es\/wp-json\/wp\/v2\/media\/38972"}],"wp:attachment":[{"href":"https:\/\/www.protec.com.br\/es\/wp-json\/wp\/v2\/media?parent=31382"}],"wp:term":[{"taxonomy":"product_brand","embeddable":true,"href":"https:\/\/www.protec.com.br\/es\/wp-json\/wp\/v2\/product_brand?post=31382"},{"taxonomy":"product_cat","embeddable":true,"href":"https:\/\/www.protec.com.br\/es\/wp-json\/wp\/v2\/product_cat?post=31382"},{"taxonomy":"product_tag","embeddable":true,"href":"https:\/\/www.protec.com.br\/es\/wp-json\/wp\/v2\/product_tag?post=31382"}],"curies":[{"name":"wp","href":"https:\/\/api.w.org\/{rel}","templated":true}]}}