{"id":31371,"date":"2024-07-15T16:51:15","date_gmt":"2024-07-15T19:51:15","guid":{"rendered":"https:\/\/beta.alcinfotech.com.br\/?post_type=product&#038;p=31371"},"modified":"2026-02-16T11:50:50","modified_gmt":"2026-02-16T14:50:50","slug":"circuito-paciente-ventilacao-sil-neo-gtg-2","status":"publish","type":"product","link":"https:\/\/www.protec.com.br\/es\/producto\/circuito-paciente-ventilacao-sil-neo-gtg-2\/","title":{"rendered":"CIRCUITO PACIENTE VENTILA\u00c7\u00c3O SILICONE NEONATAL GETTINGE"},"content":{"rendered":"<p><span class=\"fontstyle0\">Los circuitos respiratorios de silicona fabricados por Protec cuentan con\ncertificado de biocompatibilidad (ISO 10993). Compuestos por conectores, trampa de \u00e1gua de condensaci\u00f3n, tubo proximal y tubo corrugado de silicona con parte exterior el\u00edptica y parte interior lisa. La estandarizaci\u00f3n de conexiones y accesorios asegura la total compatibilidad con los m\u00e1s diversos equipos existentes en el mercado.\n* Opcionalmente, se puede utilizar junto con la c\u00e1mara de humidificaci\u00f3n calentada<\/span><\/p>\n<p>&nbsp;<\/p>\n<p>Este produto \u00e9 compat\u00edvel com equipamentos <strong>GETTINGE.<\/strong><\/p>\n<p><strong>RMS<\/strong>: 80435140055 (PRT)<\/p>","protected":false},"excerpt":{"rendered":"<p>Los circuitos para ventilaci\u00f3n y anestesia est\u00e1n indicados para procedimientos de ventilaci\u00f3n mec\u00e1nica y anestesia.<\/p>\n<p><strong>RMS<\/strong>: 80435140055 (PRT)<\/p>\n<p>&nbsp;<\/p>","protected":false},"featured_media":0,"template":"","meta":{"_acf_changed":false},"product_brand":[],"product_cat":[21,274],"product_tag":[],"class_list":{"0":"post-31371","1":"product","2":"type-product","3":"status-publish","5":"product_cat-menu-anestesia","6":"product_cat-circuito-para-ventilacao","8":"first","9":"instock","10":"taxable","11":"shipping-taxable","12":"purchasable","13":"product-type-simple"},"acf":[],"_links":{"self":[{"href":"https:\/\/www.protec.com.br\/es\/wp-json\/wp\/v2\/product\/31371","targetHints":{"allow":["GET"]}}],"collection":[{"href":"https:\/\/www.protec.com.br\/es\/wp-json\/wp\/v2\/product"}],"about":[{"href":"https:\/\/www.protec.com.br\/es\/wp-json\/wp\/v2\/types\/product"}],"version-history":[{"count":2,"href":"https:\/\/www.protec.com.br\/es\/wp-json\/wp\/v2\/product\/31371\/revisions"}],"predecessor-version":[{"id":43873,"href":"https:\/\/www.protec.com.br\/es\/wp-json\/wp\/v2\/product\/31371\/revisions\/43873"}],"wp:attachment":[{"href":"https:\/\/www.protec.com.br\/es\/wp-json\/wp\/v2\/media?parent=31371"}],"wp:term":[{"taxonomy":"product_brand","embeddable":true,"href":"https:\/\/www.protec.com.br\/es\/wp-json\/wp\/v2\/product_brand?post=31371"},{"taxonomy":"product_cat","embeddable":true,"href":"https:\/\/www.protec.com.br\/es\/wp-json\/wp\/v2\/product_cat?post=31371"},{"taxonomy":"product_tag","embeddable":true,"href":"https:\/\/www.protec.com.br\/es\/wp-json\/wp\/v2\/product_tag?post=31371"}],"curies":[{"name":"wp","href":"https:\/\/api.w.org\/{rel}","templated":true}]}}