{"id":31359,"date":"2024-07-15T15:59:19","date_gmt":"2024-07-15T18:59:19","guid":{"rendered":"https:\/\/beta.alcinfotech.com.br\/?post_type=product&#038;p=31359"},"modified":"2026-02-13T11:15:26","modified_gmt":"2026-02-13T14:15:26","slug":"circuito-paciente-anestesia-silicone-neo-dgr","status":"publish","type":"product","link":"https:\/\/www.protec.com.br\/es\/producto\/circuito-paciente-anestesia-silicone-neo-dgr\/","title":{"rendered":"CIRCUITO PACIENTE ANESTESIA SILICONE NEONATAL DRAGER"},"content":{"rendered":"<p><span class=\"fontstyle0\">Los circuitos respiratorios de silicona fabricados por Protec cuentan con\ncertificado de biocompatibilidad (ISO 10993). Compuestos por conectores, trampa de \u00e1gua de condensaci\u00f3n, tubo proximal y tubo corrugado de silicona con parte exterior el\u00edptica y parte interior lisa. La estandarizaci\u00f3n de conexiones y accesorios asegura la total compatibilidad con los m\u00e1s diversos equipos existentes en el mercado.\n* Opcionalmente, se puede utilizar junto con la c\u00e1mara de humidificaci\u00f3n calentada<\/span><\/p>\n<p>&nbsp;<\/p>\n<p>Este produto \u00e9 compat\u00edvel com equipamentos <strong>Drager.<\/strong><\/p>\n<p><strong>RMS<\/strong>: 80435140057 (DGR) 80435149008 (DGR)<\/p>","protected":false},"excerpt":{"rendered":"<p>Los circuitos para ventilaci\u00f3n y anestesia est\u00e1n indicados para procedimientos de ventilaci\u00f3n mec\u00e1nica y anestesia.<\/p>\n<p>Este produto \u00e9 compat\u00edvel com equipamentos <strong>Drager.<\/strong><\/p>\n<p><strong>RMS<\/strong>: 80435140057 (DGR) <strong>RMS:<\/strong> 80435149008 (DGR)<\/p>","protected":false},"featured_media":32497,"template":"","meta":{"_acf_changed":false},"product_brand":[],"product_cat":[465],"product_tag":[],"class_list":{"0":"post-31359","1":"product","2":"type-product","3":"status-publish","4":"has-post-thumbnail","6":"product_cat-circuito-anestesia","8":"first","9":"instock","10":"taxable","11":"shipping-taxable","12":"purchasable","13":"product-type-simple"},"acf":[],"_links":{"self":[{"href":"https:\/\/www.protec.com.br\/es\/wp-json\/wp\/v2\/product\/31359","targetHints":{"allow":["GET"]}}],"collection":[{"href":"https:\/\/www.protec.com.br\/es\/wp-json\/wp\/v2\/product"}],"about":[{"href":"https:\/\/www.protec.com.br\/es\/wp-json\/wp\/v2\/types\/product"}],"version-history":[{"count":1,"href":"https:\/\/www.protec.com.br\/es\/wp-json\/wp\/v2\/product\/31359\/revisions"}],"predecessor-version":[{"id":41169,"href":"https:\/\/www.protec.com.br\/es\/wp-json\/wp\/v2\/product\/31359\/revisions\/41169"}],"wp:featuredmedia":[{"embeddable":true,"href":"https:\/\/www.protec.com.br\/es\/wp-json\/wp\/v2\/media\/32497"}],"wp:attachment":[{"href":"https:\/\/www.protec.com.br\/es\/wp-json\/wp\/v2\/media?parent=31359"}],"wp:term":[{"taxonomy":"product_brand","embeddable":true,"href":"https:\/\/www.protec.com.br\/es\/wp-json\/wp\/v2\/product_brand?post=31359"},{"taxonomy":"product_cat","embeddable":true,"href":"https:\/\/www.protec.com.br\/es\/wp-json\/wp\/v2\/product_cat?post=31359"},{"taxonomy":"product_tag","embeddable":true,"href":"https:\/\/www.protec.com.br\/es\/wp-json\/wp\/v2\/product_tag?post=31359"}],"curies":[{"name":"wp","href":"https:\/\/api.w.org\/{rel}","templated":true}]}}