{"id":30920,"date":"2024-07-12T12:34:22","date_gmt":"2024-07-12T15:34:22","guid":{"rendered":"https:\/\/beta.alcinfotech.com.br\/?post_type=product&#038;p=30920"},"modified":"2026-02-16T11:58:28","modified_gmt":"2026-02-16T14:58:28","slug":"circuito-de-anestesia-baraka-unidirecional-23l-silicone","status":"publish","type":"product","link":"https:\/\/www.protec.com.br\/es\/producto\/circuito-de-anestesia-baraka-unidirecional-23l-silicone\/","title":{"rendered":"CIRCUITO DE ANESTESIA BARAKA UNIDIRECIONAL 2,3L SILICONE"},"content":{"rendered":"<p>O Circuito de Anestesia Baraka Unidirecional tem como objetivo promover a ventila\u00e7\u00e3o artificial n\u00e3o invasiva durante a indu\u00e7\u00e3o ou recupera\u00e7\u00e3o anest\u00e9sica, facilitando a administra\u00e7\u00e3o de gases anest\u00e9sicos manualmente para o paciente.<\/p>","protected":false},"excerpt":{"rendered":"<p>O Circuito de Anestesia Baraka Unidirecional tem como objetivo promover a ventila\u00e7\u00e3o artificial n\u00e3o invasiva durante a indu\u00e7\u00e3o ou recupera\u00e7\u00e3o anest\u00e9sica, facilitando a administra\u00e7\u00e3o de gases anest\u00e9sicos manualmente para o paciente.<\/p>\n<p><strong>Circuito de Anestesia Baraka com V\u00e1lvula Unidirecional\u00a0composto por:<\/strong><\/p>\n<ul>\n<li>Bal\u00e3o reservat\u00f3rio (500ml, 1 Litro, 2 Lts ou 3 Lts)<\/li>\n<li>V\u00e1lvula Unidirecional<\/li>\n<li>Conectores<\/li>\n<\/ul>","protected":false},"featured_media":34458,"template":"","meta":{"_acf_changed":false},"product_brand":[],"product_cat":[273],"product_tag":[447],"class_list":{"0":"post-30920","1":"product","2":"type-product","3":"status-publish","4":"has-post-thumbnail","6":"product_cat-circuito-de-anestesia-baraka-silicone","7":"product_tag-baraka","9":"first","10":"instock","11":"taxable","12":"shipping-taxable","13":"purchasable","14":"product-type-simple"},"acf":[],"_links":{"self":[{"href":"https:\/\/www.protec.com.br\/es\/wp-json\/wp\/v2\/product\/30920","targetHints":{"allow":["GET"]}}],"collection":[{"href":"https:\/\/www.protec.com.br\/es\/wp-json\/wp\/v2\/product"}],"about":[{"href":"https:\/\/www.protec.com.br\/es\/wp-json\/wp\/v2\/types\/product"}],"version-history":[{"count":1,"href":"https:\/\/www.protec.com.br\/es\/wp-json\/wp\/v2\/product\/30920\/revisions"}],"predecessor-version":[{"id":43876,"href":"https:\/\/www.protec.com.br\/es\/wp-json\/wp\/v2\/product\/30920\/revisions\/43876"}],"wp:featuredmedia":[{"embeddable":true,"href":"https:\/\/www.protec.com.br\/es\/wp-json\/wp\/v2\/media\/34458"}],"wp:attachment":[{"href":"https:\/\/www.protec.com.br\/es\/wp-json\/wp\/v2\/media?parent=30920"}],"wp:term":[{"taxonomy":"product_brand","embeddable":true,"href":"https:\/\/www.protec.com.br\/es\/wp-json\/wp\/v2\/product_brand?post=30920"},{"taxonomy":"product_cat","embeddable":true,"href":"https:\/\/www.protec.com.br\/es\/wp-json\/wp\/v2\/product_cat?post=30920"},{"taxonomy":"product_tag","embeddable":true,"href":"https:\/\/www.protec.com.br\/es\/wp-json\/wp\/v2\/product_tag?post=30920"}],"curies":[{"name":"wp","href":"https:\/\/api.w.org\/{rel}","templated":true}]}}