{"id":30844,"date":"2024-07-11T16:06:05","date_gmt":"2024-07-11T19:06:05","guid":{"rendered":"https:\/\/beta.alcinfotech.com.br\/?post_type=product&#038;p=30844"},"modified":"2026-02-13T16:55:08","modified_gmt":"2026-02-13T19:55:08","slug":"circuito-anestesia-baraka-1-2l-silicone","status":"publish","type":"product","link":"https:\/\/www.protec.com.br\/es\/producto\/circuito-anestesia-baraka-1-2l-silicone\/","title":{"rendered":"CIRCUITO ANESTESIA BARAKA 1\/2L SILICONE"},"content":{"rendered":"<p>Os Circuitos de Anestesia Baraka Silicone fabricados pela Protec, s\u00e3o totalmente autoclav\u00e1veis a 134 \u00b0C e s\u00e3o compostos por bal\u00e3o respirat\u00f3rio em silicone, traqueia em silicone transl\u00facido autoclav\u00e1vel, com certificado de biocompatibilidade ( ISO 10.993), conectores intermedi\u00e1rios confeccionados em polisulfona, material resistente a altas temperaturas.<\/p>\n<p><strong>RMS:\u00a0 80435140046<\/strong><\/p>","protected":false},"excerpt":{"rendered":"<p>Os Circuitos de Anestesia Baraka Silicone fabricados pela Protec, s\u00e3o totalmente autoclav\u00e1veis a 134 \u00b0C e s\u00e3o compostos por bal\u00e3o respirat\u00f3rio em silicone, traqueia em silicone transl\u00facido autoclav\u00e1vel, com certificado de biocompatibilidade ( ISO 10.993), conectores intermedi\u00e1rios confeccionados em polisulfona, material resistente a altas temperaturas.<\/p>\n<p>&nbsp;<\/p>\n<p><strong>RMS:\u00a0 80435140046<\/strong><\/p>","protected":false},"featured_media":32917,"template":"","meta":{"_acf_changed":false},"product_brand":[],"product_cat":[21,273],"product_tag":[447],"class_list":{"0":"post-30844","1":"product","2":"type-product","3":"status-publish","4":"has-post-thumbnail","6":"product_cat-menu-anestesia","7":"product_cat-circuito-de-anestesia-baraka-silicone","8":"product_tag-baraka","10":"first","11":"instock","12":"taxable","13":"shipping-taxable","14":"purchasable","15":"product-type-simple"},"acf":[],"_links":{"self":[{"href":"https:\/\/www.protec.com.br\/es\/wp-json\/wp\/v2\/product\/30844","targetHints":{"allow":["GET"]}}],"collection":[{"href":"https:\/\/www.protec.com.br\/es\/wp-json\/wp\/v2\/product"}],"about":[{"href":"https:\/\/www.protec.com.br\/es\/wp-json\/wp\/v2\/types\/product"}],"version-history":[{"count":1,"href":"https:\/\/www.protec.com.br\/es\/wp-json\/wp\/v2\/product\/30844\/revisions"}],"predecessor-version":[{"id":41696,"href":"https:\/\/www.protec.com.br\/es\/wp-json\/wp\/v2\/product\/30844\/revisions\/41696"}],"wp:featuredmedia":[{"embeddable":true,"href":"https:\/\/www.protec.com.br\/es\/wp-json\/wp\/v2\/media\/32917"}],"wp:attachment":[{"href":"https:\/\/www.protec.com.br\/es\/wp-json\/wp\/v2\/media?parent=30844"}],"wp:term":[{"taxonomy":"product_brand","embeddable":true,"href":"https:\/\/www.protec.com.br\/es\/wp-json\/wp\/v2\/product_brand?post=30844"},{"taxonomy":"product_cat","embeddable":true,"href":"https:\/\/www.protec.com.br\/es\/wp-json\/wp\/v2\/product_cat?post=30844"},{"taxonomy":"product_tag","embeddable":true,"href":"https:\/\/www.protec.com.br\/es\/wp-json\/wp\/v2\/product_tag?post=30844"}],"curies":[{"name":"wp","href":"https:\/\/api.w.org\/{rel}","templated":true}]}}