{"id":3033,"date":"2020-03-26T15:25:24","date_gmt":"2020-03-26T18:25:24","guid":{"rendered":"https:\/\/projeto.online\/protec\/?post_type=product&#038;p=3033"},"modified":"2026-02-12T11:43:27","modified_gmt":"2026-02-12T14:43:27","slug":"valvula-com-fluxometro-digital","status":"publish","type":"product","link":"https:\/\/www.protec.com.br\/es\/producto\/valvula-com-fluxometro-digital\/","title":{"rendered":"V\u00c1LVULA REDUTORA COM FLUX\u00d4METRO DIGITAL"},"content":{"rendered":"<p>A v\u00e1lvula redutora com flux\u00f4metro digital deve ser conectada a v\u00e1lvula do cilindro do g\u00e1s (press\u00e3o m\u00e1xima do cilindro de 200 kgf\/cm\u00b2 (bar)) e na sa\u00edda do g\u00e1s conecta-se os equipamentos e outras aplica\u00e7\u00f5es m\u00e9dicas, onde h\u00e1 necessidade de controle de fluxo de g\u00e1s fornecido para os equipamentos m\u00e9dicos, resgate, hospitalares e\/ou pacientes.<\/p>","protected":false},"excerpt":{"rendered":"<p>A v\u00e1lvula redutora com flux\u00f4metro digital \u00e9 um dispositivo redutor de press\u00e3o que diminui a press\u00e3o do g\u00e1s de um cilindro a n\u00edveis que possam ser utilizados com seguran\u00e7a pelo usu\u00e1rio. Controle de fluxo necess\u00e1rio para procedimento cl\u00ednico ou resgate.<\/p>\n<p><strong>RMS<\/strong>: 80435140029<\/p>","protected":false},"featured_media":28586,"template":"","meta":{"_acf_changed":false},"product_brand":[],"product_cat":[24,269],"product_tag":[],"class_list":{"0":"post-3033","1":"product","2":"type-product","3":"status-publish","4":"has-post-thumbnail","6":"product_cat-menu-gasoterapia","7":"product_cat-valvula-redutora-de-pressao-para-cilindros","9":"first","10":"instock","11":"virtual","12":"taxable","13":"purchasable","14":"product-type-simple"},"acf":[],"_links":{"self":[{"href":"https:\/\/www.protec.com.br\/es\/wp-json\/wp\/v2\/product\/3033","targetHints":{"allow":["GET"]}}],"collection":[{"href":"https:\/\/www.protec.com.br\/es\/wp-json\/wp\/v2\/product"}],"about":[{"href":"https:\/\/www.protec.com.br\/es\/wp-json\/wp\/v2\/types\/product"}],"version-history":[{"count":1,"href":"https:\/\/www.protec.com.br\/es\/wp-json\/wp\/v2\/product\/3033\/revisions"}],"predecessor-version":[{"id":42652,"href":"https:\/\/www.protec.com.br\/es\/wp-json\/wp\/v2\/product\/3033\/revisions\/42652"}],"wp:featuredmedia":[{"embeddable":true,"href":"https:\/\/www.protec.com.br\/es\/wp-json\/wp\/v2\/media\/28586"}],"wp:attachment":[{"href":"https:\/\/www.protec.com.br\/es\/wp-json\/wp\/v2\/media?parent=3033"}],"wp:term":[{"taxonomy":"product_brand","embeddable":true,"href":"https:\/\/www.protec.com.br\/es\/wp-json\/wp\/v2\/product_brand?post=3033"},{"taxonomy":"product_cat","embeddable":true,"href":"https:\/\/www.protec.com.br\/es\/wp-json\/wp\/v2\/product_cat?post=3033"},{"taxonomy":"product_tag","embeddable":true,"href":"https:\/\/www.protec.com.br\/es\/wp-json\/wp\/v2\/product_tag?post=3033"}],"curies":[{"name":"wp","href":"https:\/\/api.w.org\/{rel}","templated":true}]}}