{"id":2915,"date":"2020-03-25T17:08:17","date_gmt":"2020-03-25T20:08:17","guid":{"rendered":"https:\/\/projeto.online\/protec\/?post_type=product&#038;p=2915"},"modified":"2026-02-12T16:14:53","modified_gmt":"2026-02-12T19:14:53","slug":"mascara-com-coxim-inflavel-silicone-inf","status":"publish","type":"product","link":"https:\/\/www.protec.com.br\/es\/producto\/mascara-com-coxim-inflavel-silicone-inf\/","title":{"rendered":"M\u00c1SCARA COM COXIM INFL\u00c1VEL EM SILICONE INFANTIL N\u00ba3"},"content":{"rendered":"<div class=\"hide-scrollbar markdown prose relative w-full max-w-none overflow-x-scroll break-words text-base leading-7 first:mt-0 prose-headings:first:mt-0 prose-strong:font-bold prose-thead:font-bold light:text-[#3E4247] dark:text-[#EBEBEB] prose-headings:light:text-[#3E4247] animate-typing\">\n<div>\n<div>\n<h2 class=\"mb-2 mt-4 text-[1.5rem]\/[2.25rem] font-bold\">M\u00e1scara com Coxim Infl\u00e1vel em Silicone para Reanima\u00e7\u00e3o e Anestesia: Qualidade, Versatilidade e Alta Performance<\/h2>\n<\/div>\n<\/div>\n<\/div>\n<div class=\"hide-scrollbar markdown prose relative w-full max-w-none overflow-x-scroll break-words text-base leading-7 first:mt-0 prose-headings:first:mt-0 prose-strong:font-bold prose-thead:font-bold light:text-[#3E4247] dark:text-[#EBEBEB] prose-headings:light:text-[#3E4247]\">\n<div>\n<div>\n<p class=\"mb-3 mt-0\" data-copy-text=\"true\">As <strong>m\u00e1scaras com coxim infl\u00e1vel em silicone<\/strong> da Protec s\u00e3o uma escolha excepcional para profissionais de sa\u00fade que buscam efici\u00eancia, seguran\u00e7a e praticidade em procedimentos de ventila\u00e7\u00e3o. Projetadas com materiais de primeira linha e atendendo a rigorosos padr\u00f5es internacionais de qualidade e certifica\u00e7\u00e3o, essas m\u00e1scaras s\u00e3o desenvolvidas para oferecer o m\u00e1ximo desempenho tanto em situa\u00e7\u00f5es de reanima\u00e7\u00e3o quanto em procedimentos anest\u00e9sicos e diagn\u00f3sticos.<\/p>\n<\/div>\n<\/div>\n<\/div>\n<div class=\"hide-scrollbar markdown prose relative w-full max-w-none overflow-x-scroll break-words text-base leading-7 first:mt-0 prose-headings:first:mt-0 prose-strong:font-bold prose-thead:font-bold light:text-[#3E4247] dark:text-[#EBEBEB] prose-headings:light:text-[#3E4247]\">\n<div>\n<div>\n<p class=\"mb-3 mt-0\" data-copy-text=\"true\">Combinando <strong>durabilidade, facilidade de uso e seguran\u00e7a<\/strong>, este produto \u00e9 ideal para uso em ambientes hospitalares como <strong>salas de Resson\u00e2ncia Magn\u00e9tica (RM)<\/strong>, <strong>centros cir\u00fargicos<\/strong> e para integra\u00e7\u00e3o com <a href=\"https:\/\/www.protec.com.br\/categoria-produto\/menu-inaloterapia\/reanimador-manual-premium-ambu\/\"><strong>reanimadores manuais Protec<\/strong><\/a> e de outros fabricantes.<\/p>\n<p class=\"mb-3 mt-0\" data-copy-text=\"true\"><strong>Qualidade Superlativa e Design Funcional<\/strong><\/p>\n<p data-copy-text=\"true\">Fabricadas em <strong>silicone de alta resist\u00eancia<\/strong>, as m\u00e1scaras Protec possuem <strong>coxim infl\u00e1vel<\/strong> que permite ajuste da press\u00e3o do cuff para uma veda\u00e7\u00e3o perfeita. Isso garante uma ventila\u00e7\u00e3o eficiente at\u00e9 mesmo em situa\u00e7\u00f5es cr\u00edticas, reduzindo o risco de vazamentos durante o uso.<\/p>\n<\/div>\n<\/div>\n<\/div>\n<div class=\"hide-scrollbar markdown prose relative w-full max-w-none overflow-x-scroll break-words text-base leading-7 first:mt-0 prose-headings:first:mt-0 prose-strong:font-bold prose-thead:font-bold light:text-[#3E4247] dark:text-[#EBEBEB] prose-headings:light:text-[#3E4247] animate-typing\">\n<div>\n<div>\n<ul class=\"mb-2 mt-0\">\n<li class=\"my-[5px] first:mt-0 last:mb-0\" data-copy-text=\"true\"><strong>Bojo Transl\u00facido:<\/strong> O design com bojo translucido facilita a observa\u00e7\u00e3o das condi\u00e7\u00f5es do paciente durante o procedimento, permitindo que os profissionais de sa\u00fade monitorem a ventila\u00e7\u00e3o em tempo real de forma simples e precisa.<\/li>\n<li class=\"my-[5px] first:mt-0 last:mb-0\" data-copy-text=\"true\"><strong>Autoclavabilidade a 134\u00ba C:<\/strong> A capacidade de serem totalmente autoclav\u00e1veis e suportarem at\u00e9 134\u00ba C \u00e9 um destaque essencial. Essa funcionalidade assegura <strong>higieniza\u00e7\u00e3o completa<\/strong> e impede a propaga\u00e7\u00e3o de infec\u00e7\u00f5es cruzadas, um fator indispens\u00e1vel em ambientes m\u00e9dicos.<\/li>\n<li class=\"my-[5px] first:mt-0 last:mb-0\" data-copy-text=\"true\"><strong>Resist\u00eancia e Durabilidade:<\/strong> Gra\u00e7as \u00e0 sua constru\u00e7\u00e3o robusta com silicone de alt\u00edssima qualidade, a m\u00e1scara apresenta uma longa vida \u00fatil sem perder suas propriedades funcionais, mesmo ap\u00f3s m\u00faltiplos ciclos de esteriliza\u00e7\u00e3o.<\/li>\n<\/ul>\n<p><strong>Versatilidade e Compatibilidade<\/strong><\/p>\n<\/div>\n<\/div>\n<\/div>\n<div class=\"hide-scrollbar markdown prose relative w-full max-w-none overflow-x-scroll break-words text-base leading-7 first:mt-0 prose-headings:first:mt-0 prose-strong:font-bold prose-thead:font-bold light:text-[#3E4247] dark:text-[#EBEBEB] prose-headings:light:text-[#3E4247]\">\n<div>\n<div>\n<p class=\"mb-3 mt-0\" data-copy-text=\"true\">As m\u00e1scaras com coxim infl\u00e1vel em silicone da Protec s\u00e3o projetadas para serem <strong>totalmente universais<\/strong>, oferecendo excelente intercambialidade. Isso significa que elas podem ser utilizadas em:<\/p>\n<\/div>\n<\/div>\n<\/div>\n<div class=\"hide-scrollbar markdown prose relative w-full max-w-none overflow-x-scroll break-words text-base leading-7 first:mt-0 prose-headings:first:mt-0 prose-strong:font-bold prose-thead:font-bold light:text-[#3E4247] dark:text-[#EBEBEB] prose-headings:light:text-[#3E4247] animate-typing\">\n<div>\n<div>\n<ul class=\"mb-2 mt-0\">\n<li class=\"my-[5px] first:mt-0 last:mb-0\" data-copy-text=\"true\"><strong>Reanimadores Protec:<\/strong> Equipamentos pr\u00f3prios da marca, garantindo uma integra\u00e7\u00e3o perfeita.<\/li>\n<li class=\"my-[5px] first:mt-0 last:mb-0\" data-copy-text=\"true\"><strong>Equipamentos de Outros Fabricantes:<\/strong> Compat\u00edveis com quaisquer dispositivos que possuam <strong>conector c\u00f4nico normatizado conforme ABNT NBR ISO 5356-1<\/strong>, ampliando suas aplica\u00e7\u00f5es de maneira vers\u00e1til e pr\u00e1tica.<\/li>\n<li class=\"my-[5px] first:mt-0 last:mb-0\" data-copy-text=\"true\"><strong>Diferentes Ambientes Cl\u00ednicos:<\/strong> Sua aplicabilidade se destaca tanto em centros cir\u00fargicos quanto em procedimentos de diagn\u00f3stico e emerg\u00eancia m\u00e9dica.<\/li>\n<\/ul>\n<\/div>\n<\/div>\n<\/div>\n<div class=\"hide-scrollbar markdown prose relative w-full max-w-none overflow-x-scroll break-words text-base leading-7 first:mt-0 prose-headings:first:mt-0 prose-strong:font-bold prose-thead:font-bold light:text-[#3E4247] dark:text-[#EBEBEB] prose-headings:light:text-[#3E4247]\">\n<div>\n<div>\n<p class=\"mb-3 mt-0\" data-copy-text=\"true\">Essa ampla compatibilidade aumenta a efici\u00eancia dos servi\u00e7os de sa\u00fade, reduzindo a necessidade de estoques dedicados e proporcionando maior praticidade no dia a dia dos profissionais.<\/p>\n<p class=\"mb-3 mt-0\" data-copy-text=\"true\"><strong>Benef\u00edcios para Profissionais de Sa\u00fade<\/strong><\/p>\n<\/div>\n<\/div>\n<\/div>\n<div class=\"hide-scrollbar markdown prose relative w-full max-w-none overflow-x-scroll break-words text-base leading-7 first:mt-0 prose-headings:first:mt-0 prose-strong:font-bold prose-thead:font-bold light:text-[#3E4247] dark:text-[#EBEBEB] prose-headings:light:text-[#3E4247]\">\n<div>\n<div>\n<p class=\"mb-3 mt-0\" data-copy-text=\"true\">Desenvolvidas especialmente para atender aos altos padr\u00f5es exigidos por profissionais da \u00e1rea m\u00e9dica, as m\u00e1scaras Protec oferecem uma s\u00e9rie de benef\u00edcios exclusivos:<\/p>\n<\/div>\n<\/div>\n<\/div>\n<div class=\"hide-scrollbar markdown prose relative w-full max-w-none overflow-x-scroll break-words text-base leading-7 first:mt-0 prose-headings:first:mt-0 prose-strong:font-bold prose-thead:font-bold light:text-[#3E4247] dark:text-[#EBEBEB] prose-headings:light:text-[#3E4247] animate-typing\">\n<div>\n<div>\n<ol class=\"mb-2 mt-0\">\n<li class=\"my-[5px] first:mt-0 last:mb-0\" data-copy-text=\"true\"><strong>Veda\u00e7\u00e3o Impec\u00e1vel:<\/strong> O coxim infl\u00e1vel possibilita um ajuste preciso e confort\u00e1vel, garantindo m\u00e1xima efici\u00eancia na ventila\u00e7\u00e3o sem desconforto para o paciente.<\/li>\n<li class=\"my-[5px] first:mt-0 last:mb-0\" data-copy-text=\"true\"><strong>F\u00e1cil Manuten\u00e7\u00e3o e Higiene:<\/strong> A capacidade de autoclavagem a 134\u00ba C assegura uma esteriliza\u00e7\u00e3o mais eficiente, atendendo \u00e0s exig\u00eancias de controle de infec\u00e7\u00e3o hospitalar.<\/li>\n<li class=\"my-[5px] first:mt-0 last:mb-0\" data-copy-text=\"true\"><strong>Monitoramento Simplificado:<\/strong> O bojo translucido permite monitorar visualmente a condi\u00e7\u00e3o respirat\u00f3ria durante o procedimento, proporcionando maior controle para o profissional.<\/li>\n<li class=\"my-[5px] first:mt-0 last:mb-0\" data-copy-text=\"true\"><strong>Durabilidade Superior:<\/strong> Constru\u00eddas com silicone de alt\u00edssima qualidade, as m\u00e1scaras da Protec mant\u00eam suas caracter\u00edsticas funcionais ap\u00f3s repetidos ciclos de uso e esteriliza\u00e7\u00e3o.<\/li>\n<li class=\"my-[5px] first:mt-0 last:mb-0\" data-copy-text=\"true\"><strong>Flexibilidade de Uso:<\/strong> Compatibilidade com diversos dispositivos m\u00e9dicos, incluindo equipamentos de outros fabricantes.<\/li>\n<\/ol>\n<\/div>\n<\/div>\n<\/div>\n<div class=\"hide-scrollbar markdown prose relative w-full max-w-none overflow-x-scroll break-words text-base leading-7 first:mt-0 prose-headings:first:mt-0 prose-strong:font-bold prose-thead:font-bold light:text-[#3E4247] dark:text-[#EBEBEB] prose-headings:light:text-[#3E4247]\">\n<div>\n<div>\n<p class=\"mb-3 mt-0\" data-copy-text=\"true\">Al\u00e9m disso, o design ergon\u00f4mico e a textura macia do silicone proporcionam <strong>conforto ao paciente<\/strong>, ao mesmo tempo que oferecem funcionalidade ao usu\u00e1rio.<\/p>\n<p class=\"mb-3 mt-0\" data-copy-text=\"true\"><strong>Modelos e Tamanhos<\/strong><\/p>\n<\/div>\n<\/div>\n<\/div>\n<div class=\"hide-scrollbar markdown prose relative w-full max-w-none overflow-x-scroll break-words text-base leading-7 first:mt-0 prose-headings:first:mt-0 prose-strong:font-bold prose-thead:font-bold light:text-[#3E4247] dark:text-[#EBEBEB] prose-headings:light:text-[#3E4247]\">\n<div>\n<div>\n<p class=\"mb-3 mt-0\" data-copy-text=\"true\">As m\u00e1scaras com coxim infl\u00e1vel em silicone Protec est\u00e3o dispon\u00edveis em tr\u00eas tamanhos diferentes: <strong>n\u00ba3, n\u00ba4 e n\u00ba5<\/strong>. Essa varia\u00e7\u00e3o de tamanhos garante uma aplica\u00e7\u00e3o adequada em <strong>diferentes perfis de pacientes<\/strong>, desde adolescentes at\u00e9 adultos, maximizando sua versatilidade.<\/p>\n<p class=\"mb-3 mt-0\" data-copy-text=\"true\"><strong>Certifica\u00e7\u00e3o e Seguran\u00e7a Biocompat\u00edvel<\/strong><\/p>\n<\/div>\n<\/div>\n<\/div>\n<div class=\"hide-scrollbar markdown prose relative w-full max-w-none overflow-x-scroll break-words text-base leading-7 first:mt-0 prose-headings:first:mt-0 prose-strong:font-bold prose-thead:font-bold light:text-[#3E4247] dark:text-[#EBEBEB] prose-headings:light:text-[#3E4247]\">\n<div>\n<div>\n<p class=\"mb-3 mt-0\" data-copy-text=\"true\">Todas as m\u00e1scaras com coxim infl\u00e1vel Protec possuem certifica\u00e7\u00e3o <strong>biocompat\u00edvel<\/strong>, de acordo com normas internacionais. Isso assegura que os materiais utilizados s\u00e3o seguros para o contato com os pacientes e n\u00e3o apresentam riscos de rea\u00e7\u00f5es adversas. A certifica\u00e7\u00e3o \u00e9 um fator-chave para profissionais que priorizam <strong>seguran\u00e7a e confiabilidade<\/strong> no ambiente hospitalar.<\/p>\n<p class=\"mb-3 mt-0\" data-copy-text=\"true\"><strong>Indispens\u00e1vel em Procedimentos Cr\u00edticos<\/strong><\/p>\n<\/div>\n<\/div>\n<\/div>\n<div class=\"hide-scrollbar markdown prose relative w-full max-w-none overflow-x-scroll break-words text-base leading-7 first:mt-0 prose-headings:first:mt-0 prose-strong:font-bold prose-thead:font-bold light:text-[#3E4247] dark:text-[#EBEBEB] prose-headings:light:text-[#3E4247]\">\n<div>\n<div>\n<p class=\"mb-3 mt-0\" data-copy-text=\"true\">A m\u00e1scara com coxim infl\u00e1vel em silicone da Protec \u00e9 amplamente utilizada em procedimentos que demandam <strong>seguran\u00e7a e precis\u00e3o<\/strong>, incluindo:<\/p>\n<\/div>\n<\/div>\n<\/div>\n<div class=\"hide-scrollbar markdown prose relative w-full max-w-none overflow-x-scroll break-words text-base leading-7 first:mt-0 prose-headings:first:mt-0 prose-strong:font-bold prose-thead:font-bold light:text-[#3E4247] dark:text-[#EBEBEB] prose-headings:light:text-[#3E4247] animate-typing\">\n<div>\n<div>\n<ul class=\"mb-2 mt-0\">\n<li class=\"my-[5px] first:mt-0 last:mb-0\" data-copy-text=\"true\">Ventila\u00e7\u00e3o em situa\u00e7\u00f5es de emerg\u00eancia m\u00e9dica.<\/li>\n<li class=\"my-[5px] first:mt-0 last:mb-0\" data-copy-text=\"true\">Procedimentos anest\u00e9sicos realizados em centros cir\u00fargicos.<\/li>\n<li class=\"my-[5px] first:mt-0 last:mb-0\" data-copy-text=\"true\">Uso em resson\u00e2ncia magn\u00e9tica devido \u00e0 sua estrutura livre de componentes met\u00e1licos.<\/li>\n<\/ul>\n<\/div>\n<\/div>\n<\/div>\n<div class=\"hide-scrollbar markdown prose relative w-full max-w-none overflow-x-scroll break-words text-base leading-7 first:mt-0 prose-headings:first:mt-0 prose-strong:font-bold prose-thead:font-bold light:text-[#3E4247] dark:text-[#EBEBEB] prose-headings:light:text-[#3E4247]\">\n<p class=\"mb-3 mt-0\" data-copy-text=\"true\">Com desempenho comprovado e caracter\u00edsticas que atendem \u00e0s mais variadas necessidades, ela \u00e9 uma ferramenta indispens\u00e1vel para profissionais que trabalham em <strong>situa\u00e7\u00f5es cr\u00edticas e rotinas hospitalares<\/strong>.<\/p>\n<p data-copy-text=\"true\"><a href=\"https:\/\/www.protec.com.br\/categoria-produto\/menu-inaloterapia\/mascaras-com-coxim-inflavel-silicone\/\">Clique aqui<\/a> e conhe\u00e7a toda a linha de m\u00e1scras com coxim infl\u00e1vel em silicone<\/p>\n<p data-copy-text=\"true\"><a href=\"https:\/\/protecexport.ac-page.com\/download-catalogo-de-produtos-2024-2025\" target=\"_blank\" rel=\"noopener\">Clique aqui<\/a> para Download do Cat\u00e1logo de produtos completo<\/p>\n<\/div>\n","protected":false},"excerpt":{"rendered":"<p>A <strong>m\u00e1scara com coxim infl\u00e1vel em silicone<\/strong> da Protec \u00e9 uma escolha excepcional para profissionais de sa\u00fade que buscam efici\u00eancia, seguran\u00e7a e praticidade.<\/p>\n<p><strong>RMS: <\/strong>80435140013<\/p>","protected":false},"featured_media":28575,"template":"","meta":{"_acf_changed":false},"product_brand":[],"product_cat":[25,238],"product_tag":[],"class_list":{"0":"post-2915","1":"product","2":"type-product","3":"status-publish","4":"has-post-thumbnail","6":"product_cat-menu-inaloterapia","7":"product_cat-mascara-com-coxim-inflavel-silicone","9":"first","10":"instock","11":"virtual","12":"taxable","13":"purchasable","14":"product-type-simple"},"acf":[],"_links":{"self":[{"href":"https:\/\/www.protec.com.br\/es\/wp-json\/wp\/v2\/product\/2915","targetHints":{"allow":["GET"]}}],"collection":[{"href":"https:\/\/www.protec.com.br\/es\/wp-json\/wp\/v2\/product"}],"about":[{"href":"https:\/\/www.protec.com.br\/es\/wp-json\/wp\/v2\/types\/product"}],"version-history":[{"count":4,"href":"https:\/\/www.protec.com.br\/es\/wp-json\/wp\/v2\/product\/2915\/revisions"}],"predecessor-version":[{"id":39612,"href":"https:\/\/www.protec.com.br\/es\/wp-json\/wp\/v2\/product\/2915\/revisions\/39612"}],"wp:featuredmedia":[{"embeddable":true,"href":"https:\/\/www.protec.com.br\/es\/wp-json\/wp\/v2\/media\/28575"}],"wp:attachment":[{"href":"https:\/\/www.protec.com.br\/es\/wp-json\/wp\/v2\/media?parent=2915"}],"wp:term":[{"taxonomy":"product_brand","embeddable":true,"href":"https:\/\/www.protec.com.br\/es\/wp-json\/wp\/v2\/product_brand?post=2915"},{"taxonomy":"product_cat","embeddable":true,"href":"https:\/\/www.protec.com.br\/es\/wp-json\/wp\/v2\/product_cat?post=2915"},{"taxonomy":"product_tag","embeddable":true,"href":"https:\/\/www.protec.com.br\/es\/wp-json\/wp\/v2\/product_tag?post=2915"}],"curies":[{"name":"wp","href":"https:\/\/api.w.org\/{rel}","templated":true}]}}