{"id":2883,"date":"2020-03-23T12:50:57","date_gmt":"2020-03-23T15:50:57","guid":{"rendered":"https:\/\/projeto.online\/protec\/?post_type=product&#038;p=2883"},"modified":"2026-02-19T17:02:14","modified_gmt":"2026-02-19T20:02:14","slug":"analisador-de-esfigmomanometro-handy-press","status":"publish","type":"product","link":"https:\/\/www.protec.com.br\/es\/producto\/analisador-de-esfigmomanometro-handy-press\/","title":{"rendered":"HANDY PRESS - ANALIZADOR DE ESFIGMOMAN\u00d3METRO"},"content":{"rendered":"<p>El analizador de esfigmoman\u00f3metro Handy Press est\u00e1 equipado con un programa secuencial de 8 pruebas diferentes recomendadas por las ordenanzas INMETRO n\u00famero 153\/2005 y 96\/2008 y las normas NIE-DIMEL006:Mayo\/2008 y NIE-DIMEL-097:Abril\/2011 INMETRO \u2013 con incertidumbre menos de 0,8 mmHg.<\/p>\n<p>Fue especialmente desarrollado para la calibraci\u00f3n y evaluaci\u00f3n de esfigmoman\u00f3metros, donde presenta rutinas espec\u00edficas para determinar el error m\u00e1ximo de medici\u00f3n, error de hist\u00e9resis, fuga de aire y tiempos de desinflado del sistema.<\/p>\n<p>El analizador de esfigmoman\u00f3metro Handy Press tiene un software intuitivo y f\u00e1cil de usar. Este diferencial ayuda al t\u00e9cnico en la ejecuci\u00f3n de la prueba elegida y, al final de la \u00faltima lectura, se emite autom\u00e1ticamente el informe de la prueba.<\/p>\n<p>Handy Press habilita una secuencia de pruebas b\u00e1sicas y 8 secuencias m\u00e1s de pruebas recomendadas por las ordenanzas INMETRO 153\/2005 y 96\/2008 y las normas NIE-DIMEL-006:May\/2008 \u2013 NIE-DIMEL-097-2011.<\/p>\n<p>El analizador de esfigmoman\u00f3metro Handy Press est\u00e1 preconfigurado con las siguientes secuencias de prueba:<\/p>\n<ul>\n<li>Prueba de fuga de aire (Norma NIE_DIMEL -006 y NIE-DIMEL \u2013 097;<\/li>\n<li>Prueba de desinflado r\u00e1pido (Ordenanza INMETRO N\u00b0 96 de marzo de 2008);<\/li>\n<li>Prueba de v\u00e1lvula de desinflado;<\/li>\n<li>Prueba de modo 1: deflaci\u00f3n r\u00e1pida con 5 puntos;<\/li>\n<li>Prueba de modo 2: deflaci\u00f3n r\u00e1pida con 10 puntos;<\/li>\n<li>Prueba Modo 3 \u2013 Ciclo de Carga seguido de un Ciclo de Descarga cada 40 mmHg (NIE-DIMEL -006 y NIE-DIMEL \u2013 097);<\/li>\n<li>Prueba de modo 4: ciclo de carga seguido de un ciclo de descarga con 10 puntos de adquisici\u00f3n;<\/li>\n<li>Prueba de modo 5: ciclo de carga seguido de un ciclo de descarga de 10 y 10 mmHg (Ordenanza 153);<\/li>\n<li>Modo de Prueba 6 \u2013 Dos Ciclos de Carga y Descarga seguidos con 5 puntos (DOQ-CGCRE-014 y DOQ-CGCRE-017);<\/li>\n<li>Modo de Prueba 7 \u2013 Dos Ciclos de Carga y Descarga a 40 mmHg en sucesi\u00f3n (Norma NIE_DIMEL -006 y NIE-DIMEL \u2013 097 + DOQ-CGCRE-014 y DOQ-CGCRE-017);<\/li>\n<li>Prueba Modo 8 \u2013 Dos Ciclos de Carga y Descarga seguidos de 10 puntos (DOQ-CGCRE-014 y DOQ-CGCRE-017).<\/li>\n<\/ul>\n<p>&nbsp;<\/p>","protected":false},"excerpt":{"rendered":"<p>Handy Press es un calibrador de presi\u00f3n dise\u00f1ado para medir las presiones ejercidas por gases en un rango de 0 a 300 mmHg<\/p>\n<p><strong>C\u00d3D.<\/strong> <strong>PHPROOO4<\/strong> HANDY PRESS - ANALIZADOR DE ESFIGMOMAN\u00d3METRO<\/p>\n<p>&nbsp;<\/p>","protected":false},"featured_media":0,"template":"","meta":{"_acf_changed":false},"product_brand":[],"product_cat":[20],"product_tag":[],"class_list":{"0":"post-2883","1":"product","2":"type-product","3":"status-publish","5":"product_cat-analisadores","7":"first","8":"outofstock","9":"virtual","10":"taxable","11":"purchasable","12":"product-type-simple"},"acf":[],"_links":{"self":[{"href":"https:\/\/www.protec.com.br\/es\/wp-json\/wp\/v2\/product\/2883","targetHints":{"allow":["GET"]}}],"collection":[{"href":"https:\/\/www.protec.com.br\/es\/wp-json\/wp\/v2\/product"}],"about":[{"href":"https:\/\/www.protec.com.br\/es\/wp-json\/wp\/v2\/types\/product"}],"version-history":[{"count":1,"href":"https:\/\/www.protec.com.br\/es\/wp-json\/wp\/v2\/product\/2883\/revisions"}],"predecessor-version":[{"id":39079,"href":"https:\/\/www.protec.com.br\/es\/wp-json\/wp\/v2\/product\/2883\/revisions\/39079"}],"wp:attachment":[{"href":"https:\/\/www.protec.com.br\/es\/wp-json\/wp\/v2\/media?parent=2883"}],"wp:term":[{"taxonomy":"product_brand","embeddable":true,"href":"https:\/\/www.protec.com.br\/es\/wp-json\/wp\/v2\/product_brand?post=2883"},{"taxonomy":"product_cat","embeddable":true,"href":"https:\/\/www.protec.com.br\/es\/wp-json\/wp\/v2\/product_cat?post=2883"},{"taxonomy":"product_tag","embeddable":true,"href":"https:\/\/www.protec.com.br\/es\/wp-json\/wp\/v2\/product_tag?post=2883"}],"curies":[{"name":"wp","href":"https:\/\/api.w.org\/{rel}","templated":true}]}}