{"id":5934,"date":"2022-07-14T17:00:15","date_gmt":"2022-07-14T20:00:15","guid":{"rendered":"https:\/\/www.protec.com.br\/?post_type=product&#038;p=5934"},"modified":"2026-02-19T17:02:11","modified_gmt":"2026-02-19T20:02:11","slug":"certificado-de-calibracao-rastreavel-hs30f","status":"publish","type":"product","link":"https:\/\/www.protec.com.br\/en\/product\/certificado-de-calibracao-rastreavel-hs30f\/","title":{"rendered":"CERTIFICADO DE CALIBRA\u00c7\u00c3O RASTRE\u00c1VEL HS30F"},"content":{"rendered":"<p>CERTIFICADO DE CALIBRA\u00c7\u00c3O RASTRE\u00c1VEL HS30F<\/p>","protected":false},"excerpt":{"rendered":"<p>CERTIFICADO DE CALIBRA\u00c7\u00c3O RASTRE\u00c1VEL HS30F<\/p>","protected":false},"featured_media":29003,"template":"","meta":{"_acf_changed":false},"product_brand":[],"product_cat":[20,298],"product_tag":[],"class_list":{"0":"post-5934","1":"product","2":"type-product","3":"status-publish","4":"has-post-thumbnail","6":"product_cat-analisadores","7":"product_cat-simulador-multifuncional-hs30","9":"first","10":"instock","11":"virtual","12":"taxable","13":"purchasable","14":"product-type-simple"},"acf":[],"_links":{"self":[{"href":"https:\/\/www.protec.com.br\/en\/wp-json\/wp\/v2\/product\/5934","targetHints":{"allow":["GET"]}}],"collection":[{"href":"https:\/\/www.protec.com.br\/en\/wp-json\/wp\/v2\/product"}],"about":[{"href":"https:\/\/www.protec.com.br\/en\/wp-json\/wp\/v2\/types\/product"}],"version-history":[{"count":1,"href":"https:\/\/www.protec.com.br\/en\/wp-json\/wp\/v2\/product\/5934\/revisions"}],"predecessor-version":[{"id":43930,"href":"https:\/\/www.protec.com.br\/en\/wp-json\/wp\/v2\/product\/5934\/revisions\/43930"}],"wp:featuredmedia":[{"embeddable":true,"href":"https:\/\/www.protec.com.br\/en\/wp-json\/wp\/v2\/media\/29003"}],"wp:attachment":[{"href":"https:\/\/www.protec.com.br\/en\/wp-json\/wp\/v2\/media?parent=5934"}],"wp:term":[{"taxonomy":"product_brand","embeddable":true,"href":"https:\/\/www.protec.com.br\/en\/wp-json\/wp\/v2\/product_brand?post=5934"},{"taxonomy":"product_cat","embeddable":true,"href":"https:\/\/www.protec.com.br\/en\/wp-json\/wp\/v2\/product_cat?post=5934"},{"taxonomy":"product_tag","embeddable":true,"href":"https:\/\/www.protec.com.br\/en\/wp-json\/wp\/v2\/product_tag?post=5934"}],"curies":[{"name":"wp","href":"https:\/\/api.w.org\/{rel}","templated":true}]}}