{"id":5930,"date":"2022-07-14T15:47:31","date_gmt":"2022-07-14T18:47:31","guid":{"rendered":"https:\/\/www.protec.com.br\/?post_type=product&#038;p=5930"},"modified":"2026-02-19T17:02:11","modified_gmt":"2026-02-19T20:02:11","slug":"certificado-de-calibracao-rastreavel-hs30e-hs30el","status":"publish","type":"product","link":"https:\/\/www.protec.com.br\/en\/product\/certificado-de-calibracao-rastreavel-hs30e-hs30el\/","title":{"rendered":"CERTIFICADO DE CALIBRA\u00c7\u00c3O RASTRE\u00c1VEL HS30E\/HS30EL"},"content":{"rendered":"<p>CERTIFICADO DE CALIBRA\u00c7\u00c3O RASTRE\u00c1VEL HS30E\/HS30EL<\/p>","protected":false},"excerpt":{"rendered":"<p>CERTIFICADO DE CALIBRA\u00c7\u00c3O RASTRE\u00c1VEL HS30E\/HS30EL<\/p>","protected":false},"featured_media":29003,"template":"","meta":{"_acf_changed":false},"product_brand":[],"product_cat":[20,298],"product_tag":[],"class_list":{"0":"post-5930","1":"product","2":"type-product","3":"status-publish","4":"has-post-thumbnail","6":"product_cat-analisadores","7":"product_cat-simulador-multifuncional-hs30","9":"first","10":"instock","11":"virtual","12":"taxable","13":"purchasable","14":"product-type-simple"},"acf":[],"_links":{"self":[{"href":"https:\/\/www.protec.com.br\/en\/wp-json\/wp\/v2\/product\/5930","targetHints":{"allow":["GET"]}}],"collection":[{"href":"https:\/\/www.protec.com.br\/en\/wp-json\/wp\/v2\/product"}],"about":[{"href":"https:\/\/www.protec.com.br\/en\/wp-json\/wp\/v2\/types\/product"}],"version-history":[{"count":1,"href":"https:\/\/www.protec.com.br\/en\/wp-json\/wp\/v2\/product\/5930\/revisions"}],"predecessor-version":[{"id":43926,"href":"https:\/\/www.protec.com.br\/en\/wp-json\/wp\/v2\/product\/5930\/revisions\/43926"}],"wp:featuredmedia":[{"embeddable":true,"href":"https:\/\/www.protec.com.br\/en\/wp-json\/wp\/v2\/media\/29003"}],"wp:attachment":[{"href":"https:\/\/www.protec.com.br\/en\/wp-json\/wp\/v2\/media?parent=5930"}],"wp:term":[{"taxonomy":"product_brand","embeddable":true,"href":"https:\/\/www.protec.com.br\/en\/wp-json\/wp\/v2\/product_brand?post=5930"},{"taxonomy":"product_cat","embeddable":true,"href":"https:\/\/www.protec.com.br\/en\/wp-json\/wp\/v2\/product_cat?post=5930"},{"taxonomy":"product_tag","embeddable":true,"href":"https:\/\/www.protec.com.br\/en\/wp-json\/wp\/v2\/product_tag?post=5930"}],"curies":[{"name":"wp","href":"https:\/\/api.w.org\/{rel}","templated":true}]}}