{"id":5927,"date":"2022-07-14T15:27:54","date_gmt":"2022-07-14T18:27:54","guid":{"rendered":"https:\/\/www.protec.com.br\/?post_type=product&#038;p=5927"},"modified":"2026-02-19T17:11:55","modified_gmt":"2026-02-19T20:11:55","slug":"simulador-de-ecg-com-arritmias-oximetria-respiracao-e-temperatura-laudo-camera-hs30f","status":"publish","type":"product","link":"https:\/\/www.protec.com.br\/en\/product\/simulador-de-ecg-com-arritmias-oximetria-respiracao-e-temperatura-laudo-camera-hs30f\/","title":{"rendered":"SIMULADOR DE ECG (COM ARRITMIAS), OXIMETRIA, RESPIRA\u00c7\u00c3O E TEMPERATURA + LAUDO &#8211; HS30F"},"content":{"rendered":"<p>O funcionamento eficaz e seguro de equipamentos eletrom\u00e9dicos, tais como, monitores multiparam\u00e9tricos, eletrocardi\u00f3grafos, ox\u00edmetros etc, dependem da manuten\u00e7\u00e3o preventiva e corretiva. O simulador de paciente <strong>HS-30<\/strong> possibilita, de modo f\u00e1cil, a realiza\u00e7\u00e3o dos ensaios necess\u00e1rios para estes equipamentos. O HS-30 \u00e9 apresentado em seis vers\u00f5es distintas, permitindo a simula\u00e7\u00e3o de sinais de ECG, Oximetria, Respira\u00e7\u00e3o e Temperatura.<\/p>\n<p>Adicionalmente, as vers\u00f5es HS-30EL, HS-30ESL e HS-30F, permitem que o operador determine crit\u00e9rios de aceitabilidade e sequ\u00eancias de ensaios, al\u00e9m de possibilitar o registro dos resultados dos ensaios e a gera\u00e7\u00e3o de um relat\u00f3rio com estes resultados.<\/p>\n<p>&nbsp;<\/p>","protected":false},"excerpt":{"rendered":"<p>O funcionamento eficaz e seguro de equipamentos eletrom\u00e9dicos, tais como, monitores multiparam\u00e9tricos, eletrocardi\u00f3grafos, ox\u00edmetros etc, dependem da manuten\u00e7\u00e3o preventiva e corretiva. O simulador de paciente <strong>HS-30<\/strong> possibilita, de modo f\u00e1cil, a realiza\u00e7\u00e3o dos ensaios necess\u00e1rios para estes equipamentos. O HS-30 \u00e9 apresentado em seis vers\u00f5es distintas, permitindo a simula\u00e7\u00e3o de sinais de ECG, Oximetria, Respira\u00e7\u00e3o e Temperatura.<\/p>\n<p><strong>HS30F &#8211;<\/strong>Simulador de Oximetria, de ECG de 10 termina\u00e7\u00f5es, Arritmias, de Respira\u00e7\u00e3o e de Temperatura para avalia\u00e7\u00e3o de desempenho e valida\u00e7\u00e3o de Eletrocardi\u00f3grafo Mono ou Multicanal, de Monitor Card\u00edaco e de Monitor Multipar\u00e2metro, inclui software para emiss\u00e3o de Laudo de Valida\u00e7\u00e3o.<\/p>","protected":false},"featured_media":29020,"template":"","meta":{"_acf_changed":false},"product_brand":[],"product_cat":[20,298],"product_tag":[210,211,212,214,213],"class_list":{"0":"post-5927","1":"product","2":"type-product","3":"status-publish","4":"has-post-thumbnail","6":"product_cat-analisadores","7":"product_cat-simulador-multifuncional-hs30","8":"product_tag-ecg","9":"product_tag-simulador","10":"product_tag-simulador-de-ecg","11":"product_tag-simulador-de-ecg-arritmias","12":"product_tag-simulador-de-oximetria","14":"first","15":"outofstock","16":"virtual","17":"taxable","18":"purchasable","19":"product-type-simple"},"acf":[],"_links":{"self":[{"href":"https:\/\/www.protec.com.br\/en\/wp-json\/wp\/v2\/product\/5927","targetHints":{"allow":["GET"]}}],"collection":[{"href":"https:\/\/www.protec.com.br\/en\/wp-json\/wp\/v2\/product"}],"about":[{"href":"https:\/\/www.protec.com.br\/en\/wp-json\/wp\/v2\/types\/product"}],"version-history":[{"count":1,"href":"https:\/\/www.protec.com.br\/en\/wp-json\/wp\/v2\/product\/5927\/revisions"}],"predecessor-version":[{"id":44039,"href":"https:\/\/www.protec.com.br\/en\/wp-json\/wp\/v2\/product\/5927\/revisions\/44039"}],"wp:featuredmedia":[{"embeddable":true,"href":"https:\/\/www.protec.com.br\/en\/wp-json\/wp\/v2\/media\/29020"}],"wp:attachment":[{"href":"https:\/\/www.protec.com.br\/en\/wp-json\/wp\/v2\/media?parent=5927"}],"wp:term":[{"taxonomy":"product_brand","embeddable":true,"href":"https:\/\/www.protec.com.br\/en\/wp-json\/wp\/v2\/product_brand?post=5927"},{"taxonomy":"product_cat","embeddable":true,"href":"https:\/\/www.protec.com.br\/en\/wp-json\/wp\/v2\/product_cat?post=5927"},{"taxonomy":"product_tag","embeddable":true,"href":"https:\/\/www.protec.com.br\/en\/wp-json\/wp\/v2\/product_tag?post=5927"}],"curies":[{"name":"wp","href":"https:\/\/api.w.org\/{rel}","templated":true}]}}