{"id":5424,"date":"2022-06-28T15:47:03","date_gmt":"2022-06-28T18:47:03","guid":{"rendered":"https:\/\/www.protec.com.br\/?post_type=product&#038;p=5424"},"modified":"2026-02-13T12:28:22","modified_gmt":"2026-02-13T15:28:22","slug":"conector-t-aires-pp-22mx22fx26m","status":"publish","type":"product","link":"https:\/\/www.protec.com.br\/en\/product\/conector-t-aires-pp-22mx22fx26m\/","title":{"rendered":"CONECTOR &#8220;T&#8221; AIRES PP 22MX22FX26M"},"content":{"rendered":"<p>O conector T de Aires \u00e9 indicado para uso na conex\u00e3o de traqueias usadas em circuitos respirat\u00f3rios ou de aplica\u00e7\u00e3o de g\u00e1s com objetivo de evitar a perda do g\u00e1s durante o procedimento m\u00e9dico hospitalar. Tamb\u00e9m utilizado em circuitos de anestesia Baraka. conhecido por duplo T por conta da presen\u00e7a de dois conectores T de Aires.<\/p>\n<p><strong>CONECTOR &#8220;T&#8221; AIRES PP 22MX22FX26M<\/strong><\/p>\n<p><strong>RMS: 80435140043 (PP)<\/strong><\/p>","protected":false},"excerpt":{"rendered":"<p>O conector em T \u00e9 utilizado no circuito respirat\u00f3rio de ventila\u00e7\u00e3o mec\u00e2nica, quando h\u00e1 necessidade de adapta\u00e7\u00e3o de outros recursos \u00e0 entrada das traqueias.<\/p>\n<p>RMS: 80435140043 (PP)<\/p>\n<p>&nbsp;<\/p>","protected":false},"featured_media":28935,"template":"","meta":{"_acf_changed":false},"product_brand":[],"product_cat":[21,279],"product_tag":[100],"class_list":{"0":"post-5424","1":"product","2":"type-product","3":"status-publish","4":"has-post-thumbnail","6":"product_cat-menu-anestesia","7":"product_cat-conectores-t-de-aires","8":"product_tag-conectorintermediariotcircuitotraqueia","10":"first","11":"instock","12":"virtual","13":"taxable","14":"purchasable","15":"product-type-simple"},"acf":[],"_links":{"self":[{"href":"https:\/\/www.protec.com.br\/en\/wp-json\/wp\/v2\/product\/5424","targetHints":{"allow":["GET"]}}],"collection":[{"href":"https:\/\/www.protec.com.br\/en\/wp-json\/wp\/v2\/product"}],"about":[{"href":"https:\/\/www.protec.com.br\/en\/wp-json\/wp\/v2\/types\/product"}],"version-history":[{"count":1,"href":"https:\/\/www.protec.com.br\/en\/wp-json\/wp\/v2\/product\/5424\/revisions"}],"predecessor-version":[{"id":41771,"href":"https:\/\/www.protec.com.br\/en\/wp-json\/wp\/v2\/product\/5424\/revisions\/41771"}],"wp:featuredmedia":[{"embeddable":true,"href":"https:\/\/www.protec.com.br\/en\/wp-json\/wp\/v2\/media\/28935"}],"wp:attachment":[{"href":"https:\/\/www.protec.com.br\/en\/wp-json\/wp\/v2\/media?parent=5424"}],"wp:term":[{"taxonomy":"product_brand","embeddable":true,"href":"https:\/\/www.protec.com.br\/en\/wp-json\/wp\/v2\/product_brand?post=5424"},{"taxonomy":"product_cat","embeddable":true,"href":"https:\/\/www.protec.com.br\/en\/wp-json\/wp\/v2\/product_cat?post=5424"},{"taxonomy":"product_tag","embeddable":true,"href":"https:\/\/www.protec.com.br\/en\/wp-json\/wp\/v2\/product_tag?post=5424"}],"curies":[{"name":"wp","href":"https:\/\/api.w.org\/{rel}","templated":true}]}}