{"id":5393,"date":"2022-06-28T11:59:41","date_gmt":"2022-06-28T14:59:41","guid":{"rendered":"https:\/\/www.protec.com.br\/?post_type=product&#038;p=5393"},"modified":"2026-02-12T12:05:42","modified_gmt":"2026-02-12T15:05:42","slug":"005373-conector-y-infantil-psu-com-furo-autoclavavel-134-com-tampao","status":"publish","type":"product","link":"https:\/\/www.protec.com.br\/en\/product\/005373-conector-y-infantil-psu-com-furo-autoclavavel-134-com-tampao\/","title":{"rendered":"CONECTOR &#8220;Y&#8221; INFANTIL PSU COM FURO E COM TAMP\u00c3O"},"content":{"rendered":"<div class=\"col-md-12\">\n<p>O conector Y \u00e9 utilizado como intermedi\u00e1rio em circuitos respirat\u00f3rios de ramo duplo para realizar a conex\u00e3o entre as traqueias e a c\u00e2nula de traqueostomia, filtro HMEF ou cateter mount de acordo com as especifica\u00e7\u00e3o do circuito.<\/p>\n<p class=\"lead\"><strong>CONECTOR &#8220;Y&#8221; INFANTIL PSU COM FURO AUTOCLAV\u00c1VEL 134\u00b0 COM TAMP\u00c3O<\/strong><\/p>\n<\/div>\n<p><strong>RMS: 80435140044 (PSU)<\/strong><\/p>\n<p>&nbsp;<\/p>","protected":false},"excerpt":{"rendered":"<p>O conector Y \u00e9 utilizado como intermedi\u00e1rio em circuitos respirat\u00f3rios de ramo duplo para realizar a conex\u00e3o entre as traqueias e a c\u00e2nula de traqueostomia, filtro HMRF ou cateter mount, de acordo com a especifica\u00e7\u00e3o do circuito.<\/p>\n<p><strong>RMS:<\/strong> 80435140044 (PSU)<\/p>\n<p>&nbsp;<\/p>","protected":false},"featured_media":28919,"template":"","meta":{"_acf_changed":false},"product_brand":[],"product_cat":[21,276],"product_tag":[],"class_list":{"0":"post-5393","1":"product","2":"type-product","3":"status-publish","4":"has-post-thumbnail","6":"product_cat-menu-anestesia","7":"product_cat-conectores-y","9":"first","10":"instock","11":"virtual","12":"taxable","13":"purchasable","14":"product-type-simple"},"acf":[],"_links":{"self":[{"href":"https:\/\/www.protec.com.br\/en\/wp-json\/wp\/v2\/product\/5393","targetHints":{"allow":["GET"]}}],"collection":[{"href":"https:\/\/www.protec.com.br\/en\/wp-json\/wp\/v2\/product"}],"about":[{"href":"https:\/\/www.protec.com.br\/en\/wp-json\/wp\/v2\/types\/product"}],"version-history":[{"count":1,"href":"https:\/\/www.protec.com.br\/en\/wp-json\/wp\/v2\/product\/5393\/revisions"}],"predecessor-version":[{"id":41764,"href":"https:\/\/www.protec.com.br\/en\/wp-json\/wp\/v2\/product\/5393\/revisions\/41764"}],"wp:featuredmedia":[{"embeddable":true,"href":"https:\/\/www.protec.com.br\/en\/wp-json\/wp\/v2\/media\/28919"}],"wp:attachment":[{"href":"https:\/\/www.protec.com.br\/en\/wp-json\/wp\/v2\/media?parent=5393"}],"wp:term":[{"taxonomy":"product_brand","embeddable":true,"href":"https:\/\/www.protec.com.br\/en\/wp-json\/wp\/v2\/product_brand?post=5393"},{"taxonomy":"product_cat","embeddable":true,"href":"https:\/\/www.protec.com.br\/en\/wp-json\/wp\/v2\/product_cat?post=5393"},{"taxonomy":"product_tag","embeddable":true,"href":"https:\/\/www.protec.com.br\/en\/wp-json\/wp\/v2\/product_tag?post=5393"}],"curies":[{"name":"wp","href":"https:\/\/api.w.org\/{rel}","templated":true}]}}