{"id":5351,"date":"2022-06-27T16:58:52","date_gmt":"2022-06-27T19:58:52","guid":{"rendered":"https:\/\/www.protec.com.br\/?post_type=product&#038;p=5351"},"modified":"2026-02-16T09:59:14","modified_gmt":"2026-02-16T12:59:14","slug":"conector-reto-traqueia-uniao-psu-aut-134-22mx15f","status":"publish","type":"product","link":"https:\/\/www.protec.com.br\/en\/product\/conector-reto-traqueia-uniao-psu-aut-134-22mx15f\/","title":{"rendered":"CONECTOR RETO TRAQUEIA UNI\u00c3O PSU 22MX15F"},"content":{"rendered":"<p>CONECTOR RETO TRAQUEIA UNI\u00c3O AUT. 134\u00b0 22MX15F<\/p>\n<p>&nbsp;<\/p>\n<p><strong>RMS: 80435140044 (PSU)<\/strong><\/p>","protected":false},"excerpt":{"rendered":"<p>CONECTORES RETOS<\/p>\n<p>O conector reto \u00e9 utilizado no circuito respirat\u00f3rio quando h\u00e1 necessidade de adapta\u00e7\u00e3o do circuito respirat\u00f3rio \u00e0 entrada de outros recursos.<\/p>\n<p><strong>RMS:<\/strong> 80435140044 (PSU)<\/p>\n<p>&nbsp;<\/p>","protected":false},"featured_media":28904,"template":"","meta":{"_acf_changed":false},"product_brand":[],"product_cat":[21,347],"product_tag":[],"class_list":{"0":"post-5351","1":"product","2":"type-product","3":"status-publish","4":"has-post-thumbnail","6":"product_cat-menu-anestesia","7":"product_cat-conectores-retos","9":"first","10":"instock","11":"virtual","12":"taxable","13":"purchasable","14":"product-type-simple"},"acf":[],"_links":{"self":[{"href":"https:\/\/www.protec.com.br\/en\/wp-json\/wp\/v2\/product\/5351","targetHints":{"allow":["GET"]}}],"collection":[{"href":"https:\/\/www.protec.com.br\/en\/wp-json\/wp\/v2\/product"}],"about":[{"href":"https:\/\/www.protec.com.br\/en\/wp-json\/wp\/v2\/types\/product"}],"version-history":[{"count":1,"href":"https:\/\/www.protec.com.br\/en\/wp-json\/wp\/v2\/product\/5351\/revisions"}],"predecessor-version":[{"id":41740,"href":"https:\/\/www.protec.com.br\/en\/wp-json\/wp\/v2\/product\/5351\/revisions\/41740"}],"wp:featuredmedia":[{"embeddable":true,"href":"https:\/\/www.protec.com.br\/en\/wp-json\/wp\/v2\/media\/28904"}],"wp:attachment":[{"href":"https:\/\/www.protec.com.br\/en\/wp-json\/wp\/v2\/media?parent=5351"}],"wp:term":[{"taxonomy":"product_brand","embeddable":true,"href":"https:\/\/www.protec.com.br\/en\/wp-json\/wp\/v2\/product_brand?post=5351"},{"taxonomy":"product_cat","embeddable":true,"href":"https:\/\/www.protec.com.br\/en\/wp-json\/wp\/v2\/product_cat?post=5351"},{"taxonomy":"product_tag","embeddable":true,"href":"https:\/\/www.protec.com.br\/en\/wp-json\/wp\/v2\/product_tag?post=5351"}],"curies":[{"name":"wp","href":"https:\/\/api.w.org\/{rel}","templated":true}]}}