{"id":5226,"date":"2022-06-24T11:28:02","date_gmt":"2022-06-24T14:28:02","guid":{"rendered":"https:\/\/www.protec.com.br\/?post_type=product&#038;p=5226"},"modified":"2026-02-12T11:20:31","modified_gmt":"2026-02-12T14:20:31","slug":"valvula-reguladora-rede-o2","status":"publish","type":"product","link":"https:\/\/www.protec.com.br\/en\/product\/valvula-reguladora-rede-o2\/","title":{"rendered":"V\u00c1LVULA REGULADORA REDE O2"},"content":{"rendered":"<p>A\u00a0<strong>V\u00e1lvula Reguladora de Press\u00e3o para Rede de Gases,<\/strong> possui padroniza\u00e7\u00e3o ABNT, seu corpo e constru\u00eddo em lat\u00e3o cromado de alta resist\u00eancia, possui man\u00f4metro para indica\u00e7\u00e3o da press\u00e3o ajustada. O ajuste da press\u00e3o \u00e9 vari\u00e1vel e feito atrav\u00e9s do bot\u00e3o de regulagem de fluxo que pode variar de 0 a 11 kgf\/cm, possui press\u00e3o de entrada de at\u00e9 7kgf\/cm.<\/p>\n<p>As v\u00e1lvulas reguladoras de press\u00e3o est\u00e3o dispon\u00edveis e tr\u00eas op\u00e7\u00f5es de gases medicinais: Ar comprimido medicinal, Oxig\u00eanio medicinal e \u00d3xido nitroso.<\/p>\n<p>&nbsp;<\/p>","protected":false},"excerpt":{"rendered":"<p>As v\u00e1lvulas reguladoras de press\u00e3o para rede de gases possuem corpo constru\u00eddo em lat\u00e3o cromado de alta resist\u00eancia, man\u00f4metro para indica\u00e7\u00e3o da press\u00e3o ajustada e bot\u00e3o de regulagem da press\u00e3o. O ajuste da press\u00e3o \u00e9 vari\u00e1vel e feito atrav\u00e9s do bot\u00e3o de regulagem de fluxo que pode variar de 0 a 11 kgf\/cm.<\/p>\n<p><strong>RMS:<\/strong> 80435149003<\/p>","protected":false},"featured_media":28883,"template":"","meta":{"_acf_changed":false},"product_brand":[],"product_cat":[24,65,270],"product_tag":[305,176,522],"class_list":{"0":"post-5226","1":"product","2":"type-product","3":"status-publish","4":"has-post-thumbnail","6":"product_cat-menu-gasoterapia","7":"product_cat-principais","8":"product_cat-valvula-reguladora-de-pressao-para-rede-de-gases","9":"product_tag-gasoterapia","10":"product_tag-o2","11":"product_tag-valvula-reguladora","13":"first","14":"instock","15":"virtual","16":"taxable","17":"purchasable","18":"product-type-simple"},"acf":[],"_links":{"self":[{"href":"https:\/\/www.protec.com.br\/en\/wp-json\/wp\/v2\/product\/5226","targetHints":{"allow":["GET"]}}],"collection":[{"href":"https:\/\/www.protec.com.br\/en\/wp-json\/wp\/v2\/product"}],"about":[{"href":"https:\/\/www.protec.com.br\/en\/wp-json\/wp\/v2\/types\/product"}],"version-history":[{"count":1,"href":"https:\/\/www.protec.com.br\/en\/wp-json\/wp\/v2\/product\/5226\/revisions"}],"predecessor-version":[{"id":42650,"href":"https:\/\/www.protec.com.br\/en\/wp-json\/wp\/v2\/product\/5226\/revisions\/42650"}],"wp:featuredmedia":[{"embeddable":true,"href":"https:\/\/www.protec.com.br\/en\/wp-json\/wp\/v2\/media\/28883"}],"wp:attachment":[{"href":"https:\/\/www.protec.com.br\/en\/wp-json\/wp\/v2\/media?parent=5226"}],"wp:term":[{"taxonomy":"product_brand","embeddable":true,"href":"https:\/\/www.protec.com.br\/en\/wp-json\/wp\/v2\/product_brand?post=5226"},{"taxonomy":"product_cat","embeddable":true,"href":"https:\/\/www.protec.com.br\/en\/wp-json\/wp\/v2\/product_cat?post=5226"},{"taxonomy":"product_tag","embeddable":true,"href":"https:\/\/www.protec.com.br\/en\/wp-json\/wp\/v2\/product_tag?post=5226"}],"curies":[{"name":"wp","href":"https:\/\/api.w.org\/{rel}","templated":true}]}}