{"id":5204,"date":"2022-06-24T10:55:44","date_gmt":"2022-06-24T13:55:44","guid":{"rendered":"https:\/\/www.protec.com.br\/?post_type=product&#038;p=5204"},"modified":"2026-02-12T10:55:46","modified_gmt":"2026-02-12T13:55:46","slug":"valvula-redutora-cilindro-cabo-longo-o2","status":"publish","type":"product","link":"https:\/\/www.protec.com.br\/en\/product\/valvula-redutora-cilindro-cabo-longo-o2\/","title":{"rendered":"V\u00c1LVULA REDUTORA CILINDRO CABO LONGO O2"},"content":{"rendered":"<p>As v\u00e1lvulas reguladoras de press\u00e3o para cilindro fabricadas pela Protec segue um rigoroso crit\u00e9rio de fabrica\u00e7\u00e3o, seu corpo \u00e9 constru\u00eddo em lat\u00e3o cromado de alta qualidade, possui man\u00f4metro para indica\u00e7\u00e3o da press\u00e3o residual do cilindro e Flux\u00f4metro que permite controle da vaz\u00e3o do g\u00e1s.<\/p>\n<p>Concebida para o controle da press\u00e3o de sa\u00edda do cilindro, as v\u00e1lvulas reguladoras de cilindro s\u00e3o normalmente utilizadas em locais ou unidades onde n\u00e3o existe canaliza\u00e7\u00e3o de gases medicinais trazendo, desta maneira, acessibilidade e flexibilidade na utiliza\u00e7\u00e3o de equipamentos m\u00e9dicos e tratamentos respirat\u00f3rios.<\/p>\n<p>&nbsp;<\/p>","protected":false},"excerpt":{"rendered":"<p>As v\u00e1lvulas redutoras de press\u00e3o para cilindro foram desenvolvidas para controlar a press\u00e3o de sa\u00edda de Ar comprimido medicinal, Oxig\u00eanio, Nitrog\u00eanio, G\u00e1s Carb\u00f4nico, Arg\u00f4nio e \u00d3xido Nitroso.<\/p>\n<p><strong>RMS: 80435149003<\/strong><\/p>","protected":false},"featured_media":28877,"template":"","meta":{"_acf_changed":false},"product_brand":[],"product_cat":[24,65,269],"product_tag":[136,138,135,134,133],"class_list":{"0":"post-5204","1":"product","2":"type-product","3":"status-publish","4":"has-post-thumbnail","6":"product_cat-menu-gasoterapia","7":"product_cat-principais","8":"product_cat-valvula-redutora-de-pressao-para-cilindros","9":"product_tag-cilindros","10":"product_tag-manometro","11":"product_tag-pressao","12":"product_tag-redutora","13":"product_tag-valvula","15":"first","16":"instock","17":"taxable","18":"shipping-taxable","19":"purchasable","20":"product-type-simple"},"acf":[],"_links":{"self":[{"href":"https:\/\/www.protec.com.br\/en\/wp-json\/wp\/v2\/product\/5204","targetHints":{"allow":["GET"]}}],"collection":[{"href":"https:\/\/www.protec.com.br\/en\/wp-json\/wp\/v2\/product"}],"about":[{"href":"https:\/\/www.protec.com.br\/en\/wp-json\/wp\/v2\/types\/product"}],"version-history":[{"count":2,"href":"https:\/\/www.protec.com.br\/en\/wp-json\/wp\/v2\/product\/5204\/revisions"}],"predecessor-version":[{"id":42658,"href":"https:\/\/www.protec.com.br\/en\/wp-json\/wp\/v2\/product\/5204\/revisions\/42658"}],"wp:featuredmedia":[{"embeddable":true,"href":"https:\/\/www.protec.com.br\/en\/wp-json\/wp\/v2\/media\/28877"}],"wp:attachment":[{"href":"https:\/\/www.protec.com.br\/en\/wp-json\/wp\/v2\/media?parent=5204"}],"wp:term":[{"taxonomy":"product_brand","embeddable":true,"href":"https:\/\/www.protec.com.br\/en\/wp-json\/wp\/v2\/product_brand?post=5204"},{"taxonomy":"product_cat","embeddable":true,"href":"https:\/\/www.protec.com.br\/en\/wp-json\/wp\/v2\/product_cat?post=5204"},{"taxonomy":"product_tag","embeddable":true,"href":"https:\/\/www.protec.com.br\/en\/wp-json\/wp\/v2\/product_tag?post=5204"}],"curies":[{"name":"wp","href":"https:\/\/api.w.org\/{rel}","templated":true}]}}