{"id":5182,"date":"2022-06-24T09:31:47","date_gmt":"2022-06-24T12:31:47","guid":{"rendered":"https:\/\/www.protec.com.br\/?post_type=product&#038;p=5182"},"modified":"2026-02-12T09:50:33","modified_gmt":"2026-02-12T12:50:33","slug":"torneira-flecha-com-valvula-impacto-ar-cod-004946","status":"publish","type":"product","link":"https:\/\/www.protec.com.br\/en\/product\/torneira-flecha-com-valvula-impacto-ar-cod-004946\/","title":{"rendered":"TORNEIRA FLECHA COM V\u00c1LVULA IMPACTO AR"},"content":{"rendered":"<p>A\u00a0 V\u00e1lvula BI\u00a0 conhecida como Torneira Flecha tamb\u00e9m\u00a0 \u00e9 indicada para o controle de Fluxo dos gases medicinais em pontos de baixa press\u00e3o.<\/p>\n<p>Dispon\u00edveis para quatro tipos de gases medicinais: Ar Comprimido, Oxig\u00eanio, V\u00e1cuo e \u00d3xido Nitroso, a torneira flecha suporta a press\u00e3o de trabalho\u00a0 3,5 +- 0,3kgf\/cm\u00b2, seu corpo \u00e9 feito em lat\u00e3o cromado, sua rosca de entrada \u00e9 padronizada \u00bc npt, possui padroniza\u00e7\u00e3o ABNT para as confec\u00e7\u00f5es de sa\u00edda e padroniza\u00e7\u00e3o de cores de gases medicinais.<\/p>\n<p>Todos os modelos de V\u00e1lvula BI possuem v\u00e1lvula de impacto.<\/p>","protected":false},"excerpt":{"rendered":"<p>As torneiras flecha foram desenvolvidas e fabricadas sob conceitos de qualidade e tecnologia. S\u00e3o utilizadas para controlar o fluxo de sa\u00edda de pontos de baixa press\u00e3o de oxig\u00eanio, ar comprimido medicinal, \u00f3xido nitroso, g\u00e1s carb\u00f4nico, v\u00e1cuo, nitrog\u00eanio e arg\u00f4nio.<\/p>\n<p><strong>RMS:<\/strong> 80435140027<\/p>","protected":false},"featured_media":28871,"template":"","meta":{"_acf_changed":false},"product_brand":[],"product_cat":[24,268],"product_tag":[142,140,141,139,133],"class_list":{"0":"post-5182","1":"product","2":"type-product","3":"status-publish","4":"has-post-thumbnail","6":"product_cat-menu-gasoterapia","7":"product_cat-valvula-bi","8":"product_tag-bi","9":"product_tag-flecha","10":"product_tag-impacto","11":"product_tag-torneira","12":"product_tag-valvula","14":"first","15":"instock","16":"virtual","17":"taxable","18":"purchasable","19":"product-type-simple"},"acf":[],"_links":{"self":[{"href":"https:\/\/www.protec.com.br\/en\/wp-json\/wp\/v2\/product\/5182","targetHints":{"allow":["GET"]}}],"collection":[{"href":"https:\/\/www.protec.com.br\/en\/wp-json\/wp\/v2\/product"}],"about":[{"href":"https:\/\/www.protec.com.br\/en\/wp-json\/wp\/v2\/types\/product"}],"version-history":[{"count":1,"href":"https:\/\/www.protec.com.br\/en\/wp-json\/wp\/v2\/product\/5182\/revisions"}],"predecessor-version":[{"id":42709,"href":"https:\/\/www.protec.com.br\/en\/wp-json\/wp\/v2\/product\/5182\/revisions\/42709"}],"wp:featuredmedia":[{"embeddable":true,"href":"https:\/\/www.protec.com.br\/en\/wp-json\/wp\/v2\/media\/28871"}],"wp:attachment":[{"href":"https:\/\/www.protec.com.br\/en\/wp-json\/wp\/v2\/media?parent=5182"}],"wp:term":[{"taxonomy":"product_brand","embeddable":true,"href":"https:\/\/www.protec.com.br\/en\/wp-json\/wp\/v2\/product_brand?post=5182"},{"taxonomy":"product_cat","embeddable":true,"href":"https:\/\/www.protec.com.br\/en\/wp-json\/wp\/v2\/product_cat?post=5182"},{"taxonomy":"product_tag","embeddable":true,"href":"https:\/\/www.protec.com.br\/en\/wp-json\/wp\/v2\/product_tag?post=5182"}],"curies":[{"name":"wp","href":"https:\/\/api.w.org\/{rel}","templated":true}]}}