{"id":5172,"date":"2022-06-24T09:19:46","date_gmt":"2022-06-24T12:19:46","guid":{"rendered":"https:\/\/www.protec.com.br\/?post_type=product&#038;p=5172"},"modified":"2026-02-11T21:32:12","modified_gmt":"2026-02-12T00:32:12","slug":"posto-parede-interno-ar","status":"publish","type":"product","link":"https:\/\/www.protec.com.br\/en\/product\/posto-parede-interno-ar\/","title":{"rendered":"POSTO PAREDE INTERNO AR"},"content":{"rendered":"<p><strong>C\u00d3D. 004682<\/strong><\/p>\n<p>Os Postos Parede para Rede de Gases seguem um rigoroso crit\u00e9rio de fabrica\u00e7\u00e3o, possuem Canopla para acabamento externo com indica\u00e7\u00e3o do tipo de g\u00e1s, suas v\u00e1lvulas medicinais seguem os padr\u00f5es ABNT e possuem v\u00e1lvula de impacto para estanqueidade do g\u00e1s.<\/p>\n<p>O posto de parede \u00e9 fundamental nas unidades de atendimentos para que os equipamentos de gasoterapia sejam conectados, assim como os equipamentos de suporte \u00e1 vida \u201crespiradores pulmonares\u201d.<\/p>\n<p>Os postos\u00a0 parede para rede de gases est\u00e3o dispon\u00edveis em quatro op\u00e7\u00f5es de gases medicinais: Ar Comprimido, Oxig\u00eanio, Nitrog\u00eanio, \u00d3xido Nitroso e V\u00e1cuo<\/p>\n<ul>\n<li><strong>Posto parede para Rede de Gases Interno<\/strong> quando as tubula\u00e7\u00f5es de gases medicinais est\u00e3o embutidas na parede do hospital<\/li>\n<li><strong>Posto Parede para Rede de Gases Externo<\/strong> quando a tubula\u00e7\u00e3o de gases medicinais \u00e9 vis\u00edvel e percorrem a parede pelo lado externo da parede.<\/li>\n<\/ul>","protected":false},"excerpt":{"rendered":"<p>O Posto Parede para rede de gases PROTEC est\u00e1 dispon\u00edvel em duas configura\u00e7\u00f5es (interno e externo) sendo que, o posto parede interno \u00e9 indicado quando as tubula\u00e7\u00f5es de gases medicinais est\u00e3o embutidas na parede do hospital. J\u00e1 o posto parede externo \u00e9 indicado quando a tubula\u00e7\u00e3o de gases medicinais \u00e9 vis\u00edvel e percorre\u00a0 a parede pelo lado externo. Ambas as configura\u00e7\u00f5es possuem canopla em poliestireno de alto impacto ( PSAI) com indica\u00e7\u00e3o do tipo de g\u00e1s, v\u00e1lvula de impacto para estanqueidade do g\u00e1s, tarugo ( interno\/externo) em lat\u00e3o e conex\u00f5es de entrada e sa\u00edda conforme norma ABNT NBR 11906.<\/p>\n<p>Os postos parede para rede de gases est\u00e3o dispon\u00edveis em quatro op\u00e7\u00f5es: Ar Comprimido, Oxig\u00eanio, Nitrog\u00eanio, \u00d3xido Nitroso e V\u00e1cuo.<\/p>\n<p>&nbsp;<\/p>\n<p><strong>RMS:<\/strong> 80435149002<\/p>","protected":false},"featured_media":28866,"template":"","meta":{"_acf_changed":false},"product_brand":[],"product_cat":[24,266],"product_tag":[149,305,147,146,148],"class_list":{"0":"post-5172","1":"product","2":"type-product","3":"status-publish","4":"has-post-thumbnail","6":"product_cat-menu-gasoterapia","7":"product_cat-posto-parede","8":"product_tag-gases","9":"product_tag-gasoterapia","10":"product_tag-parede","11":"product_tag-posto","12":"product_tag-rede","14":"first","15":"instock","16":"virtual","17":"taxable","18":"purchasable","19":"product-type-simple"},"acf":[],"_links":{"self":[{"href":"https:\/\/www.protec.com.br\/en\/wp-json\/wp\/v2\/product\/5172","targetHints":{"allow":["GET"]}}],"collection":[{"href":"https:\/\/www.protec.com.br\/en\/wp-json\/wp\/v2\/product"}],"about":[{"href":"https:\/\/www.protec.com.br\/en\/wp-json\/wp\/v2\/types\/product"}],"version-history":[{"count":1,"href":"https:\/\/www.protec.com.br\/en\/wp-json\/wp\/v2\/product\/5172\/revisions"}],"predecessor-version":[{"id":42744,"href":"https:\/\/www.protec.com.br\/en\/wp-json\/wp\/v2\/product\/5172\/revisions\/42744"}],"wp:featuredmedia":[{"embeddable":true,"href":"https:\/\/www.protec.com.br\/en\/wp-json\/wp\/v2\/media\/28866"}],"wp:attachment":[{"href":"https:\/\/www.protec.com.br\/en\/wp-json\/wp\/v2\/media?parent=5172"}],"wp:term":[{"taxonomy":"product_brand","embeddable":true,"href":"https:\/\/www.protec.com.br\/en\/wp-json\/wp\/v2\/product_brand?post=5172"},{"taxonomy":"product_cat","embeddable":true,"href":"https:\/\/www.protec.com.br\/en\/wp-json\/wp\/v2\/product_cat?post=5172"},{"taxonomy":"product_tag","embeddable":true,"href":"https:\/\/www.protec.com.br\/en\/wp-json\/wp\/v2\/product_tag?post=5172"}],"curies":[{"name":"wp","href":"https:\/\/api.w.org\/{rel}","templated":true}]}}