{"id":5149,"date":"2022-06-24T08:37:15","date_gmt":"2022-06-24T11:37:15","guid":{"rendered":"https:\/\/www.protec.com.br\/?post_type=product&#038;p=5149"},"modified":"2026-02-16T15:26:44","modified_gmt":"2026-02-16T18:26:44","slug":"painel-de-alarme-o2","status":"publish","type":"product","link":"https:\/\/www.protec.com.br\/en\/product\/painel-de-alarme-o2\/","title":{"rendered":"PAINEL DE ALARME MICROPROCESSADO REDE O2"},"content":{"rendered":"<p>Os pain\u00e9is de alarme para rede de gases tem a fun\u00e7\u00e3o monitorar a rede de hospitalar sinalizando por meio alarmes audiovisuais a queda de press\u00e3o do g\u00e1s (AR Comprimido, \u00d3xido Nitroso, Oxig\u00eanio, V\u00e1cuo, Nitrog\u00eanio e G\u00e1s Carb\u00f4nico) indicando a necessidade verifica\u00e7\u00e3o do n\u00edvel de g\u00e1s e a prov\u00e1vel substitui\u00e7\u00e3o dos cilindros, evitando a falta de abastecimento de gases medicinais nas salas cir\u00fargicas, pr\u00e9-anest\u00e9sicas, consult\u00f3rios e salas de observa\u00e7\u00e3o.<\/p>\n<p>Os pain\u00e9is de alarme para rede de gases fabricados pela Protec s\u00e3o calibrados para alarmar quando a press\u00e3o de entrada atingir 3,5kgf\/cm\u00b2 e no caso do v\u00e1cuo de 14 a 15 polHg.<\/p>\n<p>Seu sistema \u00e9 composto por caixa em material termopl\u00e1stico de alta resist\u00eancia na cor branca, o tipo de g\u00e1s \u00e9 identificado atrav\u00e9s de etiqueta no painel frontal, possui alarme sonoro tipo bip e visual atrav\u00e9s de led, atrav\u00e9s do seu man\u00f4metro de press\u00e3o \u00e9 poss\u00edvel acompanhar a press\u00e3o da rede, o alarme \u00e9 acionado por pressostato calibrado, possui auxilio de circuito microprocessado\u00a0 que detecta as menores varia\u00e7\u00f5es existentes na rede de gases, possui padroniza\u00e7\u00e3o ABNT e seu funcionamento depende de sistema el\u00e9trico.<\/p>","protected":false},"excerpt":{"rendered":"<p>O painel de alarme foi desenvolvido para monitorar e sinalizar por meio de alarmes audiovisuais a queda de press\u00e3o de uma rede de gases medicinais. O acionamento \u00e9 gerado por um sistema de pressostato calibrado, que com auxilio de um circuito microprocessado, pode detectar qualquer varia\u00e7\u00e3o na press\u00e3o da rede de gases e \u00e9 acionado imediatamente o alarme.<\/p>\n<p>&nbsp;<\/p>\n<p><strong>RMS:<\/strong> 80435149001<\/p>","protected":false},"featured_media":28856,"template":"","meta":{"_acf_changed":false},"product_brand":[],"product_cat":[24,264],"product_tag":[151,152,149,150,148],"class_list":{"0":"post-5149","1":"product","2":"type-product","3":"status-publish","4":"has-post-thumbnail","6":"product_cat-menu-gasoterapia","7":"product_cat-painel-de-alarme","8":"product_tag-alarme","9":"product_tag-alarmes","10":"product_tag-gases","11":"product_tag-painel","12":"product_tag-rede","14":"first","15":"instock","16":"virtual","17":"taxable","18":"purchasable","19":"product-type-simple"},"acf":[],"_links":{"self":[{"href":"https:\/\/www.protec.com.br\/en\/wp-json\/wp\/v2\/product\/5149","targetHints":{"allow":["GET"]}}],"collection":[{"href":"https:\/\/www.protec.com.br\/en\/wp-json\/wp\/v2\/product"}],"about":[{"href":"https:\/\/www.protec.com.br\/en\/wp-json\/wp\/v2\/types\/product"}],"version-history":[{"count":3,"href":"https:\/\/www.protec.com.br\/en\/wp-json\/wp\/v2\/product\/5149\/revisions"}],"predecessor-version":[{"id":42755,"href":"https:\/\/www.protec.com.br\/en\/wp-json\/wp\/v2\/product\/5149\/revisions\/42755"}],"wp:featuredmedia":[{"embeddable":true,"href":"https:\/\/www.protec.com.br\/en\/wp-json\/wp\/v2\/media\/28856"}],"wp:attachment":[{"href":"https:\/\/www.protec.com.br\/en\/wp-json\/wp\/v2\/media?parent=5149"}],"wp:term":[{"taxonomy":"product_brand","embeddable":true,"href":"https:\/\/www.protec.com.br\/en\/wp-json\/wp\/v2\/product_brand?post=5149"},{"taxonomy":"product_cat","embeddable":true,"href":"https:\/\/www.protec.com.br\/en\/wp-json\/wp\/v2\/product_cat?post=5149"},{"taxonomy":"product_tag","embeddable":true,"href":"https:\/\/www.protec.com.br\/en\/wp-json\/wp\/v2\/product_tag?post=5149"}],"curies":[{"name":"wp","href":"https:\/\/api.w.org\/{rel}","templated":true}]}}