{"id":5141,"date":"2022-06-23T17:38:57","date_gmt":"2022-06-23T20:38:57","guid":{"rendered":"https:\/\/www.protec.com.br\/?post_type=product&#038;p=5141"},"modified":"2026-02-16T15:41:39","modified_gmt":"2026-02-16T18:41:39","slug":"kit-gas-painel-quality-vacuo","status":"publish","type":"product","link":"https:\/\/www.protec.com.br\/en\/product\/kit-gas-painel-quality-vacuo\/","title":{"rendered":"KIT G\u00c1S PAINEL QUALITY V\u00c1CUO"},"content":{"rendered":"<p>KIT G\u00c1S PAINEL QUALITY 2 ENTRADAS V\u00c1CUO<\/p>\n<p>&nbsp;<\/p>","protected":false},"excerpt":{"rendered":"<p>KIT G\u00c1S PAINEL QUALITY ONE 2 ENT VAC<\/p>\n<p>(PINO DE IMPACTO, NIPLE, PORCA, CONECTOR GASES, CONECTOR T)<\/p>","protected":false},"featured_media":28646,"template":"","meta":{"_acf_changed":false},"product_brand":[],"product_cat":[260],"product_tag":[],"class_list":{"0":"post-5141","1":"product","2":"type-product","3":"status-publish","4":"has-post-thumbnail","6":"product_cat-kits-painel-quality-one","8":"first","9":"instock","10":"virtual","11":"taxable","12":"purchasable","13":"product-type-simple"},"acf":[],"_links":{"self":[{"href":"https:\/\/www.protec.com.br\/en\/wp-json\/wp\/v2\/product\/5141","targetHints":{"allow":["GET"]}}],"collection":[{"href":"https:\/\/www.protec.com.br\/en\/wp-json\/wp\/v2\/product"}],"about":[{"href":"https:\/\/www.protec.com.br\/en\/wp-json\/wp\/v2\/types\/product"}],"version-history":[{"count":1,"href":"https:\/\/www.protec.com.br\/en\/wp-json\/wp\/v2\/product\/5141\/revisions"}],"predecessor-version":[{"id":43480,"href":"https:\/\/www.protec.com.br\/en\/wp-json\/wp\/v2\/product\/5141\/revisions\/43480"}],"wp:featuredmedia":[{"embeddable":true,"href":"https:\/\/www.protec.com.br\/en\/wp-json\/wp\/v2\/media\/28646"}],"wp:attachment":[{"href":"https:\/\/www.protec.com.br\/en\/wp-json\/wp\/v2\/media?parent=5141"}],"wp:term":[{"taxonomy":"product_brand","embeddable":true,"href":"https:\/\/www.protec.com.br\/en\/wp-json\/wp\/v2\/product_brand?post=5141"},{"taxonomy":"product_cat","embeddable":true,"href":"https:\/\/www.protec.com.br\/en\/wp-json\/wp\/v2\/product_cat?post=5141"},{"taxonomy":"product_tag","embeddable":true,"href":"https:\/\/www.protec.com.br\/en\/wp-json\/wp\/v2\/product_tag?post=5141"}],"curies":[{"name":"wp","href":"https:\/\/api.w.org\/{rel}","templated":true}]}}