{"id":5125,"date":"2022-06-23T16:56:27","date_gmt":"2022-06-23T19:56:27","guid":{"rendered":"https:\/\/www.protec.com.br\/?post_type=product&#038;p=5125"},"modified":"2026-02-13T11:15:09","modified_gmt":"2026-02-13T14:15:09","slug":"kit-10-pecas-tampao-conexao-9-16","status":"publish","type":"product","link":"https:\/\/www.protec.com.br\/en\/product\/kit-10-pecas-tampao-conexao-9-16\/","title":{"rendered":"KIT 10 PE\u00c7AS TAMP\u00c3O CONEX\u00c3O 9\/16&#8243;"},"content":{"rendered":"<p>KIT 10 PE\u00c7AS TAMP\u00c3O CONEX 9\/16&#8243;<\/p>\n<p>&nbsp;<\/p>","protected":false},"excerpt":{"rendered":"<p>KIT 10 PE\u00c7AS TAMP\u00c3O PARA CONEX\u00c3O 9\/16&#8243;<\/p>","protected":false},"featured_media":43274,"template":"","meta":{"_acf_changed":false},"product_brand":[],"product_cat":[259],"product_tag":[137,305],"class_list":{"0":"post-5125","1":"product","2":"type-product","3":"status-publish","4":"has-post-thumbnail","6":"product_cat-fluxometro-reposicao-de-pecas","7":"product_tag-fluxometro","8":"product_tag-gasoterapia","10":"first","11":"instock","12":"virtual","13":"taxable","14":"purchasable","15":"product-type-simple"},"acf":[],"_links":{"self":[{"href":"https:\/\/www.protec.com.br\/en\/wp-json\/wp\/v2\/product\/5125","targetHints":{"allow":["GET"]}}],"collection":[{"href":"https:\/\/www.protec.com.br\/en\/wp-json\/wp\/v2\/product"}],"about":[{"href":"https:\/\/www.protec.com.br\/en\/wp-json\/wp\/v2\/types\/product"}],"version-history":[{"count":1,"href":"https:\/\/www.protec.com.br\/en\/wp-json\/wp\/v2\/product\/5125\/revisions"}],"predecessor-version":[{"id":43275,"href":"https:\/\/www.protec.com.br\/en\/wp-json\/wp\/v2\/product\/5125\/revisions\/43275"}],"wp:featuredmedia":[{"embeddable":true,"href":"https:\/\/www.protec.com.br\/en\/wp-json\/wp\/v2\/media\/43274"}],"wp:attachment":[{"href":"https:\/\/www.protec.com.br\/en\/wp-json\/wp\/v2\/media?parent=5125"}],"wp:term":[{"taxonomy":"product_brand","embeddable":true,"href":"https:\/\/www.protec.com.br\/en\/wp-json\/wp\/v2\/product_brand?post=5125"},{"taxonomy":"product_cat","embeddable":true,"href":"https:\/\/www.protec.com.br\/en\/wp-json\/wp\/v2\/product_cat?post=5125"},{"taxonomy":"product_tag","embeddable":true,"href":"https:\/\/www.protec.com.br\/en\/wp-json\/wp\/v2\/product_tag?post=5125"}],"curies":[{"name":"wp","href":"https:\/\/api.w.org\/{rel}","templated":true}]}}