{"id":5124,"date":"2022-06-23T16:52:00","date_gmt":"2022-06-23T19:52:00","guid":{"rendered":"https:\/\/www.protec.com.br\/?post_type=product&#038;p=5124"},"modified":"2026-02-13T12:03:09","modified_gmt":"2026-02-13T15:03:09","slug":"kit-10-pecas-tampao-conexao-3-4","status":"publish","type":"product","link":"https:\/\/www.protec.com.br\/en\/product\/kit-10-pecas-tampao-conexao-3-4\/","title":{"rendered":"KIT 10 PE\u00c7AS TAMP\u00c3O CONEX\u00c3O 3\/4&#8243;"},"content":{"rendered":"<p>KIT 10 PE\u00c7AS TAMP\u00c3O CONEX 3\/4&#8243;<\/p>\n<p>&nbsp;<\/p>","protected":false},"excerpt":{"rendered":"<p>KIT 10 PE\u00c7AS TAMP\u00c3O PARA CONEX\u00c3O 3\/4&#8243;<\/p>","protected":false},"featured_media":36005,"template":"","meta":{"_acf_changed":false},"product_brand":[],"product_cat":[259],"product_tag":[],"class_list":{"0":"post-5124","1":"product","2":"type-product","3":"status-publish","4":"has-post-thumbnail","6":"product_cat-fluxometro-reposicao-de-pecas","8":"first","9":"instock","10":"virtual","11":"taxable","12":"purchasable","13":"product-type-simple"},"acf":[],"_links":{"self":[{"href":"https:\/\/www.protec.com.br\/en\/wp-json\/wp\/v2\/product\/5124","targetHints":{"allow":["GET"]}}],"collection":[{"href":"https:\/\/www.protec.com.br\/en\/wp-json\/wp\/v2\/product"}],"about":[{"href":"https:\/\/www.protec.com.br\/en\/wp-json\/wp\/v2\/types\/product"}],"version-history":[{"count":1,"href":"https:\/\/www.protec.com.br\/en\/wp-json\/wp\/v2\/product\/5124\/revisions"}],"predecessor-version":[{"id":43821,"href":"https:\/\/www.protec.com.br\/en\/wp-json\/wp\/v2\/product\/5124\/revisions\/43821"}],"wp:featuredmedia":[{"embeddable":true,"href":"https:\/\/www.protec.com.br\/en\/wp-json\/wp\/v2\/media\/36005"}],"wp:attachment":[{"href":"https:\/\/www.protec.com.br\/en\/wp-json\/wp\/v2\/media?parent=5124"}],"wp:term":[{"taxonomy":"product_brand","embeddable":true,"href":"https:\/\/www.protec.com.br\/en\/wp-json\/wp\/v2\/product_brand?post=5124"},{"taxonomy":"product_cat","embeddable":true,"href":"https:\/\/www.protec.com.br\/en\/wp-json\/wp\/v2\/product_cat?post=5124"},{"taxonomy":"product_tag","embeddable":true,"href":"https:\/\/www.protec.com.br\/en\/wp-json\/wp\/v2\/product_tag?post=5124"}],"curies":[{"name":"wp","href":"https:\/\/api.w.org\/{rel}","templated":true}]}}