{"id":5118,"date":"2022-06-23T16:45:46","date_gmt":"2022-06-23T19:45:46","guid":{"rendered":"https:\/\/www.protec.com.br\/?post_type=product&#038;p=5118"},"modified":"2026-02-16T15:08:21","modified_gmt":"2026-02-16T18:08:21","slug":"kit-agulha-fluxometro-argonio","status":"publish","type":"product","link":"https:\/\/www.protec.com.br\/en\/product\/kit-agulha-fluxometro-argonio\/","title":{"rendered":"KIT AGULHA FLUX\u00d4METRO ARG\u00d4NIO"},"content":{"rendered":"<p>KIT AGULHA FLUX\u00d4METRO ARG\u00d4NIO<\/p>\n<p>&nbsp;<\/p>","protected":false},"excerpt":{"rendered":"<p>(AGULHA, ORING-25007, BOT\u00c3O, PORCA, ORING-25012)<\/p>","protected":false},"featured_media":28846,"template":"","meta":{"_acf_changed":false},"product_brand":[],"product_cat":[259],"product_tag":[],"class_list":{"0":"post-5118","1":"product","2":"type-product","3":"status-publish","4":"has-post-thumbnail","6":"product_cat-fluxometro-reposicao-de-pecas","8":"first","9":"instock","10":"virtual","11":"taxable","12":"purchasable","13":"product-type-simple"},"acf":[],"_links":{"self":[{"href":"https:\/\/www.protec.com.br\/en\/wp-json\/wp\/v2\/product\/5118","targetHints":{"allow":["GET"]}}],"collection":[{"href":"https:\/\/www.protec.com.br\/en\/wp-json\/wp\/v2\/product"}],"about":[{"href":"https:\/\/www.protec.com.br\/en\/wp-json\/wp\/v2\/types\/product"}],"version-history":[{"count":1,"href":"https:\/\/www.protec.com.br\/en\/wp-json\/wp\/v2\/product\/5118\/revisions"}],"predecessor-version":[{"id":43466,"href":"https:\/\/www.protec.com.br\/en\/wp-json\/wp\/v2\/product\/5118\/revisions\/43466"}],"wp:featuredmedia":[{"embeddable":true,"href":"https:\/\/www.protec.com.br\/en\/wp-json\/wp\/v2\/media\/28846"}],"wp:attachment":[{"href":"https:\/\/www.protec.com.br\/en\/wp-json\/wp\/v2\/media?parent=5118"}],"wp:term":[{"taxonomy":"product_brand","embeddable":true,"href":"https:\/\/www.protec.com.br\/en\/wp-json\/wp\/v2\/product_brand?post=5118"},{"taxonomy":"product_cat","embeddable":true,"href":"https:\/\/www.protec.com.br\/en\/wp-json\/wp\/v2\/product_cat?post=5118"},{"taxonomy":"product_tag","embeddable":true,"href":"https:\/\/www.protec.com.br\/en\/wp-json\/wp\/v2\/product_tag?post=5118"}],"curies":[{"name":"wp","href":"https:\/\/api.w.org\/{rel}","templated":true}]}}