{"id":5112,"date":"2022-06-23T16:41:33","date_gmt":"2022-06-23T19:41:33","guid":{"rendered":"https:\/\/www.protec.com.br\/?post_type=product&#038;p=5112"},"modified":"2026-02-13T12:07:50","modified_gmt":"2026-02-13T15:07:50","slug":"bico-saida-borboleta-argonio","status":"publish","type":"product","link":"https:\/\/www.protec.com.br\/en\/product\/bico-saida-borboleta-argonio\/","title":{"rendered":"BICO SA\u00cdDA BORBOLETA ARG\u00d4NIO"},"content":{"rendered":"<p>BICO SA\u00cdDA BORBOLETA ARG\u00d4NIO<\/p>\n<p>&nbsp;<\/p>","protected":false},"excerpt":{"rendered":"<p>BICO SA\u00cdDA BORBOLETA ARG\u00d4NIO<\/p>\n<p>(BORBOLETA, ESPIG\u00c3O, ORING-25011)<\/p>","protected":false},"featured_media":28842,"template":"","meta":{"_acf_changed":false},"product_brand":[],"product_cat":[259],"product_tag":[137,305],"class_list":{"0":"post-5112","1":"product","2":"type-product","3":"status-publish","4":"has-post-thumbnail","6":"product_cat-fluxometro-reposicao-de-pecas","7":"product_tag-fluxometro","8":"product_tag-gasoterapia","10":"first","11":"instock","12":"virtual","13":"taxable","14":"purchasable","15":"product-type-simple"},"acf":[],"_links":{"self":[{"href":"https:\/\/www.protec.com.br\/en\/wp-json\/wp\/v2\/product\/5112","targetHints":{"allow":["GET"]}}],"collection":[{"href":"https:\/\/www.protec.com.br\/en\/wp-json\/wp\/v2\/product"}],"about":[{"href":"https:\/\/www.protec.com.br\/en\/wp-json\/wp\/v2\/types\/product"}],"version-history":[{"count":1,"href":"https:\/\/www.protec.com.br\/en\/wp-json\/wp\/v2\/product\/5112\/revisions"}],"predecessor-version":[{"id":43368,"href":"https:\/\/www.protec.com.br\/en\/wp-json\/wp\/v2\/product\/5112\/revisions\/43368"}],"wp:featuredmedia":[{"embeddable":true,"href":"https:\/\/www.protec.com.br\/en\/wp-json\/wp\/v2\/media\/28842"}],"wp:attachment":[{"href":"https:\/\/www.protec.com.br\/en\/wp-json\/wp\/v2\/media?parent=5112"}],"wp:term":[{"taxonomy":"product_brand","embeddable":true,"href":"https:\/\/www.protec.com.br\/en\/wp-json\/wp\/v2\/product_brand?post=5112"},{"taxonomy":"product_cat","embeddable":true,"href":"https:\/\/www.protec.com.br\/en\/wp-json\/wp\/v2\/product_cat?post=5112"},{"taxonomy":"product_tag","embeddable":true,"href":"https:\/\/www.protec.com.br\/en\/wp-json\/wp\/v2\/product_tag?post=5112"}],"curies":[{"name":"wp","href":"https:\/\/api.w.org\/{rel}","templated":true}]}}