{"id":4998,"date":"2022-06-23T09:42:52","date_gmt":"2022-06-23T12:42:52","guid":{"rendered":"https:\/\/www.protec.com.br\/?post_type=product&#038;p=4998"},"modified":"2026-02-16T14:35:56","modified_gmt":"2026-02-16T17:35:56","slug":"fluxometro-digital-0-15-lpm-o2","status":"publish","type":"product","link":"https:\/\/www.protec.com.br\/en\/product\/fluxometro-digital-0-15-lpm-o2\/","title":{"rendered":"FLUX\u00d4METRO DIGITAL 0-15 LPM O2"},"content":{"rendered":"<p>O Flux\u00f4metro Digital pode ser conectado \u00e0s V\u00e1lvulas Reguladoras (a press\u00e3o de trabalho de 4,0 kgf\/cm\u00b2) pain\u00e9is<br \/>\nde gases, aos equipamentos e outras aplica\u00e7\u00f5es m\u00e9dicas, onde h\u00e1 necessidade de controle e regulagem de fluxo de g\u00e1s fornecidos para os equipamentos m\u00e9dicos, hospitalares e\/ou pacientes.<\/p>","protected":false},"excerpt":{"rendered":"<p>Utilizados para controlar e indicar o fluxo de oxig\u00eanio, o flux\u00f4metro digital Protec oferecem economia, alta precis\u00e3o e indiscut\u00edvel qualidade. Fabricados sob conceitos de qualidade e tecnologia, o flux\u00f4metro digital dispensa o uso de v\u00e1lvula de controle manual, bastando apenas selecionar a escala desejada em litros por minuto. Vers\u00e1til, o flux\u00f4metro digital pode ser conectado as v\u00e1lvulas reguladoras de press\u00e3o, pain\u00e9is de gases, dentre outros, onde h\u00e1 necessidade de controle e regulagem de fluxo de g\u00e1s.<\/p>\n<p><strong>RMS:<\/strong> 80435149006<\/p>","protected":false},"featured_media":28797,"template":"","meta":{"_acf_changed":false},"product_brand":[],"product_cat":[249,24],"product_tag":[],"class_list":{"0":"post-4998","1":"product","2":"type-product","3":"status-publish","4":"has-post-thumbnail","6":"product_cat-fluxometros","7":"product_cat-menu-gasoterapia","9":"first","10":"instock","11":"virtual","12":"taxable","13":"purchasable","14":"product-type-simple"},"acf":[],"_links":{"self":[{"href":"https:\/\/www.protec.com.br\/en\/wp-json\/wp\/v2\/product\/4998","targetHints":{"allow":["GET"]}}],"collection":[{"href":"https:\/\/www.protec.com.br\/en\/wp-json\/wp\/v2\/product"}],"about":[{"href":"https:\/\/www.protec.com.br\/en\/wp-json\/wp\/v2\/types\/product"}],"version-history":[{"count":1,"href":"https:\/\/www.protec.com.br\/en\/wp-json\/wp\/v2\/product\/4998\/revisions"}],"predecessor-version":[{"id":42359,"href":"https:\/\/www.protec.com.br\/en\/wp-json\/wp\/v2\/product\/4998\/revisions\/42359"}],"wp:featuredmedia":[{"embeddable":true,"href":"https:\/\/www.protec.com.br\/en\/wp-json\/wp\/v2\/media\/28797"}],"wp:attachment":[{"href":"https:\/\/www.protec.com.br\/en\/wp-json\/wp\/v2\/media?parent=4998"}],"wp:term":[{"taxonomy":"product_brand","embeddable":true,"href":"https:\/\/www.protec.com.br\/en\/wp-json\/wp\/v2\/product_brand?post=4998"},{"taxonomy":"product_cat","embeddable":true,"href":"https:\/\/www.protec.com.br\/en\/wp-json\/wp\/v2\/product_cat?post=4998"},{"taxonomy":"product_tag","embeddable":true,"href":"https:\/\/www.protec.com.br\/en\/wp-json\/wp\/v2\/product_tag?post=4998"}],"curies":[{"name":"wp","href":"https:\/\/api.w.org\/{rel}","templated":true}]}}