{"id":4987,"date":"2022-06-23T09:26:29","date_gmt":"2022-06-23T12:26:29","guid":{"rendered":"https:\/\/www.protec.com.br\/?post_type=product&#038;p=4987"},"modified":"2026-02-13T12:32:26","modified_gmt":"2026-02-13T15:32:26","slug":"conector-borboleta-extensao-ar","status":"publish","type":"product","link":"https:\/\/www.protec.com.br\/en\/product\/conector-borboleta-extensao-ar\/","title":{"rendered":"CONECTOR BORBOLETA EXTENS\u00c3O NYLON TRAN\u00c7ADO AR"},"content":{"rendered":"<p>CONECTOR BORBOLETA EXTENS\u00c3O NYLON TRAN\u00c7ADO AR<\/p>","protected":false},"excerpt":{"rendered":"<p>Conector (borboleta) em Polipropileno(PP) com inserto em alum\u00ednio.<\/p>","protected":false},"featured_media":28793,"template":"","meta":{"_acf_changed":false},"product_brand":[],"product_cat":[247,24],"product_tag":[],"class_list":{"0":"post-4987","1":"product","2":"type-product","3":"status-publish","4":"has-post-thumbnail","6":"product_cat-conector-para-extensao","7":"product_cat-menu-gasoterapia","9":"first","10":"instock","11":"virtual","12":"taxable","13":"purchasable","14":"product-type-simple"},"acf":[],"_links":{"self":[{"href":"https:\/\/www.protec.com.br\/en\/wp-json\/wp\/v2\/product\/4987","targetHints":{"allow":["GET"]}}],"collection":[{"href":"https:\/\/www.protec.com.br\/en\/wp-json\/wp\/v2\/product"}],"about":[{"href":"https:\/\/www.protec.com.br\/en\/wp-json\/wp\/v2\/types\/product"}],"version-history":[{"count":1,"href":"https:\/\/www.protec.com.br\/en\/wp-json\/wp\/v2\/product\/4987\/revisions"}],"predecessor-version":[{"id":42010,"href":"https:\/\/www.protec.com.br\/en\/wp-json\/wp\/v2\/product\/4987\/revisions\/42010"}],"wp:featuredmedia":[{"embeddable":true,"href":"https:\/\/www.protec.com.br\/en\/wp-json\/wp\/v2\/media\/28793"}],"wp:attachment":[{"href":"https:\/\/www.protec.com.br\/en\/wp-json\/wp\/v2\/media?parent=4987"}],"wp:term":[{"taxonomy":"product_brand","embeddable":true,"href":"https:\/\/www.protec.com.br\/en\/wp-json\/wp\/v2\/product_brand?post=4987"},{"taxonomy":"product_cat","embeddable":true,"href":"https:\/\/www.protec.com.br\/en\/wp-json\/wp\/v2\/product_cat?post=4987"},{"taxonomy":"product_tag","embeddable":true,"href":"https:\/\/www.protec.com.br\/en\/wp-json\/wp\/v2\/product_tag?post=4987"}],"curies":[{"name":"wp","href":"https:\/\/api.w.org\/{rel}","templated":true}]}}