{"id":4951,"date":"2022-06-22T15:59:27","date_gmt":"2022-06-22T18:59:27","guid":{"rendered":"https:\/\/www.protec.com.br\/?post_type=product&#038;p=4951"},"modified":"2026-02-12T16:08:38","modified_gmt":"2026-02-12T19:08:38","slug":"umidificador-master-400ml-ar","status":"publish","type":"product","link":"https:\/\/www.protec.com.br\/en\/product\/umidificador-master-400ml-ar\/","title":{"rendered":"UMIDIFICADOR MASTER 400ML AR"},"content":{"rendered":"<p>UMIDIFICADOR MASTER 400ML AR<\/p>\n<p>O Umidificador Master\u00a0 \u00e9 um produto para uso m\u00e9dico-hospitalar projetado para aliar tecnologia e facilidade de manuseio, para uso em gasoterapia. Foi desenvolvido para as atividades de umidifica\u00e7\u00e3o, gerada pela passagem de oxig\u00eanio ou ar comprimido medicinal, que arrasta a \u00e1gua \/ solu\u00e7\u00e3o fisiol\u00f3gica colocada no recipiente, quando da passagem do fluxo de g\u00e1s por esta, carregando as part\u00edculas para as vias a\u00e9reas.<br \/>\nSe faz necess\u00e1ria a utiliza\u00e7\u00e3o de uma fonte g\u00e1s (oxig\u00eanio ou ar comprimido medicinal) para seu funcionamento, utilizando a press\u00e3o de rede de gases de 3,5 Kgf\/cm\u00b2 e controlando a vaz\u00e3o com flux\u00f4metro de acordo com procedimento cl\u00ednico.<\/p>","protected":false},"excerpt":{"rendered":"<p>Os umidificadores Master Protec foram desenvolvidos para possibilitar a oxigena\u00e7\u00e3o direta ao paciente, atividades de inala\u00e7\u00e3o e aplica\u00e7\u00e3o de medicamentos vaporizados e umidificados com tempo prolongado, com o objetivo de enriquecer o g\u00e1s respirado pelo paciente e manter umidificada as vias a\u00e9reas.<\/p>\n<p><strong>RMS<\/strong>: 80435140042<\/p>","protected":false},"featured_media":28778,"template":"","meta":{"_acf_changed":false},"product_brand":[],"product_cat":[468],"product_tag":[153,155,156,154],"class_list":{"0":"post-4951","1":"product","2":"type-product","3":"status-publish","4":"has-post-thumbnail","6":"product_cat-umidificador-master","7":"product_tag-umidificador","8":"product_tag-umidificador-com-extensao-e-mascara","9":"product_tag-umidificadorhospitalar","10":"product_tag-umidificadorprotec-umidificadores","12":"first","13":"instock","14":"virtual","15":"taxable","16":"purchasable","17":"product-type-simple"},"acf":[],"_links":{"self":[{"href":"https:\/\/www.protec.com.br\/en\/wp-json\/wp\/v2\/product\/4951","targetHints":{"allow":["GET"]}}],"collection":[{"href":"https:\/\/www.protec.com.br\/en\/wp-json\/wp\/v2\/product"}],"about":[{"href":"https:\/\/www.protec.com.br\/en\/wp-json\/wp\/v2\/types\/product"}],"version-history":[{"count":1,"href":"https:\/\/www.protec.com.br\/en\/wp-json\/wp\/v2\/product\/4951\/revisions"}],"predecessor-version":[{"id":42666,"href":"https:\/\/www.protec.com.br\/en\/wp-json\/wp\/v2\/product\/4951\/revisions\/42666"}],"wp:featuredmedia":[{"embeddable":true,"href":"https:\/\/www.protec.com.br\/en\/wp-json\/wp\/v2\/media\/28778"}],"wp:attachment":[{"href":"https:\/\/www.protec.com.br\/en\/wp-json\/wp\/v2\/media?parent=4951"}],"wp:term":[{"taxonomy":"product_brand","embeddable":true,"href":"https:\/\/www.protec.com.br\/en\/wp-json\/wp\/v2\/product_brand?post=4951"},{"taxonomy":"product_cat","embeddable":true,"href":"https:\/\/www.protec.com.br\/en\/wp-json\/wp\/v2\/product_cat?post=4951"},{"taxonomy":"product_tag","embeddable":true,"href":"https:\/\/www.protec.com.br\/en\/wp-json\/wp\/v2\/product_tag?post=4951"}],"curies":[{"name":"wp","href":"https:\/\/api.w.org\/{rel}","templated":true}]}}