{"id":4942,"date":"2022-06-22T15:46:33","date_gmt":"2022-06-22T18:46:33","guid":{"rendered":"https:\/\/www.protec.com.br\/?post_type=product&#038;p=4942"},"modified":"2026-02-12T15:43:05","modified_gmt":"2026-02-12T18:43:05","slug":"mascara-inalacao-infantil","status":"publish","type":"product","link":"https:\/\/www.protec.com.br\/en\/product\/mascara-inalacao-infantil\/","title":{"rendered":"M\u00c1SCARA INALA\u00c7\u00c3O INFANTIL"},"content":{"rendered":"<p><strong>C\u00d3D. 005694<\/strong><\/p>\n<p>M\u00c1SCARA INALA\u00c7\u00c3O INFANTIL<\/p>\n<p>As m\u00e1scaras para nebuliza\u00e7\u00e3o Protec s\u00e3o confeccionadas em PVC. Possuem superf\u00edcie lisa que garante ajuste perfeito sem colar na pele e aberturas laterais para evitar a concentra\u00e7\u00e3o de g\u00e1s carb\u00f4nico em seu interior, proporcionando uma inala\u00e7\u00e3o agrad\u00e1vel ao paciente.<\/p>","protected":false},"excerpt":{"rendered":"<p>As m\u00e1scaras para nebuliza\u00e7\u00e3o Protec s\u00e3o confeccionadas em PVC. Possuem superf\u00edcie lisa que garante ajuste perfeito sem colar na pele e aberturas laterais para evitar a concentra\u00e7\u00e3o de g\u00e1s carb\u00f4nico em seu interior, proporcionando uma inala\u00e7\u00e3o agrad\u00e1vel ao paciente.<\/p>\n<p><strong>RMS:<\/strong> 80435140019<\/p>","protected":false},"featured_media":28775,"template":"","meta":{"_acf_changed":false},"product_brand":[],"product_cat":[25,243],"product_tag":[158,157,159],"class_list":{"0":"post-4942","1":"product","2":"type-product","3":"status-publish","4":"has-post-thumbnail","6":"product_cat-menu-inaloterapia","7":"product_cat-mascaras-para-nebulizacao","8":"product_tag-inalacao","9":"product_tag-mascara","10":"product_tag-pvc","12":"first","13":"instock","14":"virtual","15":"taxable","16":"purchasable","17":"product-type-simple"},"acf":[],"_links":{"self":[{"href":"https:\/\/www.protec.com.br\/en\/wp-json\/wp\/v2\/product\/4942","targetHints":{"allow":["GET"]}}],"collection":[{"href":"https:\/\/www.protec.com.br\/en\/wp-json\/wp\/v2\/product"}],"about":[{"href":"https:\/\/www.protec.com.br\/en\/wp-json\/wp\/v2\/types\/product"}],"version-history":[{"count":1,"href":"https:\/\/www.protec.com.br\/en\/wp-json\/wp\/v2\/product\/4942\/revisions"}],"predecessor-version":[{"id":43748,"href":"https:\/\/www.protec.com.br\/en\/wp-json\/wp\/v2\/product\/4942\/revisions\/43748"}],"wp:featuredmedia":[{"embeddable":true,"href":"https:\/\/www.protec.com.br\/en\/wp-json\/wp\/v2\/media\/28775"}],"wp:attachment":[{"href":"https:\/\/www.protec.com.br\/en\/wp-json\/wp\/v2\/media?parent=4942"}],"wp:term":[{"taxonomy":"product_brand","embeddable":true,"href":"https:\/\/www.protec.com.br\/en\/wp-json\/wp\/v2\/product_brand?post=4942"},{"taxonomy":"product_cat","embeddable":true,"href":"https:\/\/www.protec.com.br\/en\/wp-json\/wp\/v2\/product_cat?post=4942"},{"taxonomy":"product_tag","embeddable":true,"href":"https:\/\/www.protec.com.br\/en\/wp-json\/wp\/v2\/product_tag?post=4942"}],"curies":[{"name":"wp","href":"https:\/\/api.w.org\/{rel}","templated":true}]}}