{"id":4939,"date":"2022-06-22T15:43:51","date_gmt":"2022-06-22T18:43:51","guid":{"rendered":"https:\/\/www.protec.com.br\/?post_type=product&#038;p=4939"},"modified":"2026-02-12T15:41:38","modified_gmt":"2026-02-12T18:41:38","slug":"mascara-inalacao-adulto","status":"publish","type":"product","link":"https:\/\/www.protec.com.br\/en\/product\/mascara-inalacao-adulto\/","title":{"rendered":"M\u00c1SCARA INALA\u00c7\u00c3O ADULTO"},"content":{"rendered":"<p>M\u00c1SCARA INALA\u00c7\u00c3O ADULTO<\/p>\n<p>As m\u00e1scaras para nebuliza\u00e7\u00e3o Protec s\u00e3o confeccionadas em PVC. Possuem superf\u00edcie lisa que garante ajuste perfeito sem colar na pele e aberturas laterais para evitar a concentra\u00e7\u00e3o de g\u00e1s carb\u00f4nico em seu interior, proporcionando uma inala\u00e7\u00e3o agrad\u00e1vel ao paciente.<\/p>","protected":false},"excerpt":{"rendered":"<p>As m\u00e1scaras para nebuliza\u00e7\u00e3o Protec s\u00e3o confeccionadas em PVC. Possuem superf\u00edcie lisa que garante ajuste perfeito sem colar na pele e aberturas laterais para evitar a concentra\u00e7\u00e3o de g\u00e1s carb\u00f4nico em seu interior, proporcionando uma inala\u00e7\u00e3o agrad\u00e1vel ao paciente.<\/p>\n<p><strong>RMS:<\/strong> 80435140019<\/p>","protected":false},"featured_media":28774,"template":"","meta":{"_acf_changed":false},"product_brand":[],"product_cat":[25,243],"product_tag":[158,157,159],"class_list":{"0":"post-4939","1":"product","2":"type-product","3":"status-publish","4":"has-post-thumbnail","6":"product_cat-menu-inaloterapia","7":"product_cat-mascaras-para-nebulizacao","8":"product_tag-inalacao","9":"product_tag-mascara","10":"product_tag-pvc","12":"first","13":"instock","14":"virtual","15":"taxable","16":"purchasable","17":"product-type-simple"},"acf":[],"_links":{"self":[{"href":"https:\/\/www.protec.com.br\/en\/wp-json\/wp\/v2\/product\/4939","targetHints":{"allow":["GET"]}}],"collection":[{"href":"https:\/\/www.protec.com.br\/en\/wp-json\/wp\/v2\/product"}],"about":[{"href":"https:\/\/www.protec.com.br\/en\/wp-json\/wp\/v2\/types\/product"}],"version-history":[{"count":1,"href":"https:\/\/www.protec.com.br\/en\/wp-json\/wp\/v2\/product\/4939\/revisions"}],"predecessor-version":[{"id":43747,"href":"https:\/\/www.protec.com.br\/en\/wp-json\/wp\/v2\/product\/4939\/revisions\/43747"}],"wp:featuredmedia":[{"embeddable":true,"href":"https:\/\/www.protec.com.br\/en\/wp-json\/wp\/v2\/media\/28774"}],"wp:attachment":[{"href":"https:\/\/www.protec.com.br\/en\/wp-json\/wp\/v2\/media?parent=4939"}],"wp:term":[{"taxonomy":"product_brand","embeddable":true,"href":"https:\/\/www.protec.com.br\/en\/wp-json\/wp\/v2\/product_brand?post=4939"},{"taxonomy":"product_cat","embeddable":true,"href":"https:\/\/www.protec.com.br\/en\/wp-json\/wp\/v2\/product_cat?post=4939"},{"taxonomy":"product_tag","embeddable":true,"href":"https:\/\/www.protec.com.br\/en\/wp-json\/wp\/v2\/product_tag?post=4939"}],"curies":[{"name":"wp","href":"https:\/\/api.w.org\/{rel}","templated":true}]}}