{"id":4858,"date":"2022-06-22T10:20:19","date_gmt":"2022-06-22T13:20:19","guid":{"rendered":"https:\/\/www.protec.com.br\/?post_type=product&#038;p=4858"},"modified":"2026-02-12T09:13:45","modified_gmt":"2026-02-12T12:13:45","slug":"mascara-venturi-infantil","status":"publish","type":"product","link":"https:\/\/www.protec.com.br\/en\/product\/mascara-venturi-infantil\/","title":{"rendered":"VENTURI MASK PEDIATRIC"},"content":{"rendered":"<p>De maneira simples e descomplicada a M\u00e1scara Venturi possui codifica\u00e7\u00e3o de cores para facilitar o tratamento dos pacientes com a dose certa de oxig\u00eanio.<\/p>\n<p>Seguindo a tabela de cores dos adaptadores as concentra\u00e7\u00f5es de oxig\u00eanio ficam da seguinte forma:<\/p>\n<ul>\n<li>Quando utilizado o diluidor de cor Azul, o sistema libera 4 litros de oxig\u00eanio por minuto chegando\u00a0 uma concentra\u00e7\u00e3o de 24% de oxig\u00eanio<\/li>\n<li>\n<div class=\"x_elementToProof\" data-ogsc=\"rgb(0, 0, 0)\" data-olk-copy-source=\"MessageBody\">Quando utilizado o diluidor de cor Branca, o sistema libera 4 litros de oxig\u00eanio por minuto chegando uma concentra\u00e7\u00e3o de 28% de oxig\u00eanio<\/div>\n<\/li>\n<li>Quando utilizado o diluidor de cor Laranja, o sistema libera 6 litros de oxig\u00eanio por minuto chegando uma concentra\u00e7\u00e3o de 31% de oxig\u00eanio<\/li>\n<li>Quando utilizado o diluidor de cor Amarela, o sistema libera 8 litros de oxig\u00eanio por minuto chegando\u00a0 uma concentra\u00e7\u00e3o de 35% de oxig\u00eanio<\/li>\n<li>Quando utilizado o diluidor de cor Vermelha, o sistema libera 8 litros de oxig\u00eanio por minuto chegando\u00a0 uma concentra\u00e7\u00e3o de 40% de oxig\u00eanio<\/li>\n<li>\n<div class=\"x_elementToProof\" data-ogsc=\"rgb(0, 0, 0)\" data-olk-copy-source=\"MessageBody\">Quando utilizado o diluidor de cor Rosa Salm\u00e3o, o sistema libera 12 litros de oxig\u00eanio por minuto chegando uma concentra\u00e7\u00e3o de 50% de oxig\u00eanio<\/div>\n<\/li>\n<\/ul>","protected":false},"excerpt":{"rendered":"<p>The Venturi mask, also known as an air entrainment mask,  is a safe and accurate method of delivering the required concentration of oxygen. Composed of mask, 155mm PVC corrugated tubo, six O\u00b2 diluters, diluter holder and 1.5 meter plastic tube.<\/p>\n<p>The Venturi Protec Mask aims to deliver oxygen to the patient undergoing respiratory treatment in the correct proportions in order to maintain oxygen saturation above 90%.<\/p>\n<p><strong>RMS:<\/strong> 80435140025<\/p>","protected":false},"featured_media":28740,"template":"","meta":{"_acf_changed":false},"product_brand":[],"product_cat":[25,237],"product_tag":[171,172,78,157,159,170],"class_list":{"0":"post-4858","1":"product","2":"type-product","3":"status-publish","4":"has-post-thumbnail","6":"product_cat-menu-inaloterapia","7":"product_cat-mascara-venturi","8":"product_tag-diluidor","9":"product_tag-extensao","10":"product_tag-inaloterapia","11":"product_tag-mascara","12":"product_tag-pvc","13":"product_tag-venturi","15":"first","16":"instock","17":"virtual","18":"taxable","19":"purchasable","20":"product-type-simple"},"acf":[],"_links":{"self":[{"href":"https:\/\/www.protec.com.br\/en\/wp-json\/wp\/v2\/product\/4858","targetHints":{"allow":["GET"]}}],"collection":[{"href":"https:\/\/www.protec.com.br\/en\/wp-json\/wp\/v2\/product"}],"about":[{"href":"https:\/\/www.protec.com.br\/en\/wp-json\/wp\/v2\/types\/product"}],"version-history":[{"count":4,"href":"https:\/\/www.protec.com.br\/en\/wp-json\/wp\/v2\/product\/4858\/revisions"}],"predecessor-version":[{"id":41299,"href":"https:\/\/www.protec.com.br\/en\/wp-json\/wp\/v2\/product\/4858\/revisions\/41299"}],"wp:featuredmedia":[{"embeddable":true,"href":"https:\/\/www.protec.com.br\/en\/wp-json\/wp\/v2\/media\/28740"}],"wp:attachment":[{"href":"https:\/\/www.protec.com.br\/en\/wp-json\/wp\/v2\/media?parent=4858"}],"wp:term":[{"taxonomy":"product_brand","embeddable":true,"href":"https:\/\/www.protec.com.br\/en\/wp-json\/wp\/v2\/product_brand?post=4858"},{"taxonomy":"product_cat","embeddable":true,"href":"https:\/\/www.protec.com.br\/en\/wp-json\/wp\/v2\/product_cat?post=4858"},{"taxonomy":"product_tag","embeddable":true,"href":"https:\/\/www.protec.com.br\/en\/wp-json\/wp\/v2\/product_tag?post=4858"}],"curies":[{"name":"wp","href":"https:\/\/api.w.org\/{rel}","templated":true}]}}