{"id":4844,"date":"2022-06-22T09:52:21","date_gmt":"2022-06-22T12:52:21","guid":{"rendered":"https:\/\/www.protec.com.br\/?post_type=product&#038;p=4844"},"modified":"2026-02-16T14:08:17","modified_gmt":"2026-02-16T17:08:17","slug":"micronebulizador-adulto-o2-com-extensao-15m","status":"publish","type":"product","link":"https:\/\/www.protec.com.br\/en\/product\/micronebulizador-adulto-o2-com-extensao-15m\/","title":{"rendered":"MICRONEBULIZADOR ADULTO O2 COM EXTENS\u00c3O 1,5M"},"content":{"rendered":"<p>MICRONEBULIZADOR ADULTO O2 COM EXTENS\u00c3O<\/p>\n<p>A linha de Micronebulizadores Protec possibilita o uso em pacientes adultos e pedi\u00e1tricos, a sua ministra\u00e7\u00e3o de gases compreende tanto para Oxig\u00eanio quanto para Ar comprimido Medicinal seguindo a prescri\u00e7\u00e3o m\u00e9dica.<\/p>","protected":false},"excerpt":{"rendered":"<p>Os micronebulizadores Protec foram desenvolvidos para atividade de nebuliza\u00e7\u00e3o, gerada pela passagem de oxig\u00eanio ou ar comprimido medicinal, facilitando a absor\u00e7\u00e3o de medicamento que s\u00e3o transportados pelo fluxo gasoso, carregando as part\u00edculas para as vias a\u00e9reas. Para seu funcionamento \u00e9 necess\u00e1ria uma fonte geradora de g\u00e1s (oxig\u00eanio ou ar comprimido medicinal), utilizando a press\u00e3o de rede de gases de 3,5 kgf\/cm\u00b2 e controlando a vaz\u00e3o com flux\u00f4metro.<\/p>\n<p>S\u00e3o comumente encontrados nos Prontos Socorros, UTIs, Ambul\u00e2ncias, Home Care, Recupera\u00e7\u00e3o p\u00f3s Anest\u00e9sica entre outras unidades hospitalares.<\/p>\n<p><strong>RMS:<\/strong> 80435140012<\/p>","protected":false},"featured_media":28736,"template":"","meta":{"_acf_changed":false},"product_brand":[],"product_cat":[25,236,65],"product_tag":[174,172,173,176],"class_list":{"0":"post-4844","1":"product","2":"type-product","3":"status-publish","4":"has-post-thumbnail","6":"product_cat-menu-inaloterapia","7":"product_cat-micronebulizador","8":"product_cat-principais","9":"product_tag-adulto","10":"product_tag-extensao","11":"product_tag-micronebulizador","12":"product_tag-o2","14":"first","15":"instock","16":"virtual","17":"taxable","18":"purchasable","19":"product-type-simple"},"acf":[],"_links":{"self":[{"href":"https:\/\/www.protec.com.br\/en\/wp-json\/wp\/v2\/product\/4844","targetHints":{"allow":["GET"]}}],"collection":[{"href":"https:\/\/www.protec.com.br\/en\/wp-json\/wp\/v2\/product"}],"about":[{"href":"https:\/\/www.protec.com.br\/en\/wp-json\/wp\/v2\/types\/product"}],"version-history":[{"count":1,"href":"https:\/\/www.protec.com.br\/en\/wp-json\/wp\/v2\/product\/4844\/revisions"}],"predecessor-version":[{"id":42759,"href":"https:\/\/www.protec.com.br\/en\/wp-json\/wp\/v2\/product\/4844\/revisions\/42759"}],"wp:featuredmedia":[{"embeddable":true,"href":"https:\/\/www.protec.com.br\/en\/wp-json\/wp\/v2\/media\/28736"}],"wp:attachment":[{"href":"https:\/\/www.protec.com.br\/en\/wp-json\/wp\/v2\/media?parent=4844"}],"wp:term":[{"taxonomy":"product_brand","embeddable":true,"href":"https:\/\/www.protec.com.br\/en\/wp-json\/wp\/v2\/product_brand?post=4844"},{"taxonomy":"product_cat","embeddable":true,"href":"https:\/\/www.protec.com.br\/en\/wp-json\/wp\/v2\/product_cat?post=4844"},{"taxonomy":"product_tag","embeddable":true,"href":"https:\/\/www.protec.com.br\/en\/wp-json\/wp\/v2\/product_tag?post=4844"}],"curies":[{"name":"wp","href":"https:\/\/api.w.org\/{rel}","templated":true}]}}