{"id":4825,"date":"2022-06-22T08:21:07","date_gmt":"2022-06-22T11:21:07","guid":{"rendered":"https:\/\/www.protec.com.br\/?post_type=product&#038;p=4825"},"modified":"2026-02-12T09:00:37","modified_gmt":"2026-02-12T12:00:37","slug":"macronebulizador-500ml-o2-com-sistema-venturi","status":"publish","type":"product","link":"https:\/\/www.protec.com.br\/en\/product\/macronebulizador-500ml-o2-com-sistema-venturi\/","title":{"rendered":"MACRONEBULIZADOR 500ML O2 COM SISTEMA VENTURI"},"content":{"rendered":"<p>Os Conjuntos para nebuliza\u00e7\u00e3o Protec s\u00e3o de uso hospitalar e s\u00e3o utilizados no aux\u00edlio e no tratamento de pacientes com problemas ou dificuldades respirat\u00f3rias. S\u00e3o comumente encontrados nos Prontos Socorros, UTI, Ambul\u00e2ncias, Home Care, Recupera\u00e7\u00e3o p\u00f3s Anest\u00e9sica entre outras.<\/p>","protected":false},"excerpt":{"rendered":"<p>Indicado para utiliza\u00e7\u00e3o em servi\u00e7os de baixa press\u00e3o, utilizando oxig\u00eanio ou ar comprimido, o conjunto para nebuliza\u00e7\u00e3o cont\u00ednua com sistema venturi possibilita a oxigena\u00e7\u00e3o direta ao paciente atrav\u00e9s das atividade de inala\u00e7\u00e3o e aplica\u00e7\u00e3o de medicamentos vaporizados e umidificados com o objetivo de enriquecer o g\u00e1s inalado pelo paciente.<\/p>\n<p>&nbsp;<\/p>","protected":false},"featured_media":28724,"template":"","meta":{"_acf_changed":false},"product_brand":[],"product_cat":[25,235],"product_tag":[78,177,79,179,178],"class_list":{"0":"post-4825","1":"product","2":"type-product","3":"status-publish","4":"has-post-thumbnail","6":"product_cat-menu-inaloterapia","7":"product_cat-macronebulizador","8":"product_tag-inaloterapia","9":"product_tag-macronebulizador","10":"product_tag-nebulizacao","11":"product_tag-oxigenio","12":"product_tag-sistema-venturi","14":"first","15":"instock","16":"virtual","17":"taxable","18":"purchasable","19":"product-type-simple"},"acf":[],"_links":{"self":[{"href":"https:\/\/www.protec.com.br\/en\/wp-json\/wp\/v2\/product\/4825","targetHints":{"allow":["GET"]}}],"collection":[{"href":"https:\/\/www.protec.com.br\/en\/wp-json\/wp\/v2\/product"}],"about":[{"href":"https:\/\/www.protec.com.br\/en\/wp-json\/wp\/v2\/types\/product"}],"version-history":[{"count":1,"href":"https:\/\/www.protec.com.br\/en\/wp-json\/wp\/v2\/product\/4825\/revisions"}],"predecessor-version":[{"id":42009,"href":"https:\/\/www.protec.com.br\/en\/wp-json\/wp\/v2\/product\/4825\/revisions\/42009"}],"wp:featuredmedia":[{"embeddable":true,"href":"https:\/\/www.protec.com.br\/en\/wp-json\/wp\/v2\/media\/28724"}],"wp:attachment":[{"href":"https:\/\/www.protec.com.br\/en\/wp-json\/wp\/v2\/media?parent=4825"}],"wp:term":[{"taxonomy":"product_brand","embeddable":true,"href":"https:\/\/www.protec.com.br\/en\/wp-json\/wp\/v2\/product_brand?post=4825"},{"taxonomy":"product_cat","embeddable":true,"href":"https:\/\/www.protec.com.br\/en\/wp-json\/wp\/v2\/product_cat?post=4825"},{"taxonomy":"product_tag","embeddable":true,"href":"https:\/\/www.protec.com.br\/en\/wp-json\/wp\/v2\/product_tag?post=4825"}],"curies":[{"name":"wp","href":"https:\/\/api.w.org\/{rel}","templated":true}]}}