{"id":4805,"date":"2022-06-21T16:45:09","date_gmt":"2022-06-21T19:45:09","guid":{"rendered":"https:\/\/www.protec.com.br\/?post_type=product&#038;p=4805"},"modified":"2026-02-12T11:58:21","modified_gmt":"2026-02-12T14:58:21","slug":"kit-valvula-seguranca-reanimador-standard-neo","status":"publish","type":"product","link":"https:\/\/www.protec.com.br\/en\/product\/kit-valvula-seguranca-reanimador-standard-neo\/","title":{"rendered":"KIT V\u00c1LVULA SEGURAN\u00c7A REANIMADOR STANDARD NEO"},"content":{"rendered":"<p>KIT V\u00c1LVULA SEGURAN\u00c7A REANIMADOR STANDARD NEO<\/p>","protected":false},"excerpt":{"rendered":"<p>KIT V\u00c1LVULA SEGURAN\u00c7A REANIMADOR STANDARD NEO<\/p>\n<p>&nbsp;<\/p>","protected":false},"featured_media":28646,"template":"","meta":{"_acf_changed":false},"product_brand":[],"product_cat":[25,234],"product_tag":[],"class_list":{"0":"post-4805","1":"product","2":"type-product","3":"status-publish","4":"has-post-thumbnail","6":"product_cat-menu-inaloterapia","7":"product_cat-kits-de-reposicao-reanimadores","9":"first","10":"instock","11":"virtual","12":"taxable","13":"purchasable","14":"product-type-simple"},"acf":[],"_links":{"self":[{"href":"https:\/\/www.protec.com.br\/en\/wp-json\/wp\/v2\/product\/4805","targetHints":{"allow":["GET"]}}],"collection":[{"href":"https:\/\/www.protec.com.br\/en\/wp-json\/wp\/v2\/product"}],"about":[{"href":"https:\/\/www.protec.com.br\/en\/wp-json\/wp\/v2\/types\/product"}],"version-history":[{"count":1,"href":"https:\/\/www.protec.com.br\/en\/wp-json\/wp\/v2\/product\/4805\/revisions"}],"predecessor-version":[{"id":43735,"href":"https:\/\/www.protec.com.br\/en\/wp-json\/wp\/v2\/product\/4805\/revisions\/43735"}],"wp:featuredmedia":[{"embeddable":true,"href":"https:\/\/www.protec.com.br\/en\/wp-json\/wp\/v2\/media\/28646"}],"wp:attachment":[{"href":"https:\/\/www.protec.com.br\/en\/wp-json\/wp\/v2\/media?parent=4805"}],"wp:term":[{"taxonomy":"product_brand","embeddable":true,"href":"https:\/\/www.protec.com.br\/en\/wp-json\/wp\/v2\/product_brand?post=4805"},{"taxonomy":"product_cat","embeddable":true,"href":"https:\/\/www.protec.com.br\/en\/wp-json\/wp\/v2\/product_cat?post=4805"},{"taxonomy":"product_tag","embeddable":true,"href":"https:\/\/www.protec.com.br\/en\/wp-json\/wp\/v2\/product_tag?post=4805"}],"curies":[{"name":"wp","href":"https:\/\/api.w.org\/{rel}","templated":true}]}}