{"id":4802,"date":"2022-06-21T16:38:31","date_gmt":"2022-06-21T19:38:31","guid":{"rendered":"https:\/\/www.protec.com.br\/?post_type=product&#038;p=4802"},"modified":"2026-02-16T14:48:13","modified_gmt":"2026-02-16T17:48:13","slug":"kit-valvula-seguranca-reanimador-standard-adulto","status":"publish","type":"product","link":"https:\/\/www.protec.com.br\/en\/product\/kit-valvula-seguranca-reanimador-standard-adulto\/","title":{"rendered":"KIT V\u00c1LVULA SEGURAN\u00c7A REANIMADOR STANDARD ADULTO"},"content":{"rendered":"<p>KIT V\u00c1LVULA SEGURAN\u00c7A REANIMADOR STANDARD ADULTO<\/p>","protected":false},"excerpt":{"rendered":"<p>KIT V\u00c1LVULA SEGURAN\u00c7A REANIMADOR STANDARD ADULTO<\/p>\n<p>&nbsp;<\/p>","protected":false},"featured_media":28718,"template":"","meta":{"_acf_changed":false},"product_brand":[],"product_cat":[25,234],"product_tag":[],"class_list":{"0":"post-4802","1":"product","2":"type-product","3":"status-publish","4":"has-post-thumbnail","6":"product_cat-menu-inaloterapia","7":"product_cat-kits-de-reposicao-reanimadores","9":"first","10":"instock","11":"virtual","12":"taxable","13":"purchasable","14":"product-type-simple"},"acf":[],"_links":{"self":[{"href":"https:\/\/www.protec.com.br\/en\/wp-json\/wp\/v2\/product\/4802","targetHints":{"allow":["GET"]}}],"collection":[{"href":"https:\/\/www.protec.com.br\/en\/wp-json\/wp\/v2\/product"}],"about":[{"href":"https:\/\/www.protec.com.br\/en\/wp-json\/wp\/v2\/types\/product"}],"version-history":[{"count":1,"href":"https:\/\/www.protec.com.br\/en\/wp-json\/wp\/v2\/product\/4802\/revisions"}],"predecessor-version":[{"id":43452,"href":"https:\/\/www.protec.com.br\/en\/wp-json\/wp\/v2\/product\/4802\/revisions\/43452"}],"wp:featuredmedia":[{"embeddable":true,"href":"https:\/\/www.protec.com.br\/en\/wp-json\/wp\/v2\/media\/28718"}],"wp:attachment":[{"href":"https:\/\/www.protec.com.br\/en\/wp-json\/wp\/v2\/media?parent=4802"}],"wp:term":[{"taxonomy":"product_brand","embeddable":true,"href":"https:\/\/www.protec.com.br\/en\/wp-json\/wp\/v2\/product_brand?post=4802"},{"taxonomy":"product_cat","embeddable":true,"href":"https:\/\/www.protec.com.br\/en\/wp-json\/wp\/v2\/product_cat?post=4802"},{"taxonomy":"product_tag","embeddable":true,"href":"https:\/\/www.protec.com.br\/en\/wp-json\/wp\/v2\/product_tag?post=4802"}],"curies":[{"name":"wp","href":"https:\/\/api.w.org\/{rel}","templated":true}]}}