{"id":4773,"date":"2022-06-21T12:15:08","date_gmt":"2022-06-21T15:15:08","guid":{"rendered":"https:\/\/www.protec.com.br\/?post_type=product&#038;p=4773"},"modified":"2026-02-13T10:14:58","modified_gmt":"2026-02-13T13:14:58","slug":"kit-10-pecas-diafragma-o18mm-valvula-ifr","status":"publish","type":"product","link":"https:\/\/www.protec.com.br\/en\/product\/kit-10-pecas-diafragma-o18mm-valvula-ifr\/","title":{"rendered":"KIT 10 PE\u00c7AS DIAFRAGMA \u00d818MM V\u00c1LVULA IFR"},"content":{"rendered":"<p>KIT 10 PE\u00c7AS DIAFRAGMA \u00d818MM V\u00c1LVULA IFR<\/p>","protected":false},"excerpt":{"rendered":"<p>KIT 10 PE\u00c7AS DIAFRAGMA \u00d818MM V\u00c1LVULA IFR<\/p>\n<p>ATENDE O REANIMADOR PREMIUM E STANDARD<\/p>","protected":false},"featured_media":28705,"template":"","meta":{"_acf_changed":false},"product_brand":[],"product_cat":[25],"product_tag":[],"class_list":{"0":"post-4773","1":"product","2":"type-product","3":"status-publish","4":"has-post-thumbnail","6":"product_cat-menu-inaloterapia","8":"first","9":"instock","10":"virtual","11":"taxable","12":"purchasable","13":"product-type-simple"},"acf":[],"_links":{"self":[{"href":"https:\/\/www.protec.com.br\/en\/wp-json\/wp\/v2\/product\/4773","targetHints":{"allow":["GET"]}}],"collection":[{"href":"https:\/\/www.protec.com.br\/en\/wp-json\/wp\/v2\/product"}],"about":[{"href":"https:\/\/www.protec.com.br\/en\/wp-json\/wp\/v2\/types\/product"}],"version-history":[{"count":1,"href":"https:\/\/www.protec.com.br\/en\/wp-json\/wp\/v2\/product\/4773\/revisions"}],"predecessor-version":[{"id":43775,"href":"https:\/\/www.protec.com.br\/en\/wp-json\/wp\/v2\/product\/4773\/revisions\/43775"}],"wp:featuredmedia":[{"embeddable":true,"href":"https:\/\/www.protec.com.br\/en\/wp-json\/wp\/v2\/media\/28705"}],"wp:attachment":[{"href":"https:\/\/www.protec.com.br\/en\/wp-json\/wp\/v2\/media?parent=4773"}],"wp:term":[{"taxonomy":"product_brand","embeddable":true,"href":"https:\/\/www.protec.com.br\/en\/wp-json\/wp\/v2\/product_brand?post=4773"},{"taxonomy":"product_cat","embeddable":true,"href":"https:\/\/www.protec.com.br\/en\/wp-json\/wp\/v2\/product_cat?post=4773"},{"taxonomy":"product_tag","embeddable":true,"href":"https:\/\/www.protec.com.br\/en\/wp-json\/wp\/v2\/product_tag?post=4773"}],"curies":[{"name":"wp","href":"https:\/\/api.w.org\/{rel}","templated":true}]}}