{"id":4691,"date":"2022-06-15T17:33:59","date_gmt":"2022-06-15T20:33:59","guid":{"rendered":"https:\/\/www.protec.com.br\/?post_type=product&#038;p=4691"},"modified":"2026-02-13T12:45:45","modified_gmt":"2026-02-13T15:45:45","slug":"conjunto-nebulizacao-silicone-infantil-o2-1200mm","status":"publish","type":"product","link":"https:\/\/www.protec.com.br\/en\/product\/conjunto-nebulizacao-silicone-infantil-o2-1200mm\/","title":{"rendered":"CONJUNTO NEBULIZA\u00c7\u00c3O SILICONE INFANTIL O2 1200MM"},"content":{"rendered":"<p>Os Conjuntos para nebuliza\u00e7\u00e3o Protec s\u00e3o de uso hospitalar e s\u00e3o utilizados no aux\u00edlio e no tratamento de pacientes com problemas ou dificuldades respirat\u00f3rias. S\u00e3o comumente encontrados nos Prontos Socorros, UTI, Ambul\u00e2ncias, Home Care, Recupera\u00e7\u00e3o p\u00f3s Anest\u00e9sica entre outras.<\/p>\n<p>&nbsp;<\/p>\n<p>&nbsp;<\/p>","protected":false},"excerpt":{"rendered":"<p>Indicado para utiliza\u00e7\u00e3o em servi\u00e7os de baixa press\u00e3o, utilizando oxig\u00eanio ou ar comprimido, o conjunto para nebuliza\u00e7\u00e3o cont\u00ednua possibilita a oxigena\u00e7\u00e3o direta ao paciente atrav\u00e9s das atividade de inala\u00e7\u00e3o e aplica\u00e7\u00e3o de medicamentos vaporizados e umidificados com o objetivo de enriquecer o g\u00e1s inalado pelo paciente.<\/p>\n<p>RMS: 80435140019 (Conjunto com traqueia de Silicone)<\/p>","protected":false},"featured_media":28678,"template":"","meta":{"_acf_changed":false},"product_brand":[],"product_cat":[228,25],"product_tag":[],"class_list":{"0":"post-4691","1":"product","2":"type-product","3":"status-publish","4":"has-post-thumbnail","6":"product_cat-conjunto-para-nebulizacao-continua","7":"product_cat-menu-inaloterapia","9":"first","10":"instock","11":"virtual","12":"taxable","13":"purchasable","14":"product-type-simple"},"acf":[],"_links":{"self":[{"href":"https:\/\/www.protec.com.br\/en\/wp-json\/wp\/v2\/product\/4691","targetHints":{"allow":["GET"]}}],"collection":[{"href":"https:\/\/www.protec.com.br\/en\/wp-json\/wp\/v2\/product"}],"about":[{"href":"https:\/\/www.protec.com.br\/en\/wp-json\/wp\/v2\/types\/product"}],"version-history":[{"count":1,"href":"https:\/\/www.protec.com.br\/en\/wp-json\/wp\/v2\/product\/4691\/revisions"}],"predecessor-version":[{"id":41822,"href":"https:\/\/www.protec.com.br\/en\/wp-json\/wp\/v2\/product\/4691\/revisions\/41822"}],"wp:featuredmedia":[{"embeddable":true,"href":"https:\/\/www.protec.com.br\/en\/wp-json\/wp\/v2\/media\/28678"}],"wp:attachment":[{"href":"https:\/\/www.protec.com.br\/en\/wp-json\/wp\/v2\/media?parent=4691"}],"wp:term":[{"taxonomy":"product_brand","embeddable":true,"href":"https:\/\/www.protec.com.br\/en\/wp-json\/wp\/v2\/product_brand?post=4691"},{"taxonomy":"product_cat","embeddable":true,"href":"https:\/\/www.protec.com.br\/en\/wp-json\/wp\/v2\/product_cat?post=4691"},{"taxonomy":"product_tag","embeddable":true,"href":"https:\/\/www.protec.com.br\/en\/wp-json\/wp\/v2\/product_tag?post=4691"}],"curies":[{"name":"wp","href":"https:\/\/api.w.org\/{rel}","templated":true}]}}