{"id":4646,"date":"2022-06-14T16:59:50","date_gmt":"2022-06-14T19:59:50","guid":{"rendered":"https:\/\/www.protec.com.br\/?post_type=product&#038;p=4646"},"modified":"2026-02-12T17:00:26","modified_gmt":"2026-02-12T20:00:26","slug":"reanimador-manual-standard-adulto","status":"publish","type":"product","link":"https:\/\/www.protec.com.br\/en\/product\/reanimador-manual-standard-adulto\/","title":{"rendered":"REANIMADOR MANUAL STANDARD ADULTO"},"content":{"rendered":"<div class=\"hide-scrollbar markdown prose relative w-full max-w-none overflow-x-scroll break-words text-base leading-7 first:mt-0 prose-headings:first:mt-0 prose-strong:font-bold prose-thead:font-bold light:text-[#3E4247] dark:text-[#EBEBEB] prose-headings:light:text-[#3E4247] animate-typing\">\n<div>\n<div>\n<h2 class=\"mb-2 mt-4 text-[1.5rem]\/[2.25rem] font-bold\">Reanimador Manual STANDARD: Qualidade, Praticidade e desempenho em Reanima\u00e7\u00e3o<\/h2>\n<\/div>\n<\/div>\n<\/div>\n<div class=\"hide-scrollbar markdown prose relative w-full max-w-none overflow-x-scroll break-words text-base leading-7 first:mt-0 prose-headings:first:mt-0 prose-strong:font-bold prose-thead:font-bold light:text-[#3E4247] dark:text-[#EBEBEB] prose-headings:light:text-[#3E4247]\">\n<div>\n<div>\n<p class=\"mb-3 mt-0\" data-copy-text=\"true\">O <strong>Reanimador Manual STANDARD Protec<\/strong> foi desenvolvido para atender as necessidades de profissionais da sa\u00fade com efici\u00eancia, seguran\u00e7a e alto desempenho. Projetado conforme rigorosos padr\u00f5es de qualidade e fabricado com materiais de alto desempenho, este equipamento \u00e9 a op\u00e7\u00e3o ideal para quem busca praticidade aliado \u00e0 durabilidade em procedimentos de reanima\u00e7\u00e3o.<\/p>\n<\/div>\n<\/div>\n<\/div>\n<div class=\"hide-scrollbar markdown prose relative w-full max-w-none overflow-x-scroll break-words text-base leading-7 first:mt-0 prose-headings:first:mt-0 prose-strong:font-bold prose-thead:font-bold light:text-[#3E4247] dark:text-[#EBEBEB] prose-headings:light:text-[#3E4247]\">\n<div>\n<div>\n<p class=\"mb-3 mt-0\" data-copy-text=\"true\">Robusto, confi\u00e1vel e seguro, o Reanimador STANDARD \u00e9 uma escolha indispens\u00e1vel para cl\u00ednicas, hospitais e servi\u00e7os de emerg\u00eancia m\u00e9dica, destacando-se pela sua excelente rela\u00e7\u00e3o custo-benef\u00edcio.<\/p>\n<\/div>\n<\/div>\n<\/div>\n<div class=\"hide-scrollbar markdown prose relative w-full max-w-none overflow-x-scroll break-words text-base leading-7 first:mt-0 prose-headings:first:mt-0 prose-strong:font-bold prose-thead:font-bold light:text-[#3E4247] dark:text-[#EBEBEB] prose-headings:light:text-[#3E4247] animate-typing\">\n<div>\n<div>\n<h5 class=\"mb-2 mt-4 text-[1.25rem]\/[2rem] font-bold\">Constru\u00e7\u00e3o de Alta Qualidade para M\u00e1xima Efici\u00eancia<\/h5>\n<\/div>\n<\/div>\n<\/div>\n<div class=\"hide-scrollbar markdown prose relative w-full max-w-none overflow-x-scroll break-words text-base leading-7 first:mt-0 prose-headings:first:mt-0 prose-strong:font-bold prose-thead:font-bold light:text-[#3E4247] dark:text-[#EBEBEB] prose-headings:light:text-[#3E4247]\">\n<div>\n<div>\n<p class=\"mb-3 mt-0\" data-copy-text=\"true\">O destaque do <strong>Reanimador Manual STANDARD<\/strong> est\u00e1 em sua composi\u00e7\u00e3o com materiais de grau farmac\u00eautico que asseguram <strong>durabilidade prolongada, resist\u00eancia a ciclos m\u00faltiplos de esteriliza\u00e7\u00e3o<\/strong> e excel\u00eancia no desempenho.<\/p>\n<\/div>\n<\/div>\n<\/div>\n<div class=\"hide-scrollbar markdown prose relative w-full max-w-none overflow-x-scroll break-words text-base leading-7 first:mt-0 prose-headings:first:mt-0 prose-strong:font-bold prose-thead:font-bold light:text-[#3E4247] dark:text-[#EBEBEB] prose-headings:light:text-[#3E4247]\">\n<div>\n<div>\n<ul class=\"mb-2 mt-0\">\n<li class=\"my-[5px] first:mt-0 last:mb-0\" data-copy-text=\"true\">\n<p class=\"mb-3 mt-0\" data-copy-text=\"true\"><strong>Bal\u00e3o e reservat\u00f3rio:<\/strong> Projetados em <strong>silicone de grau farmac\u00eautico<\/strong> certificado pela <strong>ISO 10.993<\/strong> para garantir o mais alto n\u00edvel de biocompatibilidade e seguran\u00e7a. Estes componentes demonstram alta <strong>resist\u00eancia \u00e0s varia\u00e7\u00f5es de temperatura<\/strong> e suportam diversos ciclos de autoclavagem a <strong>121\u00b0C<\/strong>, mantendo suas propriedades de efici\u00eancia sem deforma\u00e7\u00e3o.<\/p>\n<\/li>\n<li class=\"my-[5px] first:mt-0 last:mb-0\" data-copy-text=\"true\">\n<p class=\"mb-3 mt-0\" data-copy-text=\"true\"><strong>M\u00e1scaras de silicone:<\/strong> Como ferramenta fundamental em procedimentos de reanima\u00e7\u00e3o, as m\u00e1scaras dos Reanimadores STANDARD foram otimizadas em silicone para proporcionar um ajuste perfeito e confort\u00e1vel no rosto dos pacientes. Al\u00e9m disso, todas s\u00e3o autoclav\u00e1veis a <strong>121\u00b0C<\/strong>, oferecendo maior seguran\u00e7a e <strong>prote\u00e7\u00e3o contra o risco de infec\u00e7\u00f5es cruzadas<\/strong>.<\/p>\n<\/li>\n<\/ul>\n<\/div>\n<\/div>\n<\/div>\n<div class=\"hide-scrollbar markdown prose relative w-full max-w-none overflow-x-scroll break-words text-base leading-7 first:mt-0 prose-headings:first:mt-0 prose-strong:font-bold prose-thead:font-bold light:text-[#3E4247] dark:text-[#EBEBEB] prose-headings:light:text-[#3E4247]\">\n<div>\n<div>\n<p class=\"mb-3 mt-0\" data-copy-text=\"true\">O design funcional e resistente do Reanimador STANDARD assegura a entrega de oxig\u00eanio de forma consistente e eficiente durante as tentativas de estabiliza\u00e7\u00e3o respirat\u00f3ria, sendo altamente confi\u00e1vel at\u00e9 mesmo em condi\u00e7\u00f5es severas.<\/p>\n<\/div>\n<\/div>\n<\/div>\n<div class=\"hide-scrollbar markdown prose relative w-full max-w-none overflow-x-scroll break-words text-base leading-7 first:mt-0 prose-headings:first:mt-0 prose-strong:font-bold prose-thead:font-bold light:text-[#3E4247] dark:text-[#EBEBEB] prose-headings:light:text-[#3E4247] animate-typing\">\n<div>\n<div>\n<h5 class=\"mb-2 mt-4 text-[1.25rem]\/[2rem] font-bold\">Totalmente Autoclav\u00e1vel e Confi\u00e1vel<\/h5>\n<\/div>\n<\/div>\n<\/div>\n<div class=\"hide-scrollbar markdown prose relative w-full max-w-none overflow-x-scroll break-words text-base leading-7 first:mt-0 prose-headings:first:mt-0 prose-strong:font-bold prose-thead:font-bold light:text-[#3E4247] dark:text-[#EBEBEB] prose-headings:light:text-[#3E4247]\">\n<div>\n<div>\n<p class=\"mb-3 mt-0\" data-copy-text=\"true\">Um dos principais diferenciais do <strong>Reanimador Manual STANDARD Protec<\/strong> \u00e9 sua capacidade de autoclavagem a at\u00e9 <strong>121\u00b0C<\/strong>, essencial para garantir a <strong>seguran\u00e7a sanit\u00e1ria<\/strong> exigida por ambientes m\u00e9dicos cr\u00edticos. Essa caracter\u00edstica torna o produto facilmente reutiliz\u00e1vel por longos per\u00edodos de tempo, reduzindo custos operacionais e oferecendo um excelente <strong>custo-benef\u00edcio<\/strong> para servi\u00e7os de sa\u00fade.<\/p>\n<\/div>\n<\/div>\n<\/div>\n<div class=\"hide-scrollbar markdown prose relative w-full max-w-none overflow-x-scroll break-words text-base leading-7 first:mt-0 prose-headings:first:mt-0 prose-strong:font-bold prose-thead:font-bold light:text-[#3E4247] dark:text-[#EBEBEB] prose-headings:light:text-[#3E4247]\">\n<div>\n<div>\n<p class=\"mb-3 mt-0\" data-copy-text=\"true\">Al\u00e9m disso, a certifica\u00e7\u00e3o ISO 10.993 refor\u00e7a a confian\u00e7a na biocompatibilidade dos componentes do produto, assegurando que ele pode ser utilizado com diversos perfis de pacientes sem risco de rea\u00e7\u00f5es adversas.<\/p>\n<\/div>\n<\/div>\n<\/div>\n<div class=\"hide-scrollbar markdown prose relative w-full max-w-none overflow-x-scroll break-words text-base leading-7 first:mt-0 prose-headings:first:mt-0 prose-strong:font-bold prose-thead:font-bold light:text-[#3E4247] dark:text-[#EBEBEB] prose-headings:light:text-[#3E4247] animate-typing\">\n<div>\n<div>\n<h5 class=\"mb-2 mt-4 text-[1.25rem]\/[2rem] font-bold\">Benef\u00edcios para Profissionais e Pacientes<\/h5>\n<\/div>\n<\/div>\n<\/div>\n<div class=\"hide-scrollbar markdown prose relative w-full max-w-none overflow-x-scroll break-words text-base leading-7 first:mt-0 prose-headings:first:mt-0 prose-strong:font-bold prose-thead:font-bold light:text-[#3E4247] dark:text-[#EBEBEB] prose-headings:light:text-[#3E4247]\">\n<div>\n<div>\n<p class=\"mb-3 mt-0\" data-copy-text=\"true\">O <strong>Reanimador STANDARD Protec<\/strong> foi desenvolvido pensando tanto no profissional de sa\u00fade quanto na efic\u00e1cia para o paciente. Com foco na funcionalidade, simplicidade e alta performance, o equipamento apresenta uma s\u00e9rie de benef\u00edcios que o destacam no mercado:<\/p>\n<\/div>\n<\/div>\n<\/div>\n<div class=\"hide-scrollbar markdown prose relative w-full max-w-none overflow-x-scroll break-words text-base leading-7 first:mt-0 prose-headings:first:mt-0 prose-strong:font-bold prose-thead:font-bold light:text-[#3E4247] dark:text-[#EBEBEB] prose-headings:light:text-[#3E4247]\">\n<div>\n<div>\n<ul class=\"mb-2 mt-0\">\n<li class=\"my-[5px] first:mt-0 last:mb-0\" data-copy-text=\"true\">\n<p class=\"mb-3 mt-0\" data-copy-text=\"true\"><strong>Praticidade no uso di\u00e1rio:<\/strong> Com um design leve e ergon\u00f4mico, o reanimador facilita o manuseio pelo profissional de sa\u00fade, mesmo em situa\u00e7\u00f5es cr\u00edticas.<\/p>\n<\/li>\n<li class=\"my-[5px] first:mt-0 last:mb-0\" data-copy-text=\"true\">\n<p class=\"mb-3 mt-0\" data-copy-text=\"true\"><strong>Efici\u00eancia em situa\u00e7\u00f5es cr\u00edticas:<\/strong> O sistema de bal\u00e3o e v\u00e1lvulas foi projetado para otimizar a entrega de ventila\u00e7\u00e3o ao paciente, contribuindo para resultados r\u00e1pidos e eficazes em emerg\u00eancias ou durante a reanima\u00e7\u00e3o.<\/p>\n<\/li>\n<li class=\"my-[5px] first:mt-0 last:mb-0\" data-copy-text=\"true\">\n<p class=\"mb-3 mt-0\" data-copy-text=\"true\"><strong>Durabilidade de materiais:<\/strong> Constru\u00eddo para suportar esteriliza\u00e7\u00f5es repetidas sem perdas qualitativas, o Reanimador STANDARD mant\u00e9m sua resist\u00eancia e funcionalidade mesmo ap\u00f3s uso frequente, reduzindo a necessidade de substitui\u00e7\u00e3o.<\/p>\n<\/li>\n<li class=\"my-[5px] first:mt-0 last:mb-0\" data-copy-text=\"true\">\n<p class=\"mb-3 mt-0\" data-copy-text=\"true\"><strong>Seguran\u00e7a garantida:<\/strong> Certificado e biocompat\u00edvel, o equipamento oferece tranquilidade ao profissional de sa\u00fade e seguran\u00e7a para os pacientes.<\/p>\n<\/li>\n<\/ul>\n<\/div>\n<\/div>\n<\/div>\n<div class=\"hide-scrollbar markdown prose relative w-full max-w-none overflow-x-scroll break-words text-base leading-7 first:mt-0 prose-headings:first:mt-0 prose-strong:font-bold prose-thead:font-bold light:text-[#3E4247] dark:text-[#EBEBEB] prose-headings:light:text-[#3E4247]\">\n<div>\n<div>\n<p class=\"mb-3 mt-0\" data-copy-text=\"true\">Seu projeto robusto e desempenho confi\u00e1vel o tornam adequado para diferentes aplica\u00e7\u00f5es, incluindo emerg\u00eancias hospitalares, uso em UTIs, cl\u00ednicas e atendimento pr\u00e9-hospitalar.<\/p>\n<\/div>\n<\/div>\n<\/div>\n<div class=\"hide-scrollbar markdown prose relative w-full max-w-none overflow-x-scroll break-words text-base leading-7 first:mt-0 prose-headings:first:mt-0 prose-strong:font-bold prose-thead:font-bold light:text-[#3E4247] dark:text-[#EBEBEB] prose-headings:light:text-[#3E4247] animate-typing\">\n<div>\n<div>\n<h5 class=\"mb-2 mt-4 text-[1.25rem]\/[2rem] font-bold\">Diferenciais Exclusivos no Mercado Nacional<\/h5>\n<\/div>\n<\/div>\n<\/div>\n<div class=\"hide-scrollbar markdown prose relative w-full max-w-none overflow-x-scroll break-words text-base leading-7 first:mt-0 prose-headings:first:mt-0 prose-strong:font-bold prose-thead:font-bold light:text-[#3E4247] dark:text-[#EBEBEB] prose-headings:light:text-[#3E4247]\">\n<div>\n<div>\n<p class=\"mb-3 mt-0\" data-copy-text=\"true\">Com fabrica\u00e7\u00e3o nacional, os <a href=\"https:\/\/inaloterapia.protec.com.br\/reanimador-standard\" target=\"_blank\" rel=\"noopener\"><strong>Reanimadores Manuais STANDARD Protec<\/strong><\/a> impressionam pela uni\u00e3o de tecnologia avan\u00e7ada e excelente custo-benef\u00edcio. Eles foram desenvolvidos para atender as principais demandas dos sistemas de sa\u00fade no Brasil, al\u00e9m de competir com produtos internacionais em desempenho e durabilidade.<\/p>\n<\/div>\n<\/div>\n<\/div>\n<div class=\"hide-scrollbar markdown prose relative w-full max-w-none overflow-x-scroll break-words text-base leading-7 first:mt-0 prose-headings:first:mt-0 prose-strong:font-bold prose-thead:font-bold light:text-[#3E4247] dark:text-[#EBEBEB] prose-headings:light:text-[#3E4247]\">\n<div>\n<div>\n<p class=\"mb-3 mt-0\" data-copy-text=\"true\">Essa efici\u00eancia \u00e9 garantida por caracter\u00edsticas como:<\/p>\n<\/div>\n<\/div>\n<\/div>\n<div class=\"hide-scrollbar markdown prose relative w-full max-w-none overflow-x-scroll break-words text-base leading-7 first:mt-0 prose-headings:first:mt-0 prose-strong:font-bold prose-thead:font-bold light:text-[#3E4247] dark:text-[#EBEBEB] prose-headings:light:text-[#3E4247]\">\n<div>\n<div>\n<ul class=\"mb-2 mt-0\">\n<li class=\"my-[5px] first:mt-0 last:mb-0\" data-copy-text=\"true\">Materiais de grau farmac\u00eautico aprovados por normas internacionais;<\/li>\n<li class=\"my-[5px] first:mt-0 last:mb-0\" data-copy-text=\"true\">Capacidade de suportar autoclavagem a 121\u00b0C para reuso seguro e sustent\u00e1vel;<\/li>\n<li class=\"my-[5px] first:mt-0 last:mb-0\" data-copy-text=\"true\">M\u00e1scaras de silicone de alta qualidade que se destacam pela precis\u00e3o no ajuste e conforto ao paciente.<\/li>\n<\/ul>\n<\/div>\n<\/div>\n<\/div>\n<div class=\"hide-scrollbar markdown prose relative w-full max-w-none overflow-x-scroll break-words text-base leading-7 first:mt-0 prose-headings:first:mt-0 prose-strong:font-bold prose-thead:font-bold light:text-[#3E4247] dark:text-[#EBEBEB] prose-headings:light:text-[#3E4247]\">\n<div>\n<div>\n<p class=\"mb-3 mt-0\" data-copy-text=\"true\">Ao optar por um produto fabricado no Brasil, voc\u00ea tamb\u00e9m contribui para o fortalecimento da ind\u00fastria nacional, sem precisar abrir m\u00e3o de qualidade reconhecida.<\/p>\n<p data-copy-text=\"true\"><a href=\"https:\/\/www.protec.com.br\/categoria-produto\/menu-inaloterapia\/reanimadores-standard\/\">Clique aqui<\/a> e conhe\u00e7a toda a linha de reanimadores manuais standard<\/p>\n<\/div>\n<\/div>\n<\/div>\n","protected":false},"excerpt":{"rendered":"<p>The <strong>Reanimador Manual STANDARD Protec<\/strong> foi desenvolvido para atender as necessidades de profissionais da sa\u00fade com efici\u00eancia, seguran\u00e7a e alto desempenho.<\/p>\n<p><strong>RMS<\/strong>: 80435140013<\/p>","protected":false},"featured_media":28655,"template":"","meta":{"_acf_changed":false},"product_brand":[],"product_cat":[25,65,474],"product_tag":[],"class_list":{"0":"post-4646","1":"product","2":"type-product","3":"status-publish","4":"has-post-thumbnail","6":"product_cat-menu-inaloterapia","7":"product_cat-principais","8":"product_cat-reanimador-manual-standard","10":"first","11":"instock","12":"virtual","13":"taxable","14":"purchasable","15":"product-type-simple"},"acf":[],"_links":{"self":[{"href":"https:\/\/www.protec.com.br\/en\/wp-json\/wp\/v2\/product\/4646","targetHints":{"allow":["GET"]}}],"collection":[{"href":"https:\/\/www.protec.com.br\/en\/wp-json\/wp\/v2\/product"}],"about":[{"href":"https:\/\/www.protec.com.br\/en\/wp-json\/wp\/v2\/types\/product"}],"version-history":[{"count":4,"href":"https:\/\/www.protec.com.br\/en\/wp-json\/wp\/v2\/product\/4646\/revisions"}],"predecessor-version":[{"id":39586,"href":"https:\/\/www.protec.com.br\/en\/wp-json\/wp\/v2\/product\/4646\/revisions\/39586"}],"wp:featuredmedia":[{"embeddable":true,"href":"https:\/\/www.protec.com.br\/en\/wp-json\/wp\/v2\/media\/28655"}],"wp:attachment":[{"href":"https:\/\/www.protec.com.br\/en\/wp-json\/wp\/v2\/media?parent=4646"}],"wp:term":[{"taxonomy":"product_brand","embeddable":true,"href":"https:\/\/www.protec.com.br\/en\/wp-json\/wp\/v2\/product_brand?post=4646"},{"taxonomy":"product_cat","embeddable":true,"href":"https:\/\/www.protec.com.br\/en\/wp-json\/wp\/v2\/product_cat?post=4646"},{"taxonomy":"product_tag","embeddable":true,"href":"https:\/\/www.protec.com.br\/en\/wp-json\/wp\/v2\/product_tag?post=4646"}],"curies":[{"name":"wp","href":"https:\/\/api.w.org\/{rel}","templated":true}]}}