{"id":4615,"date":"2022-06-10T15:36:18","date_gmt":"2022-06-10T18:36:18","guid":{"rendered":"https:\/\/www.protec.com.br\/?post_type=product&#038;p=4615"},"modified":"2026-02-12T16:18:47","modified_gmt":"2026-02-12T19:18:47","slug":"extensao-silicone-200m-o128mmx72mm-para-aspirador-evolution","status":"publish","type":"product","link":"https:\/\/www.protec.com.br\/en\/product\/extensao-silicone-200m-o128mmx72mm-para-aspirador-evolution\/","title":{"rendered":"EXTENS\u00c3O SILICONE 2,00M \u00d8(12,8MMX7,2MM) PARA ASPIRADOR EVOLUTION"},"content":{"rendered":"<p>EXTENS\u00c3O SILICONE \u00d8 12,8 X \u00d8 7,2 (2 METROS) PARA ASPIRADOR\u00a0 EVOLUTION<\/p>","protected":false},"excerpt":{"rendered":"<p>EXTENS\u00c3O SILICONE \u00d8 12,8 X \u00d8 7,2 (2 METROS) PARA ASPIRADOR\u00a0 EVOLUTION<\/p>","protected":false},"featured_media":28643,"template":"","meta":{"_acf_changed":false},"product_brand":[],"product_cat":[215],"product_tag":[],"class_list":{"0":"post-4615","1":"product","2":"type-product","3":"status-publish","4":"has-post-thumbnail","6":"product_cat-acessorios-para-aspiradores-evolution","8":"first","9":"instock","10":"virtual","11":"taxable","12":"purchasable","13":"product-type-simple"},"acf":[],"_links":{"self":[{"href":"https:\/\/www.protec.com.br\/en\/wp-json\/wp\/v2\/product\/4615","targetHints":{"allow":["GET"]}}],"collection":[{"href":"https:\/\/www.protec.com.br\/en\/wp-json\/wp\/v2\/product"}],"about":[{"href":"https:\/\/www.protec.com.br\/en\/wp-json\/wp\/v2\/types\/product"}],"version-history":[{"count":2,"href":"https:\/\/www.protec.com.br\/en\/wp-json\/wp\/v2\/product\/4615\/revisions"}],"predecessor-version":[{"id":43757,"href":"https:\/\/www.protec.com.br\/en\/wp-json\/wp\/v2\/product\/4615\/revisions\/43757"}],"wp:featuredmedia":[{"embeddable":true,"href":"https:\/\/www.protec.com.br\/en\/wp-json\/wp\/v2\/media\/28643"}],"wp:attachment":[{"href":"https:\/\/www.protec.com.br\/en\/wp-json\/wp\/v2\/media?parent=4615"}],"wp:term":[{"taxonomy":"product_brand","embeddable":true,"href":"https:\/\/www.protec.com.br\/en\/wp-json\/wp\/v2\/product_brand?post=4615"},{"taxonomy":"product_cat","embeddable":true,"href":"https:\/\/www.protec.com.br\/en\/wp-json\/wp\/v2\/product_cat?post=4615"},{"taxonomy":"product_tag","embeddable":true,"href":"https:\/\/www.protec.com.br\/en\/wp-json\/wp\/v2\/product_tag?post=4615"}],"curies":[{"name":"wp","href":"https:\/\/api.w.org\/{rel}","templated":true}]}}