{"id":4593,"date":"2022-06-08T16:13:05","date_gmt":"2022-06-08T19:13:05","guid":{"rendered":"https:\/\/www.protec.com.br\/?post_type=product&#038;p=4593"},"modified":"2026-02-12T15:49:52","modified_gmt":"2026-02-12T18:49:52","slug":"frasco-para-aspiracao-30-litros","status":"publish","type":"product","link":"https:\/\/www.protec.com.br\/en\/product\/frasco-para-aspiracao-30-litros\/","title":{"rendered":"FRASCO PARA ASPIRA\u00c7\u00c3O 3,0 LITROS"},"content":{"rendered":"<p>The 3.0 liter aspiration bottle made of PP, designed for use in conjunction with a surgical aspiration pump, is intended to store liquids, secretions and blood aspirated during a hospital or clinical surgical procedure.<\/p>\n<p>Made of autoclavable polypropylene at 121\u00b0C, it has graduations in high relief, making it easy to visualize and read the aspirated volume. Its cap is sold separately and has a screw-on fastening, thus ensuring a better sealing of the aspiration bottle.<\/p>","protected":false},"excerpt":{"rendered":"<p>Os frascos para aspira\u00e7\u00e3o foram desenvolvidos para uso em equipamentos de aspira\u00e7\u00e3o, realizando a coleta de<br \/>\nsecre\u00e7\u00e3o durante o procedimento m\u00e9dico-hospitalar.<\/p>\n<p><strong>RMS:<\/strong> 80435140007<\/p>","protected":false},"featured_media":28634,"template":"","meta":{"_acf_changed":false},"product_brand":[],"product_cat":[220],"product_tag":[130,185,190,191],"class_list":{"0":"post-4593","1":"product","2":"type-product","3":"status-publish","4":"has-post-thumbnail","6":"product_cat-frasco-para-aspiracao","7":"product_tag-aspiracao","8":"product_tag-frasco","9":"product_tag-frasco-para-aspiracao","10":"product_tag-frasco-para-aspiracao-de-secrecoes","12":"first","13":"instock","14":"virtual","15":"taxable","16":"purchasable","17":"product-type-simple"},"acf":[],"_links":{"self":[{"href":"https:\/\/www.protec.com.br\/en\/wp-json\/wp\/v2\/product\/4593","targetHints":{"allow":["GET"]}}],"collection":[{"href":"https:\/\/www.protec.com.br\/en\/wp-json\/wp\/v2\/product"}],"about":[{"href":"https:\/\/www.protec.com.br\/en\/wp-json\/wp\/v2\/types\/product"}],"version-history":[{"count":1,"href":"https:\/\/www.protec.com.br\/en\/wp-json\/wp\/v2\/product\/4593\/revisions"}],"predecessor-version":[{"id":42363,"href":"https:\/\/www.protec.com.br\/en\/wp-json\/wp\/v2\/product\/4593\/revisions\/42363"}],"wp:featuredmedia":[{"embeddable":true,"href":"https:\/\/www.protec.com.br\/en\/wp-json\/wp\/v2\/media\/28634"}],"wp:attachment":[{"href":"https:\/\/www.protec.com.br\/en\/wp-json\/wp\/v2\/media?parent=4593"}],"wp:term":[{"taxonomy":"product_brand","embeddable":true,"href":"https:\/\/www.protec.com.br\/en\/wp-json\/wp\/v2\/product_brand?post=4593"},{"taxonomy":"product_cat","embeddable":true,"href":"https:\/\/www.protec.com.br\/en\/wp-json\/wp\/v2\/product_cat?post=4593"},{"taxonomy":"product_tag","embeddable":true,"href":"https:\/\/www.protec.com.br\/en\/wp-json\/wp\/v2\/product_tag?post=4593"}],"curies":[{"name":"wp","href":"https:\/\/api.w.org\/{rel}","templated":true}]}}