{"id":4581,"date":"2022-06-06T17:16:23","date_gmt":"2022-06-06T20:16:23","guid":{"rendered":"https:\/\/www.protec.com.br\/?post_type=product&#038;p=4581"},"modified":"2026-02-12T10:30:24","modified_gmt":"2026-02-12T13:30:24","slug":"jogo-de-canula-para-aspirador-cirurgicos-3-canulas","status":"publish","type":"product","link":"https:\/\/www.protec.com.br\/en\/product\/jogo-de-canula-para-aspirador-cirurgicos-3-canulas\/","title":{"rendered":"JOGO DE C\u00c2NULA PARA ASPIRADOR CIR\u00daRGICOS (3 C\u00c2NULAS)"},"content":{"rendered":"<p>JOGO DE C\u00c2NULA PARA ASPIRADOR CIR\u00daRGICOS (3 C\u00c2NULAS)<\/p>\n<p>&nbsp;<\/p>","protected":false},"excerpt":{"rendered":"<p>JOGO DE C\u00c2NULA PARA ASPIRADOR CIR\u00daRGICOS (3 C\u00c2NULAS)<\/p>\n<p>HALF CURVED CANNULA WITHOUT SPHERE<\/p>\n<p>HALF CURVED CANNULA WITH SPHERE<\/p>\n<p>FULLY CURVED CANNULA WITH SPHERE<\/p>\n<p>&nbsp;<\/p>","protected":false},"featured_media":28628,"template":"","meta":{"_acf_changed":false},"product_brand":[],"product_cat":[215,221],"product_tag":[],"class_list":{"0":"post-4581","1":"product","2":"type-product","3":"status-publish","4":"has-post-thumbnail","6":"product_cat-acessorios-para-aspiradores-evolution","7":"product_cat-kits-de-reposicao-aspiradores-cirurgicos","9":"first","10":"instock","11":"virtual","12":"taxable","13":"purchasable","14":"product-type-simple"},"acf":[],"_links":{"self":[{"href":"https:\/\/www.protec.com.br\/en\/wp-json\/wp\/v2\/product\/4581","targetHints":{"allow":["GET"]}}],"collection":[{"href":"https:\/\/www.protec.com.br\/en\/wp-json\/wp\/v2\/product"}],"about":[{"href":"https:\/\/www.protec.com.br\/en\/wp-json\/wp\/v2\/types\/product"}],"version-history":[{"count":1,"href":"https:\/\/www.protec.com.br\/en\/wp-json\/wp\/v2\/product\/4581\/revisions"}],"predecessor-version":[{"id":43718,"href":"https:\/\/www.protec.com.br\/en\/wp-json\/wp\/v2\/product\/4581\/revisions\/43718"}],"wp:featuredmedia":[{"embeddable":true,"href":"https:\/\/www.protec.com.br\/en\/wp-json\/wp\/v2\/media\/28628"}],"wp:attachment":[{"href":"https:\/\/www.protec.com.br\/en\/wp-json\/wp\/v2\/media?parent=4581"}],"wp:term":[{"taxonomy":"product_brand","embeddable":true,"href":"https:\/\/www.protec.com.br\/en\/wp-json\/wp\/v2\/product_brand?post=4581"},{"taxonomy":"product_cat","embeddable":true,"href":"https:\/\/www.protec.com.br\/en\/wp-json\/wp\/v2\/product_cat?post=4581"},{"taxonomy":"product_tag","embeddable":true,"href":"https:\/\/www.protec.com.br\/en\/wp-json\/wp\/v2\/product_tag?post=4581"}],"curies":[{"name":"wp","href":"https:\/\/api.w.org\/{rel}","templated":true}]}}