{"id":33718,"date":"2024-09-13T12:23:24","date_gmt":"2024-09-13T15:23:24","guid":{"rendered":"https:\/\/www.protec.com.br\/?post_type=product&#038;p=33718"},"modified":"2026-02-13T11:18:40","modified_gmt":"2026-02-13T14:18:40","slug":"conector-cotovelo-22mx15mx15f","status":"publish","type":"product","link":"https:\/\/www.protec.com.br\/en\/product\/conector-cotovelo-22mx15mx15f\/","title":{"rendered":"CONECTOR COTOVELO 22MX15MX15F"},"content":{"rendered":"<p>O conector em 90\u00b0 tamb\u00e9m \u00e9 conhecido como conector cotovelo ou conector em &#8220;L&#8221;, realiza a liga\u00e7\u00e3o entre a c\u00e2nula de traqueostomia e o espa\u00e7o morto (cateter mount), para proporcionar mais conforto ao paciente.<\/p>\n<p><strong>CONECTOR COTOVELO 22MX15MX15F<\/strong><\/p>\n<p><strong>RMS: 80435140044 (PSU)<\/strong><\/p>","protected":false},"excerpt":{"rendered":"<p>O conector em 90\u00b0 tamb\u00e9m \u00e9 conhecido como conector cotovelo ou conector em &#8220;L&#8221;, realiza a liga\u00e7\u00e3o entre a c\u00e2nula de traqueostomia e o espa\u00e7o morto (cateter mount), para proporcionar mais conforto ao paciente.<\/p>\n<p><strong>CONECTOR COTOVELO 22MX15MX15F<\/strong><\/p>\n<p><strong>RMS: 80435140044 (PSU)<\/strong><\/p>","protected":false},"featured_media":33720,"template":"","meta":{"_acf_changed":false},"product_brand":[],"product_cat":[21,277],"product_tag":[],"class_list":{"0":"post-33718","1":"product","2":"type-product","3":"status-publish","4":"has-post-thumbnail","6":"product_cat-menu-anestesia","7":"product_cat-conectores-cotovelo","9":"first","10":"instock","11":"taxable","12":"shipping-taxable","13":"purchasable","14":"product-type-simple"},"acf":[],"_links":{"self":[{"href":"https:\/\/www.protec.com.br\/en\/wp-json\/wp\/v2\/product\/33718","targetHints":{"allow":["GET"]}}],"collection":[{"href":"https:\/\/www.protec.com.br\/en\/wp-json\/wp\/v2\/product"}],"about":[{"href":"https:\/\/www.protec.com.br\/en\/wp-json\/wp\/v2\/types\/product"}],"version-history":[{"count":2,"href":"https:\/\/www.protec.com.br\/en\/wp-json\/wp\/v2\/product\/33718\/revisions"}],"predecessor-version":[{"id":41758,"href":"https:\/\/www.protec.com.br\/en\/wp-json\/wp\/v2\/product\/33718\/revisions\/41758"}],"wp:featuredmedia":[{"embeddable":true,"href":"https:\/\/www.protec.com.br\/en\/wp-json\/wp\/v2\/media\/33720"}],"wp:attachment":[{"href":"https:\/\/www.protec.com.br\/en\/wp-json\/wp\/v2\/media?parent=33718"}],"wp:term":[{"taxonomy":"product_brand","embeddable":true,"href":"https:\/\/www.protec.com.br\/en\/wp-json\/wp\/v2\/product_brand?post=33718"},{"taxonomy":"product_cat","embeddable":true,"href":"https:\/\/www.protec.com.br\/en\/wp-json\/wp\/v2\/product_cat?post=33718"},{"taxonomy":"product_tag","embeddable":true,"href":"https:\/\/www.protec.com.br\/en\/wp-json\/wp\/v2\/product_tag?post=33718"}],"curies":[{"name":"wp","href":"https:\/\/api.w.org\/{rel}","templated":true}]}}